{"id":268,"date":"2023-02-17T08:08:39","date_gmt":"2023-02-17T08:08:39","guid":{"rendered":"https:\/\/bybatt.com\/?post_type=product&#038;p=268"},"modified":"2023-02-17T08:15:14","modified_gmt":"2023-02-17T08:15:14","slug":"12v-24v-36v-rechargeable-lifepo4-lithium-solar-battery-pack","status":"publish","type":"product","link":"https:\/\/bybatt.com\/fi\/tuote\/12v-24v-36v-rechargeable-lifepo4-lithium-solar-battery-pack\/","title":{"rendered":"12V 24V 36V ladattava LiFePO4 litium aurinkoparisto"},"content":{"rendered":"","protected":false},"excerpt":{"rendered":"<p>Esittelyss\u00e4 12 V 24 V 36 V ladattava LiFePO4 Lithium Solar Battery Pack, t\u00e4ydellinen ratkaisu energian varastointitarpeisiisi. Patentoidusta litiumrautafosfaatti (LiFePO\u2084) -kemiasta valmistettu akku on eritt\u00e4in monipuolinen ja sit\u00e4 voidaan k\u00e4ytt\u00e4\u00e4 monenlaisiin sovelluksiin.<br \/>\nLFP-3650:ss\u00e4 on sis\u00e4\u00e4nrakennettu akunhallintaj\u00e4rjestelm\u00e4 (BMS), joka varmistaa optimaalisen suorituskyvyn samalla, kun se est\u00e4\u00e4 ylikuumenemisen, ylilatauksen ja maksimoi solusyklin k\u00e4ytt\u00f6i\u00e4n. Sis\u00e4isen BMS:n (elektroninen siru) avulla akkua valvotaan reaaliajassa ja se h\u00e4lytt\u00e4\u00e4 k\u00e4ytt\u00e4j\u00e4lle, jos j\u00e4nnite- tai kapasiteettipoikkeavuuksia havaitaan.<br \/>\nLiFePO4-akku, jonka paino on vain puolet tai kolmasosa lyijyakun painosta, on ihanteellinen valinta veneisiin, matkailuautoihin, golfk\u00e4rryihin, moottoripy\u00f6riin ja off-grid-sovelluksiin. Lifepo4-litiumparistomme ovat my\u00f6s ymp\u00e4rist\u00f6yst\u00e4v\u00e4llisempi\u00e4 kuin SLA-akut, koska ne eiv\u00e4t sis\u00e4ll\u00e4 sy\u00f6vytt\u00e4vi\u00e4 tai haitallisia raskasmetalleja.<br \/>\nLifepo4-akuilla on alhainen purkausnopeus ja pitk\u00e4 k\u00e4ytt\u00f6ik\u00e4, ja niiden keskim\u00e4\u00e4r\u00e4inen k\u00e4ytt\u00f6ik\u00e4 on noin 5-10 vuotta. Ne pystyv\u00e4t k\u00e4sittelem\u00e4\u00e4n jopa 85%:n kapasiteettia 6 000 sykli\u00e4 suositelluissa olosuhteissa \u2013 8 000 kertaa (40% dod).<br \/>\n36 V:n 50 Ah:n litiumakku on rakennettu k\u00e4ytt\u00e4m\u00e4ll\u00e4 korkealaatuisia A-luokan 3,2 V LifePo4-akkukennoja, korkealaatuista BMS-j\u00e4rjestelm\u00e4\u00e4, metalli-\/SS-koteloa ja LCD-n\u00e4ytt\u00f6\u00e4 (n\u00e4ytt\u00f6) helpottamaan valvontaa. Se on suunniteltu tarjoamaan pitk\u00e4kestoinen ja luotettava suorituskyky, mik\u00e4 tekee siit\u00e4 myydyimm\u00e4n tuotteen.<br \/>\nP\u00e4ivit\u00e4 energiavarastoasi Lithium Battery Power 36V 50Ah Lithium Ion Batterylla ja nauti kevyen, ymp\u00e4rist\u00f6yst\u00e4v\u00e4llisen ja pitk\u00e4kestoisen virtal\u00e4hteen eduista.<\/p>","protected":false},"featured_media":269,"template":"","meta":{"_kad_post_transparent":"default","_kad_post_title":"","_kad_post_layout":"default","_kad_post_sidebar_id":"","_kad_post_content_style":"default","_kad_post_vertical_padding":"default","_kad_post_feature":"","_kad_post_feature_position":"","_kad_post_header":false,"_kad_post_footer":false},"product_cat":[25,30],"product_tag":[86,66,88,92,87,91,89,90,85],"class_list":["post-268","product","type-product","status-publish","has-post-thumbnail","hentry","product_cat-home-storage-battery","product_cat-solar-battery","product_tag-grade-a-36v-lithium-battery","product_tag-lifepo4-battery","product_tag-lifepo4-battery-for-electric-vehicle","product_tag-lifepo4-battery-packs","product_tag-lifepo4-lfp4-battery-50ah","product_tag-lifepo4-lithium-battery-for-solar","product_tag-lithium-battery-solar","product_tag-lithium-solar-batteries","product_tag-lithium-solar-battery","entry","content-bg","loop-entry"],"_links":{"self":[{"href":"https:\/\/bybatt.com\/fi\/wp-json\/wp\/v2\/product\/268","targetHints":{"allow":["GET"]}}],"collection":[{"href":"https:\/\/bybatt.com\/fi\/wp-json\/wp\/v2\/product"}],"about":[{"href":"https:\/\/bybatt.com\/fi\/wp-json\/wp\/v2\/types\/product"}],"wp:featuredmedia":[{"embeddable":true,"href":"https:\/\/bybatt.com\/fi\/wp-json\/wp\/v2\/media\/269"}],"wp:attachment":[{"href":"https:\/\/bybatt.com\/fi\/wp-json\/wp\/v2\/media?parent=268"}],"wp:term":[{"taxonomy":"product_cat","embeddable":true,"href":"https:\/\/bybatt.com\/fi\/wp-json\/wp\/v2\/product_cat?post=268"},{"taxonomy":"product_tag","embeddable":true,"href":"https:\/\/bybatt.com\/fi\/wp-json\/wp\/v2\/product_tag?post=268"}],"curies":[{"name":"wp","href":"https:\/\/api.w.org\/{rel}","templated":true}]}}