{"id":271,"date":"2023-02-17T13:19:40","date_gmt":"2023-02-17T13:19:40","guid":{"rendered":"https:\/\/bybatt.com\/?post_type=product&#038;p=271"},"modified":"2023-02-17T13:39:53","modified_gmt":"2023-02-17T13:39:53","slug":"high-voltage-home-storage-system-stackable-lifepo4-battery","status":"publish","type":"product","link":"https:\/\/bybatt.com\/fi\/tuote\/high-voltage-home-storage-system-stackable-lifepo4-battery\/","title":{"rendered":"Korkeaj\u00e4nnitteinen kotitallennusj\u00e4rjestelm\u00e4 Pinottava LiFePo4-akku"},"content":{"rendered":"","protected":false},"excerpt":{"rendered":"<p>Esittelyss\u00e4 High Voltage Home Storage System Pinottava LiFePo4-akku \u2013 t\u00e4ydellinen ratkaisu kotisi s\u00e4hk\u00f6tarpeisiin! T\u00e4m\u00e4n liikkuvan kodin energian varastointiakun k\u00e4ytt\u00f6ik\u00e4 on uskomaton 6000+ kertaa syv\u00e4, mik\u00e4 varmistaa, ett\u00e4 se kest\u00e4\u00e4 vuosia.<br \/>\nT\u00e4m\u00e4 akku on suunniteltu k\u00e4ytt\u00f6mukavuuttasi ajatellen, ja se tukee invertteriviestint\u00e4\u00e4 ja mukauttamista, joten voit r\u00e4\u00e4t\u00e4l\u00f6id\u00e4 sen vastaamaan erityistarpeitasi. Yhdell\u00e4 akulla, joka tarjoaa tehokkaan 10 kWh energiaa, t\u00e4m\u00e4 akku on t\u00e4ydellinen kodin s\u00e4hk\u00f6j\u00e4rjestelmiin ja kodin sovellusten lataamiseen.<br \/>\nTurvallisen suunnittelunsa ja vuototakuun ansiosta voit olla varma, ett\u00e4 t\u00e4m\u00e4 akku on luotettava ja huoleton valinta. Lis\u00e4ksi sen huoltovapaa muotoilu tekee siit\u00e4 uskomattoman helpon k\u00e4ytt\u00e4\u00e4 ja huoltaa.<br \/>\nT\u00e4m\u00e4 akku on suunniteltu k\u00e4ytett\u00e4v\u00e4ksi kodin aurinkos\u00e4hk\u00f6j\u00e4rjestelmiss\u00e4, ja siin\u00e4 on korkeampi energiatiheys ja \u00e4\u00e4rimm\u00e4inen k\u00e4ytt\u00f6ik\u00e4, mik\u00e4 varmistaa, ett\u00e4 se kest\u00e4\u00e4 pidemp\u00e4\u00e4n ja tarjoaa enemm\u00e4n virtaa kuin koskaan ennen. Ja sen alemman ty\u00f6nt\u00f6py\u00f6r\u00e4n muotoilun ansiosta sinun ei tarvitse huolehtia asennuksesta \u2013 se on yht\u00e4 helppoa kuin ty\u00f6nt\u00e4minen paikalleen!<br \/>\nT\u00e4m\u00e4 akku on suunniteltu maksimaaliseen tehokkuuteen, ja se tukee rinnakkaisk\u00e4ytt\u00f6\u00e4 ja tarjoaa yli 6000 syklin luotettavaa suorituskyky\u00e4. Sen akunhallintaj\u00e4rjestelm\u00e4 varmistaa, ett\u00e4 se toimii aina parhaalla mahdollisella tavalla, ja 95% DOD:n ja paremman k\u00e4ytt\u00f6kapasiteetin ansiosta sinulla on kaikki tarvittava teho kotisi sujuvaan toimintaan.<\/p>","protected":false},"featured_media":272,"template":"","meta":{"_kad_post_transparent":"default","_kad_post_title":"","_kad_post_layout":"default","_kad_post_sidebar_id":"","_kad_post_content_style":"default","_kad_post_vertical_padding":"default","_kad_post_feature":"","_kad_post_feature_position":"","_kad_post_header":false,"_kad_post_footer":false},"product_cat":[25,28],"product_tag":[95,99,96,97,94,93,98],"class_list":["post-271","product","type-product","status-publish","has-post-thumbnail","hentry","product_cat-home-storage-battery","product_cat-base-station-battery","product_tag-50kw-51-2v-lithium-battery","product_tag-home-storage-battery","product_tag-life-power-station","product_tag-prismatic-primary-off-lithium-battery-for-cycle","product_tag-stackable-energy-storage-systems","product_tag-stackable-lifepo4-battery","product_tag-stackable-lithium-battery","entry","content-bg","loop-entry"],"_links":{"self":[{"href":"https:\/\/bybatt.com\/fi\/wp-json\/wp\/v2\/product\/271","targetHints":{"allow":["GET"]}}],"collection":[{"href":"https:\/\/bybatt.com\/fi\/wp-json\/wp\/v2\/product"}],"about":[{"href":"https:\/\/bybatt.com\/fi\/wp-json\/wp\/v2\/types\/product"}],"wp:featuredmedia":[{"embeddable":true,"href":"https:\/\/bybatt.com\/fi\/wp-json\/wp\/v2\/media\/272"}],"wp:attachment":[{"href":"https:\/\/bybatt.com\/fi\/wp-json\/wp\/v2\/media?parent=271"}],"wp:term":[{"taxonomy":"product_cat","embeddable":true,"href":"https:\/\/bybatt.com\/fi\/wp-json\/wp\/v2\/product_cat?post=271"},{"taxonomy":"product_tag","embeddable":true,"href":"https:\/\/bybatt.com\/fi\/wp-json\/wp\/v2\/product_tag?post=271"}],"curies":[{"name":"wp","href":"https:\/\/api.w.org\/{rel}","templated":true}]}}