{"id":277,"date":"2023-02-17T13:41:35","date_gmt":"2023-02-17T13:41:35","guid":{"rendered":"https:\/\/bybatt.com\/?post_type=product&#038;p=277"},"modified":"2023-02-17T13:53:19","modified_gmt":"2023-02-17T13:53:19","slug":"lithium-iron-phosphate-lifepo4-solar-server-rack-batteries","status":"publish","type":"product","link":"https:\/\/bybatt.com\/fi\/tuote\/lithium-iron-phosphate-lifepo4-solar-server-rack-batteries\/","title":{"rendered":"Litium-rautafosfaatti LiFePO4 aurinkoenergiapalvelinteline-akut"},"content":{"rendered":"","protected":false},"excerpt":{"rendered":"<p>Esittelyss\u00e4 Litium Iron Phosphate (LiFePO4) -aurinkopalvelintelineakut, jotka on suunniteltu tarjoamaan luotettavaa ja tehokasta virran varastointia aurinkoenergiaj\u00e4rjestelm\u00e4\u00e4si. Kaikki akuissamme k\u00e4ytetyt kennot ovat 100% uusia, mik\u00e4 takaa optimaalisen suorituskyvyn ja pitk\u00e4n k\u00e4ytt\u00f6i\u00e4n.<br \/>\n240 V:n nimellisj\u00e4nnitteell\u00e4 ja 100 Ah:n nimelliskapasiteetilla n\u00e4m\u00e4 akut tarjoavat runsaasti tehoa, jotta j\u00e4rjestelm\u00e4si toimii sujuvasti. Ne kest\u00e4v\u00e4t 100 A:n enimm\u00e4islatausvirran ja 100 A:n enimm\u00e4ispurkausvirran, joten ne sopivat monenlaisiin sovelluksiin.<br \/>\nAkuissamme on CC\/CV-lataustila, ja niiss\u00e4 on valinnainen n\u00e4ytt\u00f6, jonka avulla voit seurata akun tilaa. Ne tukevat my\u00f6s tiedonsiirtoa RS485\/CAN-liit\u00e4nn\u00e4n kautta, jolloin voit integroida ne suurempaan energianhallintaj\u00e4rjestelm\u00e4\u00e4n.<br \/>\nTukevalla metallikuorella valmistetut akut kest\u00e4v\u00e4t monenlaisia l\u00e4mp\u00f6tiloja ja ymp\u00e4rist\u00f6olosuhteita. Akun mitat ovat 600*600*1530 mm, joten ne sopivat asennettavaksi palvelintelineisiin. Akun paino on noin 190 kg, joten se on helppo kuljettaa ja asentaa.<br \/>\nAkut on varustettu useilla suojaominaisuuksilla, kuten ylilataussuojalla, ylipurkautumissuojalla, ylivirtasuojalla ja muilla, mik\u00e4 takaa j\u00e4rjestelm\u00e4n turvallisuuden ja pitk\u00e4ik\u00e4isyyden.<\/p>","protected":false},"featured_media":278,"template":"","meta":{"_kad_post_transparent":"default","_kad_post_title":"","_kad_post_layout":"default","_kad_post_sidebar_id":"","_kad_post_content_style":"default","_kad_post_vertical_padding":"default","_kad_post_feature":"","_kad_post_feature_position":"","_kad_post_header":false,"_kad_post_footer":false},"product_cat":[25,28],"product_tag":[102,103,105,100,101,104],"class_list":["post-277","product","type-product","status-publish","has-post-thumbnail","hentry","product_cat-home-storage-battery","product_cat-base-station-battery","product_tag-48v-100ah-lifepo4-cart-battery","product_tag-communication-base-station","product_tag-lithium-ion-phosphate-battery","product_tag-server-rack-batteries","product_tag-server-rack-lifepo4-solar-batteries","product_tag-solar-pack-battery","entry","content-bg","loop-entry"],"_links":{"self":[{"href":"https:\/\/bybatt.com\/fi\/wp-json\/wp\/v2\/product\/277","targetHints":{"allow":["GET"]}}],"collection":[{"href":"https:\/\/bybatt.com\/fi\/wp-json\/wp\/v2\/product"}],"about":[{"href":"https:\/\/bybatt.com\/fi\/wp-json\/wp\/v2\/types\/product"}],"wp:featuredmedia":[{"embeddable":true,"href":"https:\/\/bybatt.com\/fi\/wp-json\/wp\/v2\/media\/278"}],"wp:attachment":[{"href":"https:\/\/bybatt.com\/fi\/wp-json\/wp\/v2\/media?parent=277"}],"wp:term":[{"taxonomy":"product_cat","embeddable":true,"href":"https:\/\/bybatt.com\/fi\/wp-json\/wp\/v2\/product_cat?post=277"},{"taxonomy":"product_tag","embeddable":true,"href":"https:\/\/bybatt.com\/fi\/wp-json\/wp\/v2\/product_tag?post=277"}],"curies":[{"name":"wp","href":"https:\/\/api.w.org\/{rel}","templated":true}]}}