{"id":280,"date":"2023-02-17T14:31:23","date_gmt":"2023-02-17T14:31:23","guid":{"rendered":"https:\/\/bybatt.com\/?post_type=product&#038;p=280"},"modified":"2023-03-05T16:17:53","modified_gmt":"2023-03-05T16:17:53","slug":"48v-telecom-base-station-battery-pack-power-system-solution","status":"publish","type":"product","link":"https:\/\/bybatt.com\/fi\/tuote\/48v-telecom-base-station-battery-pack-power-system-solution\/","title":{"rendered":"48V Telecom-tukiaseman akkuvirtaj\u00e4rjestelm\u00e4ratkaisu"},"content":{"rendered":"","protected":false},"excerpt":{"rendered":"<p>Esittelyss\u00e4 48 V Telecom-tukiaseman akkuvirtaj\u00e4rjestelm\u00e4ratkaisumme \u2013 \u00e4\u00e4rimm\u00e4inen ratkaisu tietoliikennetarpeisiisi.<br \/>\nAkkupakkauksessamme on 100% uusia kennoja, mik\u00e4 varmistaa, ett\u00e4 saat parhaan laadun ja suorituskyvyn akustasi. LiFePO4-akkutyyppi on eritt\u00e4in tehokas ja luotettava, joten se on t\u00e4ydellinen valinta tietoliikenteen tukiasemallesi.<br \/>\n240 V:n nimellisj\u00e4nnitteell\u00e4 ja 100 Ah:n nimelliskapasiteetilla t\u00e4m\u00e4 akkuyksikk\u00f6 pystyy toimittamaan luotettavaa virtaa tietoliikenteen tukiasemallesi. Akkupaketti on varustettu 100 A:n enimm\u00e4islatausvirralla ja 100 A:n suurimmalla purkausvirralla, mik\u00e4 mahdollistaa nopean ja tehokkaan lataamisen ja purkamisen.<br \/>\nAkkupakkauksessa on CC\/CV-lataustila, joka varmistaa, ett\u00e4 akkusi latautuu turvallisesti ja tehokkaasti. N\u00e4ytt\u00f6 on valinnainen, joten voit seurata akun suorituskyky\u00e4 helposti. Viestint\u00e4tyyppi RS485\/CAN mahdollistaa saumattoman viestinn\u00e4n tietoliikennetukiasemasi kanssa.<br \/>\nAkkupakettimme on suunniteltu toimimaan monenlaisissa l\u00e4mp\u00f6tiloissa ja ymp\u00e4rist\u00f6iss\u00e4, ja sen tukeva metallirakenne varmistaa sen kest\u00e4vyyden ja pitk\u00e4ik\u00e4isyyden. T\u00e4m\u00e4n akun mitat ovat 600*600*1530 mm ja paino 190 kg (noin), joten t\u00e4m\u00e4 akkupaketti on kompakti ja helppo asentaa.<br \/>\nAkkupakkaus on varustettu useilla suojaominaisuuksilla, mukaan lukien ylilataussuoja, ylipurkaussuoja, ylivirtasuoja ja paljon muuta. N\u00e4iden suojausten avulla voit olla varma, ett\u00e4 akkupakettisi on turvallinen ja luotettava.<\/p>","protected":false},"featured_media":281,"template":"","meta":{"_kad_post_transparent":"default","_kad_post_title":"","_kad_post_layout":"default","_kad_post_sidebar_id":"","_kad_post_content_style":"default","_kad_post_vertical_padding":"default","_kad_post_feature":"","_kad_post_feature_position":"","_kad_post_header":false,"_kad_post_footer":false},"product_cat":[25,28],"product_tag":[111,110,106,108,107,112,109],"class_list":["post-280","product","type-product","status-publish","has-post-thumbnail","hentry","product_cat-home-storage-battery","product_cat-base-station-battery","product_tag-48v-50ah-lifepo4-battery","product_tag-48v-lifepo4-battery-pack","product_tag-base-station-battery","product_tag-base-station-battery-kit","product_tag-base-station-battery-packs","product_tag-battery-pack-rack-type","product_tag-lifepo4-battery-pack","entry","content-bg","loop-entry"],"_links":{"self":[{"href":"https:\/\/bybatt.com\/fi\/wp-json\/wp\/v2\/product\/280","targetHints":{"allow":["GET"]}}],"collection":[{"href":"https:\/\/bybatt.com\/fi\/wp-json\/wp\/v2\/product"}],"about":[{"href":"https:\/\/bybatt.com\/fi\/wp-json\/wp\/v2\/types\/product"}],"wp:featuredmedia":[{"embeddable":true,"href":"https:\/\/bybatt.com\/fi\/wp-json\/wp\/v2\/media\/281"}],"wp:attachment":[{"href":"https:\/\/bybatt.com\/fi\/wp-json\/wp\/v2\/media?parent=280"}],"wp:term":[{"taxonomy":"product_cat","embeddable":true,"href":"https:\/\/bybatt.com\/fi\/wp-json\/wp\/v2\/product_cat?post=280"},{"taxonomy":"product_tag","embeddable":true,"href":"https:\/\/bybatt.com\/fi\/wp-json\/wp\/v2\/product_tag?post=280"}],"curies":[{"name":"wp","href":"https:\/\/api.w.org\/{rel}","templated":true}]}}