{"id":288,"date":"2023-02-18T03:13:02","date_gmt":"2023-02-18T03:13:02","guid":{"rendered":"https:\/\/bybatt.com\/?post_type=product&#038;p=288"},"modified":"2023-02-18T03:19:31","modified_gmt":"2023-02-18T03:19:31","slug":"server-mount-lifepo4-battery-solar-energy-storage-system","status":"publish","type":"product","link":"https:\/\/bybatt.com\/fi\/tuote\/server-mount-lifepo4-battery-solar-energy-storage-system\/","title":{"rendered":"Palvelimeen kiinnitett\u00e4v\u00e4 LiFePO4-akku aurinkoenergian varastointij\u00e4rjestelm\u00e4"},"content":{"rendered":"","protected":false},"excerpt":{"rendered":"<p>Esittelyss\u00e4 palvelinkiinnitys LiFePO4 Battery Solar Energy Storage System, luotettava ja tehokas energian varastointiratkaisu, joka on suunniteltu vastaamaan nykyaikaisten palvelimien ja datakeskusten vaativiin tarpeisiin.<br \/>\nVain 100% uusilla kennoilla rakennettu LiFePO4-akkuteknologiamme takaa poikkeuksellisen suorituskyvyn ja pitk\u00e4n k\u00e4ytt\u00f6i\u00e4n, vakaan tehon ja tasaisen energian varastoinnin kaikkiin palvelimesi tarpeisiin.<br \/>\n240 V:n nimellisj\u00e4nnitteell\u00e4 ja 100 Ah:n nimelliskapasiteetilla akkuj\u00e4rjestelm\u00e4mme maksimilatausvirta on 100 A ja purkausvirta 100 A. Edistyksellinen lataustilateknologiamme CC\/CV takaa turvallisemman ja tehokkaamman latauksen akkuj\u00e4rjestelm\u00e4llesi.<br \/>\nJ\u00e4rjestelm\u00e4mme on varustettu valinnaisella n\u00e4yt\u00f6ll\u00e4 ja RS485\/CAN-viestint\u00e4ominaisuuksilla, joiden avulla voit helposti seurata akun suorituskyky\u00e4 ja kommunikoida muiden verkossasi olevien laitteiden kanssa.<br \/>\nSuunniteltu kest\u00e4m\u00e4\u00e4n ankaria ty\u00f6olosuhteita, palvelinkiinnitett\u00e4v\u00e4 LiFePO4-akku aurinkoenergian varastointij\u00e4rjestelm\u00e4mme on koteloitu tukevaan metallikuoreen, mik\u00e4 varmistaa kest\u00e4vyyden ja pitk\u00e4ik\u00e4isyyden. 600 * 600 * 1530 mm:n kokoinen se on tarpeeksi kompakti mahtumaan mihin tahansa palvelinhuoneeseen tai datakeskukseen.<br \/>\nNoin 190 kg painava j\u00e4rjestelm\u00e4mme tarjoaa helpon asennuksen ja k\u00e4sittelyn ylilataussuojalla, ylipurkautumissuojalla, ylivirtasuojalla ja muilla sis\u00e4\u00e4nrakennetuilla olennaisilla turvaominaisuuksilla, jotka takaavat akkuj\u00e4rjestelm\u00e4mme turvallisen k\u00e4yt\u00f6n.<br \/>\nYhden 5 kWh:n akun kapasiteetin ansiosta j\u00e4rjestelm\u00e4mme voidaan pinota jopa 15 kWh:iin vastaamaan energian varastointivaatimuksiasi. Palvelimeen asennettava LiFePO4-akku aurinkoenergian varastointij\u00e4rjestelm\u00e4mme on t\u00e4ydellinen energian varastointiratkaisu kaikkiin palvelin- ja datakeskuksesi tarpeisiin.<\/p>","protected":false},"featured_media":289,"template":"","meta":{"_kad_post_transparent":"default","_kad_post_title":"","_kad_post_layout":"default","_kad_post_sidebar_id":"","_kad_post_content_style":"default","_kad_post_vertical_padding":"default","_kad_post_feature":"","_kad_post_feature_position":"","_kad_post_header":false,"_kad_post_footer":false},"product_cat":[25,28],"product_tag":[120,119,118,117,116,113,115,101,114],"class_list":["post-288","product","type-product","status-publish","has-post-thumbnail","hentry","product_cat-home-storage-battery","product_cat-base-station-battery","product_tag-energy-storage-container","product_tag-lifepo4-energy-battery","product_tag-lithium-battery-51-2v-100ah","product_tag-rack-mount-lifepo4-battery","product_tag-rack-mounted-lithium-battery","product_tag-server-mount-lifepo4-battery","product_tag-server-rack-battery","product_tag-server-rack-lifepo4-solar-batteries","product_tag-solar-lithium-battery-server-rack","entry","content-bg","loop-entry"],"_links":{"self":[{"href":"https:\/\/bybatt.com\/fi\/wp-json\/wp\/v2\/product\/288","targetHints":{"allow":["GET"]}}],"collection":[{"href":"https:\/\/bybatt.com\/fi\/wp-json\/wp\/v2\/product"}],"about":[{"href":"https:\/\/bybatt.com\/fi\/wp-json\/wp\/v2\/types\/product"}],"wp:featuredmedia":[{"embeddable":true,"href":"https:\/\/bybatt.com\/fi\/wp-json\/wp\/v2\/media\/289"}],"wp:attachment":[{"href":"https:\/\/bybatt.com\/fi\/wp-json\/wp\/v2\/media?parent=288"}],"wp:term":[{"taxonomy":"product_cat","embeddable":true,"href":"https:\/\/bybatt.com\/fi\/wp-json\/wp\/v2\/product_cat?post=288"},{"taxonomy":"product_tag","embeddable":true,"href":"https:\/\/bybatt.com\/fi\/wp-json\/wp\/v2\/product_tag?post=288"}],"curies":[{"name":"wp","href":"https:\/\/api.w.org\/{rel}","templated":true}]}}