{"id":291,"date":"2023-02-18T03:25:01","date_gmt":"2023-02-18T03:25:01","guid":{"rendered":"https:\/\/bybatt.com\/?post_type=product&#038;p=291"},"modified":"2023-02-18T03:32:11","modified_gmt":"2023-02-18T03:32:11","slug":"ups-battery-base-station-backup-battery-power-system-solution","status":"publish","type":"product","link":"https:\/\/bybatt.com\/fi\/tuote\/ups-battery-base-station-backup-battery-power-system-solution\/","title":{"rendered":"UPS-akkutukiaseman vara-akkuvirtaj\u00e4rjestelm\u00e4n ratkaisu"},"content":{"rendered":"","protected":false},"excerpt":{"rendered":"<p>Esittelyss\u00e4 huippuluokan UPS-akkutukiaseman vara-akkuvirtaj\u00e4rjestelm\u00e4ratkaisumme, joka on suunniteltu tarjoamaan sinulle luotettava ja tehokas varavirtaratkaisu kaikkiin virrantarpeisiisi. Akkumme on rakennettu uusilla 100%-kennoilla k\u00e4ytt\u00e4m\u00e4ll\u00e4 uusinta LiFePO4-akkuteknologiaa pitk\u00e4kestoisen ja tehokkaan tehon varmistamiseksi.<br \/>\n240 V:n nimellisj\u00e4nnitteell\u00e4 ja 100 Ah:n nimelliskapasiteetilla akkuj\u00e4rjestelm\u00e4mme pystyy k\u00e4sittelem\u00e4\u00e4n raskaita tehokuormia helposti. Akkuj\u00e4rjestelm\u00e4mme enimm\u00e4islatausvirta on 100 A ja purkausvirta 100 A, mik\u00e4 mahdollistaa nopean latauksen ja nopean purkauksen.<br \/>\nAkut on suunniteltu CC\/CV-lataustilaan, ja niiss\u00e4 on valinnainen n\u00e4ytt\u00f6 tehotasojen valvontaa ja ohjaamista varten. J\u00e4rjestelm\u00e4mme sis\u00e4lt\u00e4\u00e4 my\u00f6s RS485\/CAN-tiedonsiirron, mik\u00e4 mahdollistaa helpon integroinnin olemassa oleviin s\u00e4hk\u00f6j\u00e4rjestelmiisi.<br \/>\nAkkuj\u00e4rjestelm\u00e4mme on valmistettu kest\u00e4vist\u00e4 metallimateriaaleista, ja se on rakennettu kest\u00e4m\u00e4\u00e4n \u00e4\u00e4rimm\u00e4isi\u00e4 l\u00e4mp\u00f6tiloja ja ankaria ymp\u00e4rist\u00f6olosuhteita. J\u00e4rjestelm\u00e4mme mitat ovat 6006001530mm ja se painaa noin 190kg, joten se on k\u00e4tev\u00e4 ja k\u00e4yt\u00e4nn\u00f6llinen ratkaisu monenlaisiin tehotarpeisiin.<br \/>\nJ\u00e4rjestelm\u00e4mme on varustettu ylilataussuojalla, ylipurkaussuojalla, ylivirtasuojalla ja muilla edistyneill\u00e4 turvaominaisuuksilla, jotka varmistavat, ett\u00e4 s\u00e4hk\u00f6j\u00e4rjestelm\u00e4si on aina suojattu ja turvallinen.<\/p>","protected":false},"featured_media":292,"template":"","meta":{"_kad_post_transparent":"default","_kad_post_title":"","_kad_post_layout":"default","_kad_post_sidebar_id":"","_kad_post_content_style":"default","_kad_post_vertical_padding":"default","_kad_post_feature":"","_kad_post_feature_position":"","_kad_post_header":false,"_kad_post_footer":false},"product_cat":[25,28],"product_tag":[124,123,126,125,122,121,127],"class_list":["post-291","product","type-product","status-publish","has-post-thumbnail","hentry","product_cat-home-storage-battery","product_cat-base-station-battery","product_tag-51-2v-energy-storage-solar-base-station-power","product_tag-base-station-backup-battery","product_tag-battery-200ah","product_tag-supply-48v-100ah-gyll-lifepo4-solar-battery-rack","product_tag-ups-base-station-backup-battery","product_tag-ups-battery","product_tag-ups-communication-base-station","entry","content-bg","loop-entry"],"_links":{"self":[{"href":"https:\/\/bybatt.com\/fi\/wp-json\/wp\/v2\/product\/291","targetHints":{"allow":["GET"]}}],"collection":[{"href":"https:\/\/bybatt.com\/fi\/wp-json\/wp\/v2\/product"}],"about":[{"href":"https:\/\/bybatt.com\/fi\/wp-json\/wp\/v2\/types\/product"}],"wp:featuredmedia":[{"embeddable":true,"href":"https:\/\/bybatt.com\/fi\/wp-json\/wp\/v2\/media\/292"}],"wp:attachment":[{"href":"https:\/\/bybatt.com\/fi\/wp-json\/wp\/v2\/media?parent=291"}],"wp:term":[{"taxonomy":"product_cat","embeddable":true,"href":"https:\/\/bybatt.com\/fi\/wp-json\/wp\/v2\/product_cat?post=291"},{"taxonomy":"product_tag","embeddable":true,"href":"https:\/\/bybatt.com\/fi\/wp-json\/wp\/v2\/product_tag?post=291"}],"curies":[{"name":"wp","href":"https:\/\/api.w.org\/{rel}","templated":true}]}}