{"id":296,"date":"2023-02-18T03:39:37","date_gmt":"2023-02-18T03:39:37","guid":{"rendered":"https:\/\/bybatt.com\/?post_type=product&#038;p=296"},"modified":"2023-02-18T03:48:57","modified_gmt":"2023-02-18T03:48:57","slug":"48v-power-wall-mounted-lithium-battery-energy-storage-system","status":"publish","type":"product","link":"https:\/\/bybatt.com\/fi\/tuote\/48v-power-wall-mounted-lithium-battery-energy-storage-system\/","title":{"rendered":"48 V:n tehosein\u00e4\u00e4n kiinnitett\u00e4v\u00e4 litiumakkuenergian varastointij\u00e4rjestelm\u00e4"},"content":{"rendered":"","protected":false},"excerpt":{"rendered":"<p>Esittelyss\u00e4 48 V:n tehosein\u00e4\u00e4n asennettava litiumakkuenergian varastointij\u00e4rjestelm\u00e4mme, joka on suunniteltu tarjoamaan luotettavaa ja tehokasta virran varastointia koteihin ja yrityksiin. Akut on valmistettu uusista 100% kennoista, mik\u00e4 takaa huippulaadun ja pitk\u00e4kestoisen suorituskyvyn.<br \/>\nValitse energiatarpeisiisi sopivista kapasiteeteista: 50 Ah, 100 Ah, 150 Ah tai 200 Ah, energiatehot vaihtelevat v\u00e4lill\u00e4 2,56 KWH - 10,24 KWH. Jopa 10 240 W:n maksimiteholla akkuj\u00e4rjestelm\u00e4mme tarjoaa runsaasti tehoa kaikkiin energiatarpeisiisi.<br \/>\nAkkuj\u00e4rjestelm\u00e4mme on rakennettu kest\u00e4m\u00e4\u00e4n, ja sen k\u00e4ytt\u00f6ik\u00e4 on jopa 6000 sykli\u00e4 80%-purkaussyvyydell\u00e4 ja l\u00e4mp\u00f6tila-alue -20 \u00b0C - 60 \u00b0C. Akkua voidaan s\u00e4ilytt\u00e4\u00e4 enint\u00e4\u00e4n 5 kuukautta 25 \u00b0C:ssa, 3 kuukautta 35 \u00b0C:ssa ja 1 kuukausi 45 \u00b0C:ssa, joten se sopii erilaisiin ymp\u00e4rist\u00f6olosuhteisiin.<br \/>\nAkkuj\u00e4rjestelm\u00e4mme sein\u00e4\u00e4n kiinnitett\u00e4v\u00e4 rakenne mahdollistaa helpon asennuksen ja s\u00e4\u00e4st\u00e4\u00e4 arvokasta lattiatilaa. Sen mitat ovat 360*140*570 mm, joten se on kompakti ja mahtuu ahtaisiin tiloihin.<\/p>","protected":false},"featured_media":297,"template":"","meta":{"_kad_post_transparent":"default","_kad_post_title":"","_kad_post_layout":"default","_kad_post_sidebar_id":"","_kad_post_content_style":"default","_kad_post_vertical_padding":"default","_kad_post_feature":"","_kad_post_feature_position":"","_kad_post_header":false,"_kad_post_footer":false},"product_cat":[25,27],"product_tag":[136,135,131,137,129,132,134,130,128,133],"class_list":["post-296","product","type-product","status-publish","has-post-thumbnail","hentry","product_cat-home-storage-battery","product_cat-home-battery-powerwall","product_tag-10kwh-7kwh-5kwh-energy-storage-battery","product_tag-48v-wall-mounted-power-battery","product_tag-energy-storage-system","product_tag-lifepo4-lithium-battery-powerwall","product_tag-lithium-battery-wall-mount","product_tag-powerwall-battery","product_tag-rechargeable-lifepo4-lithium-ion-battery","product_tag-wall-mounted-battery","product_tag-wall-mounted-lithium-battery","product_tag-wall-mounted-power-battery","entry","content-bg","loop-entry"],"_links":{"self":[{"href":"https:\/\/bybatt.com\/fi\/wp-json\/wp\/v2\/product\/296","targetHints":{"allow":["GET"]}}],"collection":[{"href":"https:\/\/bybatt.com\/fi\/wp-json\/wp\/v2\/product"}],"about":[{"href":"https:\/\/bybatt.com\/fi\/wp-json\/wp\/v2\/types\/product"}],"wp:featuredmedia":[{"embeddable":true,"href":"https:\/\/bybatt.com\/fi\/wp-json\/wp\/v2\/media\/297"}],"wp:attachment":[{"href":"https:\/\/bybatt.com\/fi\/wp-json\/wp\/v2\/media?parent=296"}],"wp:term":[{"taxonomy":"product_cat","embeddable":true,"href":"https:\/\/bybatt.com\/fi\/wp-json\/wp\/v2\/product_cat?post=296"},{"taxonomy":"product_tag","embeddable":true,"href":"https:\/\/bybatt.com\/fi\/wp-json\/wp\/v2\/product_tag?post=296"}],"curies":[{"name":"wp","href":"https:\/\/api.w.org\/{rel}","templated":true}]}}