{"id":300,"date":"2023-02-18T03:55:53","date_gmt":"2023-02-18T03:55:53","guid":{"rendered":"https:\/\/bybatt.com\/?post_type=product&#038;p=300"},"modified":"2023-02-18T05:26:41","modified_gmt":"2023-02-18T05:26:41","slug":"home-solar-wall-mounted-lithium-battery-lifepo4-battery","status":"publish","type":"product","link":"https:\/\/bybatt.com\/fi\/tuote\/home-solar-wall-mounted-lithium-battery-lifepo4-battery\/","title":{"rendered":"Etusivu Aurinkopaneeliin asennettava litiumakku LiFePO4-akku"},"content":{"rendered":"","protected":false},"excerpt":{"rendered":"<p>Esittelyss\u00e4 kotisein\u00e4lle asennettava LiFePO4-litiumparistomme aurinkoenergialla, joka on suunniteltu toimittamaan kotisi virtaa uusiutuvalla energialla. T\u00e4m\u00e4 innovatiivinen akku on valmistettu uusista 100%-kennoista, mik\u00e4 takaa maksimaalisen tehokkuuden ja pitk\u00e4aikaisen luotettavuuden.<br \/>\n48 V:n kapasiteetilla ja nelj\u00e4ll\u00e4 energian varastointivaihtoehdolla \u2013 50 Ah, 100 Ah, 150 Ah ja 200 Ah \u2013 voit valita t\u00e4ydellisen koon energiatarpeisiisi sopivaksi. Akku voi varastoida 2,56\u201310,24 kWh energiaa, joten voit k\u00e4ytt\u00e4\u00e4 kotisi virtaa ilman perinteisi\u00e4 energial\u00e4hteit\u00e4.<br \/>\nSuurin teho vaihtelee v\u00e4lill\u00e4 2560W - 10240W, mik\u00e4 antaa sinulle tehon, jota tarvitset kotisi sujuvaan toimintaan. Lis\u00e4ksi akku on suunniteltu kest\u00e4m\u00e4\u00e4n jopa 6 000 sykli\u00e4, kun se puretaan 80%-purkaussyvyyteen (DOD) 25 \u00b0C:n l\u00e4mp\u00f6tilassa, mik\u00e4 tarjoaa pitk\u00e4aikaisen luotettavuuden.<br \/>\nT\u00e4m\u00e4 akku on ihanteellinen kotik\u00e4ytt\u00f6\u00f6n, ja se voidaan asentaa sein\u00e4lle, mik\u00e4 vie vain v\u00e4h\u00e4n tilaa. Se on suunniteltu kest\u00e4m\u00e4\u00e4n erilaisia l\u00e4mp\u00f6tiloja -20\u00b0C - 60\u00b0C, ja se voi toimia 60+\/-25% suhteellisen kosteuden kanssa. Lis\u00e4ksi sen s\u00e4ilytysaika on 5 kuukautta 25 \u00b0C:ssa, 3 kuukautta 35 \u00b0C:ssa ja 1 kuukausi 45 \u00b0C:ssa.<br \/>\nAkun kompakti koko on 360*140*570 mm, joten se on helppo asentaa kotiisi. Kotiin asennettava aurinkoenergialla varustettu litiumakku LiFePO4-akku on ymp\u00e4rist\u00f6yst\u00e4v\u00e4llinen ja kustannustehokas tapa saada virtaa kotiisi uusiutuvalla energialla. Investoi t\u00e4h\u00e4n innovatiiviseen akkuun t\u00e4n\u00e4\u00e4n ja hallitse energiankulutuksesi.<\/p>","protected":false},"featured_media":301,"template":"","meta":{"_kad_post_transparent":"default","_kad_post_title":"","_kad_post_layout":"default","_kad_post_sidebar_id":"","_kad_post_content_style":"default","_kad_post_vertical_padding":"default","_kad_post_feature":"","_kad_post_feature_position":"","_kad_post_header":false,"_kad_post_footer":false},"product_cat":[25,27],"product_tag":[140,139,62,141,128,138],"class_list":["post-300","product","type-product","status-publish","has-post-thumbnail","hentry","product_cat-home-storage-battery","product_cat-home-battery-powerwall","product_tag-home-energy-storage","product_tag-home-power-wall-mounted-battery","product_tag-lifepo4-solar-lithium-battery","product_tag-power-wall","product_tag-wall-mounted-lithium-battery","product_tag-wall-mounted-lithium-home-battery","entry","content-bg","loop-entry"],"_links":{"self":[{"href":"https:\/\/bybatt.com\/fi\/wp-json\/wp\/v2\/product\/300","targetHints":{"allow":["GET"]}}],"collection":[{"href":"https:\/\/bybatt.com\/fi\/wp-json\/wp\/v2\/product"}],"about":[{"href":"https:\/\/bybatt.com\/fi\/wp-json\/wp\/v2\/types\/product"}],"wp:featuredmedia":[{"embeddable":true,"href":"https:\/\/bybatt.com\/fi\/wp-json\/wp\/v2\/media\/301"}],"wp:attachment":[{"href":"https:\/\/bybatt.com\/fi\/wp-json\/wp\/v2\/media?parent=300"}],"wp:term":[{"taxonomy":"product_cat","embeddable":true,"href":"https:\/\/bybatt.com\/fi\/wp-json\/wp\/v2\/product_cat?post=300"},{"taxonomy":"product_tag","embeddable":true,"href":"https:\/\/bybatt.com\/fi\/wp-json\/wp\/v2\/product_tag?post=300"}],"curies":[{"name":"wp","href":"https:\/\/api.w.org\/{rel}","templated":true}]}}