{"id":306,"date":"2023-02-18T05:30:26","date_gmt":"2023-02-18T05:30:26","guid":{"rendered":"https:\/\/bybatt.com\/?post_type=product&#038;p=306"},"modified":"2023-02-18T05:40:06","modified_gmt":"2023-02-18T05:40:06","slug":"cheap-48v-100ah-lifepo4-powerwall-lithium-ion-home-battery","status":"publish","type":"product","link":"https:\/\/bybatt.com\/fi\/tuote\/cheap-48v-100ah-lifepo4-powerwall-lithium-ion-home-battery\/","title":{"rendered":"Halpa 48V 100AH LiFePO4 Powerwall litiumioniakku kotiin"},"content":{"rendered":"","protected":false},"excerpt":{"rendered":"<p>48V 100AH LiFePO4 Powerwall Lithium ion Home Battery on edistyksellinen ratkaisu kodin varavirtal\u00e4hteeseen. T\u00e4m\u00e4 huipputekninen tuote on suunniteltu integroitumaan saumattomasti kotiisi modernin muotoilunsa ja pienen, kevyen rakenteensa ansiosta. Se on \u00e4lyk\u00e4s, standardoitu ja ymp\u00e4rist\u00f6yst\u00e4v\u00e4llinen, joten se on erinomainen valinta niille, jotka haluavat pienent\u00e4\u00e4 hiilijalanj\u00e4lke\u00e4\u00e4n.<br \/>\nPowerwall-kodin akun litium (LiFePO4) -akun tallennuskapasiteetti on 5 kWh, mik\u00e4 tarjoaa riitt\u00e4v\u00e4sti tehoa pit\u00e4m\u00e4\u00e4n sinut poissa verkosta milloin haluat. T\u00e4m\u00e4 akku on maailman suosituin energian varastointiratkaisu, joka tarjoaa luotettavaa kodin varavirtaa, johon voit luottaa. Vaikka aurinkomatkasi ei alkaisi valmistajista, voit silti nauttia t\u00e4m\u00e4n kodin akkuj\u00e4rjestelm\u00e4n ja kodin akun varavirtaj\u00e4rjestelm\u00e4n eduista.<br \/>\nKaikki n\u00e4iss\u00e4 akuissa k\u00e4ytetyt kennot ovat 100% uusia, mik\u00e4 takaa pitk\u00e4n k\u00e4ytt\u00f6i\u00e4n. Akkua on saatavana eri kapasiteetteja ja kokoja, joiden energiatehot ovat 2,56 KWH, 5,12 KWH, 7,68 KWH ja 10,24 KWH ja maksimitehot 2560W, 5120W, 7680W ja 10240W. Akun pitk\u00e4 k\u00e4ytt\u00f6ik\u00e4 on 6000 sykli\u00e4 (80% DOD, 25\u00b0C), mik\u00e4 mahdollistaa luotettavan pitk\u00e4aikaisen k\u00e4yt\u00f6n.<br \/>\nT\u00e4t\u00e4 akkua voidaan s\u00e4ilytt\u00e4\u00e4 enint\u00e4\u00e4n 5 kuukautta 25 \u00b0C:ssa, 3 kuukautta 35 \u00b0C:ssa ja 1 kuukausi 45 \u00b0C:ssa, joten se on joustava ratkaisu varavirtatarpeisiisi. Se voi toimia l\u00e4mp\u00f6tila-alueella -20 \u00b0C - 60 \u00b0C suhteellisessa kosteudessa 60+\/-25%, mik\u00e4 varmistaa, ett\u00e4 se toimii hyvin erilaisissa olosuhteissa. Akun mitat ovat 360*140*570mm, joten se on helppo integroida kotiisi.<\/p>","protected":false},"featured_media":307,"template":"","meta":{"_kad_post_transparent":"default","_kad_post_title":"","_kad_post_layout":"default","_kad_post_sidebar_id":"","_kad_post_content_style":"default","_kad_post_vertical_padding":"default","_kad_post_feature":"","_kad_post_feature_position":"","_kad_post_header":false,"_kad_post_footer":false},"product_cat":[25,27],"product_tag":[147,149,144,143,145,146,142,148],"class_list":["post-306","product","type-product","status-publish","has-post-thumbnail","hentry","product_cat-home-storage-battery","product_cat-home-battery-powerwall","product_tag-6000-cycles-life-lithium-ion-battery","product_tag-home-battery-lithium-powerwall","product_tag-lifepo4-home-battery","product_tag-lithium-ion-home-battery","product_tag-powerwall-home-battery","product_tag-powerwall-lithium-ion-battery","product_tag-powerwall-lithium-ion-home-battery","product_tag-powerwall-tesla-10kwh","entry","content-bg","loop-entry"],"_links":{"self":[{"href":"https:\/\/bybatt.com\/fi\/wp-json\/wp\/v2\/product\/306","targetHints":{"allow":["GET"]}}],"collection":[{"href":"https:\/\/bybatt.com\/fi\/wp-json\/wp\/v2\/product"}],"about":[{"href":"https:\/\/bybatt.com\/fi\/wp-json\/wp\/v2\/types\/product"}],"wp:featuredmedia":[{"embeddable":true,"href":"https:\/\/bybatt.com\/fi\/wp-json\/wp\/v2\/media\/307"}],"wp:attachment":[{"href":"https:\/\/bybatt.com\/fi\/wp-json\/wp\/v2\/media?parent=306"}],"wp:term":[{"taxonomy":"product_cat","embeddable":true,"href":"https:\/\/bybatt.com\/fi\/wp-json\/wp\/v2\/product_cat?post=306"},{"taxonomy":"product_tag","embeddable":true,"href":"https:\/\/bybatt.com\/fi\/wp-json\/wp\/v2\/product_tag?post=306"}],"curies":[{"name":"wp","href":"https:\/\/api.w.org\/{rel}","templated":true}]}}