{"id":311,"date":"2023-02-18T08:35:21","date_gmt":"2023-02-18T08:35:21","guid":{"rendered":"https:\/\/bybatt.com\/?post_type=product&#038;p=311"},"modified":"2023-02-18T08:41:37","modified_gmt":"2023-02-18T08:41:37","slug":"grid-hybrid-inverter-wall-mounted-battery-home-solar-system","status":"publish","type":"product","link":"https:\/\/bybatt.com\/fi\/tuote\/grid-hybrid-inverter-wall-mounted-battery-home-solar-system\/","title":{"rendered":"Grid Hybrid Inverter Sein\u00e4asennettu Akku Koti Aurinkoj\u00e4rjestelm\u00e4"},"content":{"rendered":"","protected":false},"excerpt":{"rendered":"<p>T\u00e4m\u00e4 Grid Hybrid Inverter -sein\u00e4\u00e4n asennettava akkukodin aurinkopaneelij\u00e4rjestelm\u00e4 on suunniteltu kotik\u00e4ytt\u00f6\u00f6n ja koostuu akkupankista, hybridi-invertterist\u00e4 ja aurinkopaneeleista. Akkupankin kapasiteetti on 48 V ja sit\u00e4 on nelj\u00e4\u00e4 eri kokoa \u2013 50Ah, 100Ah, 150Ah ja 200Ah, vastaavasti 2,56KWH, 5,12KWH, 7,68KWH ja 10,24KWH. K\u00e4ytetyt akkukennot ovat t\u00e4ysin uusia, mik\u00e4 takaa korkealaatuisen suorituskyvyn.<br \/>\nJ\u00e4rjestelm\u00e4n maksimiteho vaihtelee akun koon mukaan, ja suurin 200 Ah:n kapasiteetti pystyy tuottamaan 10 240 W:n maksimitehoa. Akun k\u00e4ytt\u00f6ik\u00e4 on pitk\u00e4, jopa 6000 sykli\u00e4, kun se on purettu jopa 80% kapasiteetistaan 25\u00b0C:n l\u00e4mp\u00f6tilassa.<br \/>\nAkkua voidaan s\u00e4ilytt\u00e4\u00e4 enint\u00e4\u00e4n 5 kuukautta 25 \u00b0C:n l\u00e4mp\u00f6tilassa, 3 kuukautta 35 \u00b0C:ssa ja 1 kuukausi 45 \u00b0C:ssa, mik\u00e4 tarjoaa k\u00e4ytt\u00e4jille joustavuutta ja k\u00e4ytt\u00f6mukavuutta. J\u00e4rjestelm\u00e4 voi toimia l\u00e4mp\u00f6tila-alueella -20\u00b0C - 60\u00b0C suhteellisessa kosteudessa 60+\/-25%.<br \/>\nAkkupankin mitat ovat 360*140*570 mm, joten se on helppo asentaa sein\u00e4lle tilaa s\u00e4\u00e4st\u00e4v\u00e4\u00e4 asennusta varten. T\u00e4m\u00e4 aurinkos\u00e4hk\u00f6j\u00e4rjestelm\u00e4 on ihanteellinen ratkaisu kotitalouksille, jotka haluavat pienent\u00e4\u00e4 s\u00e4hk\u00f6laskujaan ja riippuvuutta verkkoon samalla kun sill\u00e4 on my\u00f6nteinen vaikutus ymp\u00e4rist\u00f6\u00f6n<\/p>","protected":false},"featured_media":312,"template":"","meta":{"_kad_post_transparent":"default","_kad_post_title":"","_kad_post_layout":"default","_kad_post_sidebar_id":"","_kad_post_content_style":"default","_kad_post_vertical_padding":"default","_kad_post_feature":"","_kad_post_feature_position":"","_kad_post_header":false,"_kad_post_footer":false},"product_cat":[25,27],"product_tag":[151,131,68,152,153,155,150,154,130],"class_list":["post-311","product","type-product","status-publish","has-post-thumbnail","hentry","product_cat-home-storage-battery","product_cat-home-battery-powerwall","product_tag-battery-storage","product_tag-energy-storage-system","product_tag-lifepo4-lithium-battery","product_tag-power-battery-wall","product_tag-power-storage","product_tag-power-wall-hybrid-grid","product_tag-powerwall-energy","product_tag-solar-battery-storage-system","product_tag-wall-mounted-battery","entry","content-bg","loop-entry"],"_links":{"self":[{"href":"https:\/\/bybatt.com\/fi\/wp-json\/wp\/v2\/product\/311","targetHints":{"allow":["GET"]}}],"collection":[{"href":"https:\/\/bybatt.com\/fi\/wp-json\/wp\/v2\/product"}],"about":[{"href":"https:\/\/bybatt.com\/fi\/wp-json\/wp\/v2\/types\/product"}],"wp:featuredmedia":[{"embeddable":true,"href":"https:\/\/bybatt.com\/fi\/wp-json\/wp\/v2\/media\/312"}],"wp:attachment":[{"href":"https:\/\/bybatt.com\/fi\/wp-json\/wp\/v2\/media?parent=311"}],"wp:term":[{"taxonomy":"product_cat","embeddable":true,"href":"https:\/\/bybatt.com\/fi\/wp-json\/wp\/v2\/product_cat?post=311"},{"taxonomy":"product_tag","embeddable":true,"href":"https:\/\/bybatt.com\/fi\/wp-json\/wp\/v2\/product_tag?post=311"}],"curies":[{"name":"wp","href":"https:\/\/api.w.org\/{rel}","templated":true}]}}