{"id":316,"date":"2023-02-18T08:42:14","date_gmt":"2023-02-18T08:42:14","guid":{"rendered":"https:\/\/bybatt.com\/?post_type=product&#038;p=316"},"modified":"2023-03-05T16:19:15","modified_gmt":"2023-03-05T16:19:15","slug":"lifepo4-tesla-powerwall-lithium-battery-for-solar-system","status":"publish","type":"product","link":"https:\/\/bybatt.com\/fi\/tuote\/lifepo4-tesla-powerwall-lithium-battery-for-solar-system\/","title":{"rendered":"LiFePO4 Tesla Powerwall Lithium -akku aurinkokuntaan"},"content":{"rendered":"","protected":false},"excerpt":{"rendered":"<p>LiFePO4 Tesla Powerwall Lithium -akku on suunniteltu k\u00e4ytett\u00e4v\u00e4ksi aurinkos\u00e4hk\u00f6j\u00e4rjestelmiss\u00e4, ja sen kapasiteettivaihtoehtoja on useita: 48V 50Ah, 48V 100Ah, 48V 150Ah ja 48V 200Ah. Akun enimm\u00e4isenergiakapasiteetti on 2,56 kWh, 5,12 kWh, 7,68 kWh ja 10,24 kWh, ja sen maksimiteho on 2560W, 5120W, 7680W ja 10240W.<br \/>\nAkku on valmistettu uusista 100%-kennoista, ja sen k\u00e4ytt\u00f6ik\u00e4 on pitk\u00e4, ja sen nimellisjakson kesto on 6000 sykli\u00e4 80%-purkaussyvyydell\u00e4 ja 25 \u00b0C:n l\u00e4mp\u00f6tilalla. Sit\u00e4 voidaan s\u00e4ilytt\u00e4\u00e4 enint\u00e4\u00e4n 5 kuukautta 25 \u00b0C:ssa, 3 kuukautta 35 \u00b0C:ssa ja 1 kuukausi 45 \u00b0C:ssa. Akku on suunniteltu toimimaan l\u00e4mp\u00f6tiloissa -20\u00b0C - 60\u00b0C ja suhteellinen kosteus 60+\/-25%. Akun mitat ovat 360mm x 140mm x 570mm (pituus x leveys x korkeus).<br \/>\nKaiken kaikkiaan t\u00e4m\u00e4 LiFePO4 Tesla Powerwall Lithium -akku on tehokas, kest\u00e4v\u00e4 ja luotettava ratkaisu aurinkos\u00e4hk\u00f6j\u00e4rjestelmien virransy\u00f6tt\u00f6\u00f6n, ja se pystyy tarjoamaan huomattavaa energian varastointia ja tehoa pitki\u00e4 aikoja.<\/p>","protected":false},"featured_media":317,"template":"","meta":{"_kad_post_transparent":"default","_kad_post_title":"","_kad_post_layout":"default","_kad_post_sidebar_id":"","_kad_post_content_style":"default","_kad_post_vertical_padding":"default","_kad_post_feature":"","_kad_post_feature_position":"","_kad_post_header":false,"_kad_post_footer":false},"product_cat":[25,27],"product_tag":[157,68,158,159,156],"class_list":["post-316","product","type-product","status-publish","has-post-thumbnail","hentry","product_cat-home-storage-battery","product_cat-home-battery-powerwall","product_tag-6000-cycles-80-dod-lifepo4-48v-100ah-5kwh-powerwall","product_tag-lifepo4-lithium-battery","product_tag-power-wall-lithium-battery","product_tag-tesla-powerwall-alternative","product_tag-tesla-powerwall-lithium-battery","entry","content-bg","loop-entry"],"_links":{"self":[{"href":"https:\/\/bybatt.com\/fi\/wp-json\/wp\/v2\/product\/316","targetHints":{"allow":["GET"]}}],"collection":[{"href":"https:\/\/bybatt.com\/fi\/wp-json\/wp\/v2\/product"}],"about":[{"href":"https:\/\/bybatt.com\/fi\/wp-json\/wp\/v2\/types\/product"}],"wp:featuredmedia":[{"embeddable":true,"href":"https:\/\/bybatt.com\/fi\/wp-json\/wp\/v2\/media\/317"}],"wp:attachment":[{"href":"https:\/\/bybatt.com\/fi\/wp-json\/wp\/v2\/media?parent=316"}],"wp:term":[{"taxonomy":"product_cat","embeddable":true,"href":"https:\/\/bybatt.com\/fi\/wp-json\/wp\/v2\/product_cat?post=316"},{"taxonomy":"product_tag","embeddable":true,"href":"https:\/\/bybatt.com\/fi\/wp-json\/wp\/v2\/product_tag?post=316"}],"curies":[{"name":"wp","href":"https:\/\/api.w.org\/{rel}","templated":true}]}}