{"id":324,"date":"2023-02-18T08:53:52","date_gmt":"2023-02-18T08:53:52","guid":{"rendered":"https:\/\/bybatt.com\/?post_type=product&#038;p=324"},"modified":"2023-02-18T09:02:35","modified_gmt":"2023-02-18T09:02:35","slug":"powerwall-lifepo4-battery-off-grid-energy-storage-system","status":"publish","type":"product","link":"https:\/\/bybatt.com\/fi\/tuote\/powerwall-lifepo4-battery-off-grid-energy-storage-system\/","title":{"rendered":"Powerwall LiFePO4 -akun energian varastointij\u00e4rjestelm\u00e4"},"content":{"rendered":"","protected":false},"excerpt":{"rendered":"<p>Powerwall LiFePO4 Battery Off-Grid Energy Storage System on ladattava akkuj\u00e4rjestelm\u00e4, joka on suunniteltu energian varastointiin verkon ulkopuolella. Se k\u00e4ytt\u00e4\u00e4 LiFePO4-soluja, jotka ovat 100% uusia ja jotka tunnetaan korkeasta energiatiheydest\u00e4, pitk\u00e4st\u00e4 k\u00e4ytt\u00f6i\u00e4st\u00e4 ja turvallisuudesta. Akkuj\u00e4rjestelm\u00e4\u00e4 on saatavana nelj\u00e4ll\u00e4 eri kapasiteetilla: 24V\/100AH, 48V\/50AH, 48V\/100AH ja 48V\/200AH.<br \/>\nAkkujen mitat vaihtelevat kapasiteetin mukaan, pienimm\u00e4n akun (24V100AH) mitat ovat 400*110*520 mm ja suurimman akun (48V200AH) mitat 540*200*950 mm. Paino vaihtelee my\u00f6s kapasiteetin mukaan, pienin akku painaa 24 kg ja suurin akku 45 kg.<br \/>\nAkkuj\u00e4rjestelm\u00e4n k\u00e4ytt\u00f6ik\u00e4 on 5000 sykli\u00e4, mik\u00e4 tarkoittaa, ett\u00e4 se voidaan ladata ja purkaa jopa 5000 kertaa ennen kuin se alkaa kulua. T\u00e4m\u00e4 tekee siit\u00e4 ihanteellisen ratkaisun verkon ulkopuoliseen energian varastointiin, koska se voi tarjota luotettavaa virtaa pitk\u00e4\u00e4n.<br \/>\nKaiken kaikkiaan Powerwall LiFePO4 Battery Off-Grid -energian varastointij\u00e4rjestelm\u00e4 on korkealaatuinen, kest\u00e4v\u00e4 ja luotettava akkuj\u00e4rjestelm\u00e4, joka voi tarjota virtaa erilaisiin verkon ulkopuolisiin sovelluksiin.<\/p>","protected":false},"featured_media":326,"template":"","meta":{"_kad_post_transparent":"default","_kad_post_title":"","_kad_post_layout":"default","_kad_post_sidebar_id":"","_kad_post_content_style":"default","_kad_post_vertical_padding":"default","_kad_post_feature":"","_kad_post_feature_position":"","_kad_post_header":false,"_kad_post_footer":false},"product_cat":[25,27],"product_tag":[164,161,163,165,160,162],"class_list":["post-324","product","type-product","status-publish","has-post-thumbnail","hentry","product_cat-home-storage-battery","product_cat-home-battery-powerwall","product_tag-5kwh-wall-mounted-lithium-battery","product_tag-battery-energy-storage-solutions","product_tag-lifepo4-48v-100ah","product_tag-lithium-power-wall-lifepo4","product_tag-powerwall-lifepo4-battery","product_tag-solar-battery","entry","content-bg","loop-entry"],"_links":{"self":[{"href":"https:\/\/bybatt.com\/fi\/wp-json\/wp\/v2\/product\/324","targetHints":{"allow":["GET"]}}],"collection":[{"href":"https:\/\/bybatt.com\/fi\/wp-json\/wp\/v2\/product"}],"about":[{"href":"https:\/\/bybatt.com\/fi\/wp-json\/wp\/v2\/types\/product"}],"wp:featuredmedia":[{"embeddable":true,"href":"https:\/\/bybatt.com\/fi\/wp-json\/wp\/v2\/media\/326"}],"wp:attachment":[{"href":"https:\/\/bybatt.com\/fi\/wp-json\/wp\/v2\/media?parent=324"}],"wp:term":[{"taxonomy":"product_cat","embeddable":true,"href":"https:\/\/bybatt.com\/fi\/wp-json\/wp\/v2\/product_cat?post=324"},{"taxonomy":"product_tag","embeddable":true,"href":"https:\/\/bybatt.com\/fi\/wp-json\/wp\/v2\/product_tag?post=324"}],"curies":[{"name":"wp","href":"https:\/\/api.w.org\/{rel}","templated":true}]}}