{"id":333,"date":"2023-02-18T10:07:36","date_gmt":"2023-02-18T10:07:36","guid":{"rendered":"https:\/\/bybatt.com\/?post_type=product&#038;p=333"},"modified":"2023-02-18T10:15:53","modified_gmt":"2023-02-18T10:15:53","slug":"rechargeable-customized-home-solar-system-battery-storage","status":"publish","type":"product","link":"https:\/\/bybatt.com\/fi\/tuote\/rechargeable-customized-home-solar-system-battery-storage\/","title":{"rendered":"Ladattava r\u00e4\u00e4t\u00e4l\u00f6ity kodin aurinkoenergiaj\u00e4rjestelm\u00e4n akkuvarasto"},"content":{"rendered":"","protected":false},"excerpt":{"rendered":"<p>Ladattava r\u00e4\u00e4t\u00e4l\u00f6ity kodin aurinkoj\u00e4rjestelm\u00e4n akkuvarasto on aurinkoakkuj\u00e4rjestelm\u00e4, joka on suunniteltu kotik\u00e4ytt\u00f6\u00f6n. Se koostuu sarjasta suurikapasiteettisia litiumioniakkuja, joiden kapasiteetti on 24V100AH\/48V50AH\/48V100AH\/48V200AH valitun mallin mukaan.<br \/>\nAkkuj\u00e4rjestelm\u00e4 on ladattava ja suunniteltu toimimaan aurinkopaneelien kanssa auringonvalon tuottaman energian varastoimiseksi. T\u00e4m\u00e4 tekee siit\u00e4 ymp\u00e4rist\u00f6yst\u00e4v\u00e4llisen ja kustannustehokkaan ratkaisun koteihin.<br \/>\nAkut on valmistettu uusista 100%-kennoista optimaalisen suorituskyvyn ja luotettavuuden varmistamiseksi. J\u00e4rjestelm\u00e4 on r\u00e4\u00e4t\u00e4l\u00f6it\u00e4viss\u00e4 vastaamaan yksil\u00f6llisi\u00e4 tarpeita ja mieltymyksi\u00e4, ja saatavilla on eri kokoja asunnonomistajan erityisvaatimuksista riippuen. Kokovaihtoehdot ovat 400*110*520mm, 400*110*520mm, 360*175*520mm, 540*200*950mm.<br \/>\nAkun paino vaihtelee my\u00f6s valitun kapasiteetin ja koon mukaan. Painovaihtoehdot ovat 24KG\/45KG\/24KG. Kaiken kaikkiaan ladattava r\u00e4\u00e4t\u00e4l\u00f6ity kotiaurinkoj\u00e4rjestelm\u00e4n akkuvarasto on laadukas ja monipuolinen ratkaisu asuin aurinkoenergian tarpeisiin.<\/p>","protected":false},"featured_media":334,"template":"","meta":{"_kad_post_transparent":"default","_kad_post_title":"","_kad_post_layout":"default","_kad_post_sidebar_id":"","_kad_post_content_style":"default","_kad_post_vertical_padding":"default","_kad_post_feature":"","_kad_post_feature_position":"","_kad_post_header":false,"_kad_post_footer":false},"product_cat":[25,27],"product_tag":[167,168,170,154,166,169],"class_list":["post-333","product","type-product","status-publish","has-post-thumbnail","hentry","product_cat-home-storage-battery","product_cat-home-battery-powerwall","product_tag-home-solar-system-battery-power-storage","product_tag-lithium-ion-solar-energy-storage-system-battery","product_tag-solar-battery-storage","product_tag-solar-battery-storage-system","product_tag-solar-system-battery-storage","product_tag-wall-mount-10kw-256v-battery-pack","entry","content-bg","loop-entry"],"_links":{"self":[{"href":"https:\/\/bybatt.com\/fi\/wp-json\/wp\/v2\/product\/333","targetHints":{"allow":["GET"]}}],"collection":[{"href":"https:\/\/bybatt.com\/fi\/wp-json\/wp\/v2\/product"}],"about":[{"href":"https:\/\/bybatt.com\/fi\/wp-json\/wp\/v2\/types\/product"}],"wp:featuredmedia":[{"embeddable":true,"href":"https:\/\/bybatt.com\/fi\/wp-json\/wp\/v2\/media\/334"}],"wp:attachment":[{"href":"https:\/\/bybatt.com\/fi\/wp-json\/wp\/v2\/media?parent=333"}],"wp:term":[{"taxonomy":"product_cat","embeddable":true,"href":"https:\/\/bybatt.com\/fi\/wp-json\/wp\/v2\/product_cat?post=333"},{"taxonomy":"product_tag","embeddable":true,"href":"https:\/\/bybatt.com\/fi\/wp-json\/wp\/v2\/product_tag?post=333"}],"curies":[{"name":"wp","href":"https:\/\/api.w.org\/{rel}","templated":true}]}}