{"id":354,"date":"2023-02-18T14:14:30","date_gmt":"2023-02-18T14:14:30","guid":{"rendered":"https:\/\/bybatt.com\/?post_type=product&#038;p=354"},"modified":"2023-02-18T14:30:29","modified_gmt":"2023-02-18T14:30:29","slug":"multi-function-lithium-portable-power-station-solar-generator","status":"publish","type":"product","link":"https:\/\/bybatt.com\/fi\/tuote\/multi-function-lithium-portable-power-station-solar-generator\/","title":{"rendered":"Monitoiminen kannettava litiumvoimala-aurinkogeneraattori"},"content":{"rendered":"","protected":false},"excerpt":{"rendered":"<p>Monitoiminen kannettava litiumvoimala-aurinkogeneraattori on suurikapasiteettinen, monipuolinen virtal\u00e4hde, joka on suunniteltu k\u00e4ytett\u00e4v\u00e4ksi erilaisissa olosuhteissa. Siin\u00e4 on uusi 100% akku, jonka kapasiteetti on 208 800 mAh 3,7 V j\u00e4nnitteell\u00e4 ja joka tarjoaa yhteens\u00e4 772 wattituntia (WH).<br \/>\nVoimalaitos voidaan ladata 7-8 tunnissa 25.2V\/5A tulolla tai aurinkolatauksella maksimitulolla 18-23V\/100W. Voimalaitoksessa on my\u00f6s erilaisia l\u00e4ht\u00f6portteja, mukaan lukien 3 USB-porttia QC3.0-pikalatauksella, 1 Type-C-portti PD 60W -latauskyvyll\u00e4, 2 DC-porttia 14,4V\/7A-l\u00e4hd\u00f6ll\u00e4 ja 1 tupakansytytinportti 14,4-latauksella. V\/7A l\u00e4ht\u00f6.<br \/>\nDC-l\u00e4ht\u00f6porttien lis\u00e4ksi voimalaitoksessa on my\u00f6s 1000 W:n puhtaan mustan aallon jatkuva AC j\u00e4nnitel\u00e4ht\u00f6vaihtoehdoilla 110(100-120)\/230(220-240)V. Voimalassa on LCD-virranilmaisinn\u00e4ytt\u00f6 ja sen kompakti koko 334*167*204mm, mik\u00e4 tekee siit\u00e4 helpon kuljettaa ja varastoida.<br \/>\nKaiken kaikkiaan monitoiminen kannettava litiumvoimala-aurinkogeneraattori on luotettava ja tehokas virtal\u00e4hde, jota voidaan k\u00e4ytt\u00e4\u00e4 erilaisiin sovelluksiin, mukaan lukien ulkoilmaseikkailut, h\u00e4t\u00e4varavirta ja paljon muuta.<\/p>","protected":false},"featured_media":355,"template":"","meta":{"_kad_post_transparent":"default","_kad_post_title":"","_kad_post_layout":"default","_kad_post_sidebar_id":"","_kad_post_content_style":"default","_kad_post_vertical_padding":"default","_kad_post_feature":"","_kad_post_feature_position":"","_kad_post_header":false,"_kad_post_footer":false},"product_cat":[25,26],"product_tag":[186,185,184,182,188,183,176,187],"class_list":["post-354","product","type-product","status-publish","has-post-thumbnail","hentry","product_cat-home-storage-battery","product_cat-portable-power-station","product_tag-1000w-solar-power-generator","product_tag-2000wh-portable-acdc-power-station-outdoor","product_tag-generator-solar-charging-banks","product_tag-portable-power-station","product_tag-portable-power-station-manufacturer","product_tag-power-station-with-solar-panels","product_tag-protable-solar-power-generator","product_tag-solar-power-generator","entry","content-bg","loop-entry"],"_links":{"self":[{"href":"https:\/\/bybatt.com\/fi\/wp-json\/wp\/v2\/product\/354","targetHints":{"allow":["GET"]}}],"collection":[{"href":"https:\/\/bybatt.com\/fi\/wp-json\/wp\/v2\/product"}],"about":[{"href":"https:\/\/bybatt.com\/fi\/wp-json\/wp\/v2\/types\/product"}],"wp:featuredmedia":[{"embeddable":true,"href":"https:\/\/bybatt.com\/fi\/wp-json\/wp\/v2\/media\/355"}],"wp:attachment":[{"href":"https:\/\/bybatt.com\/fi\/wp-json\/wp\/v2\/media?parent=354"}],"wp:term":[{"taxonomy":"product_cat","embeddable":true,"href":"https:\/\/bybatt.com\/fi\/wp-json\/wp\/v2\/product_cat?post=354"},{"taxonomy":"product_tag","embeddable":true,"href":"https:\/\/bybatt.com\/fi\/wp-json\/wp\/v2\/product_tag?post=354"}],"curies":[{"name":"wp","href":"https:\/\/api.w.org\/{rel}","templated":true}]}}