{"id":361,"date":"2023-02-18T14:32:26","date_gmt":"2023-02-18T14:32:26","guid":{"rendered":"https:\/\/bybatt.com\/?post_type=product&#038;p=361"},"modified":"2023-03-05T16:18:35","modified_gmt":"2023-03-05T16:18:35","slug":"portable-power-station-solar-generator-manufacturer-in-china","status":"publish","type":"product","link":"https:\/\/bybatt.com\/fi\/tuote\/portable-power-station-solar-generator-manufacturer-in-china\/","title":{"rendered":"Kannettavan voimalaitoksen aurinkogeneraattorin valmistaja Kiinassa"},"content":{"rendered":"","protected":false},"excerpt":{"rendered":"<p>T\u00e4m\u00e4 kannettava voimalaitos aurinkogeneraattori on luotettava ja tehokas virtal\u00e4hde, joka on suunniteltu ulkoiluun tai h\u00e4t\u00e4tilanteisiin. Se on valmistettu Kiinassa ja se on valmistettu k\u00e4ytt\u00e4m\u00e4ll\u00e4 uusia 100%-kennoja pitk\u00e4kestoisen suorituskyvyn takaamiseksi.<br \/>\nAkun kapasiteetti on 83 200 mAh, j\u00e4nnite 3,7 V ja kokonaisenergiakapasiteetti 300 WH. Lataukseen tarvittava tulo on 16,8V\/5A, ja t\u00e4yteen latautuminen kest\u00e4\u00e4 5-6 tuntia. T\u00e4ss\u00e4 voimalaitoksessa on my\u00f6s aurinkolatausmahdollisuus, jonka tuloalue on 18-23V\/100W Max.<br \/>\nSiin\u00e4 on useita DC-l\u00e4ht\u00f6j\u00e4, mukaan lukien 2x USB (5V\/9V\/2A, \/12V\/1.5A ja QC3.0), 1x Type-C (5V\/9V\/15V20V\/3A) PD 60W, 2x DC12V\/10A ja 1x savuke sytytin (14,4V\/10A). Lis\u00e4ksi voimalaitoksessa on jatkuva vaihtovirta puhdasta mustaa aaltoa 300W ja AC-j\u00e4nnitel\u00e4ht\u00f6 110(100-120)\/230(220-240)V AC l\u00e4ht\u00f6taajuus 50Hz\/60Hz\u00b15%.<br \/>\nVoimalaitos on varustettu virtaa osoittavalla LCD-n\u00e4yt\u00f6ll\u00e4, joka helpottaa valvontaa, ja sen kompakti koko on 270*154*242 mm. Voimalaitoksen mukana tulee 80 W adapteri latausta varten. Kaiken kaikkiaan t\u00e4m\u00e4 kannettava voimalaitos aurinkogeneraattori on laadukas ja monipuolinen virtal\u00e4hde, joka soveltuu erilaisiin ulko- ja h\u00e4t\u00e4tilanteisiin.<\/p>","protected":false},"featured_media":362,"template":"","meta":{"_kad_post_transparent":"default","_kad_post_title":"","_kad_post_layout":"default","_kad_post_sidebar_id":"","_kad_post_content_style":"default","_kad_post_vertical_padding":"default","_kad_post_feature":"","_kad_post_feature_position":"","_kad_post_header":false,"_kad_post_footer":false},"product_cat":[25,26],"product_tag":[191,192,190,182,197,199,195,196,194,188,198,193,189],"class_list":["post-361","product","type-product","status-publish","has-post-thumbnail","hentry","product_cat-home-storage-battery","product_cat-portable-power-station","product_tag-300w-power-station","product_tag-500w-power-station","product_tag-lifepo4-power-station","product_tag-portable-power-station","product_tag-portable-power-station-brand","product_tag-portable-power-station-camping","product_tag-portable-power-station-europe","product_tag-portable-power-station-factory","product_tag-portable-power-station-germany","product_tag-portable-power-station-manufacturer","product_tag-portable-power-station-market","product_tag-portable-power-station-usa","product_tag-power-station","entry","content-bg","loop-entry"],"_links":{"self":[{"href":"https:\/\/bybatt.com\/fi\/wp-json\/wp\/v2\/product\/361","targetHints":{"allow":["GET"]}}],"collection":[{"href":"https:\/\/bybatt.com\/fi\/wp-json\/wp\/v2\/product"}],"about":[{"href":"https:\/\/bybatt.com\/fi\/wp-json\/wp\/v2\/types\/product"}],"wp:featuredmedia":[{"embeddable":true,"href":"https:\/\/bybatt.com\/fi\/wp-json\/wp\/v2\/media\/362"}],"wp:attachment":[{"href":"https:\/\/bybatt.com\/fi\/wp-json\/wp\/v2\/media?parent=361"}],"wp:term":[{"taxonomy":"product_cat","embeddable":true,"href":"https:\/\/bybatt.com\/fi\/wp-json\/wp\/v2\/product_cat?post=361"},{"taxonomy":"product_tag","embeddable":true,"href":"https:\/\/bybatt.com\/fi\/wp-json\/wp\/v2\/product_tag?post=361"}],"curies":[{"name":"wp","href":"https:\/\/api.w.org\/{rel}","templated":true}]}}