{"id":369,"date":"2023-02-18T14:44:28","date_gmt":"2023-02-18T14:44:28","guid":{"rendered":"https:\/\/bybatt.com\/?post_type=product&#038;p=369"},"modified":"2023-02-18T14:56:30","modified_gmt":"2023-02-18T14:56:30","slug":"catl-prismatic-3-2v-300ah-lithium-lifepo4-battery-cells","status":"publish","type":"product","link":"https:\/\/bybatt.com\/fi\/tuote\/catl-prismatic-3-2v-300ah-lithium-lifepo4-battery-cells\/","title":{"rendered":"CATL Prismatic 3.2V 300AH Lithium LiFePO4 akkukennot"},"content":{"rendered":"","protected":false},"excerpt":{"rendered":"<p>CATL Prismatic 3.2V 300AH Lithium LiFePO4 Battery Cells ovat korkealaatuisia aurinkokennoja, jotka on suunniteltu asuntovaunujen, matkailuautojen, matkailuautojen tai s\u00e4hk\u00f6ajoneuvojen muunnosten tehopankkien rakentamiseen. N\u00e4it\u00e4 upouusia kennoja ei ole valmistettu kierr\u00e4tysmateriaaleista, mik\u00e4 varmistaa niiden pitk\u00e4ik\u00e4isyyden ja luotettavuuden.<br \/>\nJokainen kenno on kooltaan 174 x 208 k x 72 p (mm) ja painaa 5,4 kg. Ne ovat l\u00e4hes puolet AGM- tai lyijyakkujen painosta ja tarjoavat korkeammat latausjaksot, mik\u00e4 tekee niist\u00e4 ihanteellisen valinnan uusiutuvan energian j\u00e4rjestelmiin.<br \/>\nHuomaa, ett\u00e4 t\u00e4m\u00e4 on yksi 3,2 V kenno, ja 12 V akun luomiseksi sinun on kytkett\u00e4v\u00e4 nelj\u00e4 kennoa sarjaan tai kahdeksan kennoa 24 V j\u00e4rjestelm\u00e4ss\u00e4. Turvallisuuden ja pitk\u00e4ik\u00e4isyyden varmistamiseksi on v\u00e4ltt\u00e4m\u00e4t\u00f6nt\u00e4 k\u00e4ytt\u00e4\u00e4 BMS-j\u00e4rjestelm\u00e4\u00e4 (Battery Management System), jossa on l\u00e4mp\u00f6tila-anturi, kun kennoja kytket\u00e4\u00e4n sarjaan.<br \/>\nJos olet kiinnostunut ostamaan yhteensopivan akkupaketin, tarjoamme 12V, 24V, 36V ja 48V j\u00e4rjestelmi\u00e4 BMS:ll\u00e4 joko erikseen tai pakettina. Valitse tarpeisiisi parhaiten sopiva paketti rakentaaksesi luotettavan ja tehokkaan tehopankin uusiutuvan energian j\u00e4rjestelm\u00e4llesi.<\/p>","protected":false},"featured_media":370,"template":"","meta":{"_kad_post_transparent":"default","_kad_post_title":"","_kad_post_layout":"default","_kad_post_sidebar_id":"","_kad_post_content_style":"default","_kad_post_vertical_padding":"default","_kad_post_feature":"","_kad_post_feature_position":"","_kad_post_header":false,"_kad_post_footer":false},"product_cat":[24],"product_tag":[204,205,200,109,203,201,202],"class_list":["post-369","product","type-product","status-publish","has-post-thumbnail","hentry","product_cat-battery-cell","product_tag-catl-3-2v-300ah","product_tag-lifepo4-battery-cell","product_tag-lifepo4-battery-cells","product_tag-lifepo4-battery-pack","product_tag-lifepo4-cells","product_tag-lifepo4-prismatic-cells","product_tag-lithium-battery-cells","entry","content-bg","loop-entry"],"_links":{"self":[{"href":"https:\/\/bybatt.com\/fi\/wp-json\/wp\/v2\/product\/369","targetHints":{"allow":["GET"]}}],"collection":[{"href":"https:\/\/bybatt.com\/fi\/wp-json\/wp\/v2\/product"}],"about":[{"href":"https:\/\/bybatt.com\/fi\/wp-json\/wp\/v2\/types\/product"}],"wp:featuredmedia":[{"embeddable":true,"href":"https:\/\/bybatt.com\/fi\/wp-json\/wp\/v2\/media\/370"}],"wp:attachment":[{"href":"https:\/\/bybatt.com\/fi\/wp-json\/wp\/v2\/media?parent=369"}],"wp:term":[{"taxonomy":"product_cat","embeddable":true,"href":"https:\/\/bybatt.com\/fi\/wp-json\/wp\/v2\/product_cat?post=369"},{"taxonomy":"product_tag","embeddable":true,"href":"https:\/\/bybatt.com\/fi\/wp-json\/wp\/v2\/product_tag?post=369"}],"curies":[{"name":"wp","href":"https:\/\/api.w.org\/{rel}","templated":true}]}}