{"id":377,"date":"2023-02-18T15:00:20","date_gmt":"2023-02-18T15:00:20","guid":{"rendered":"https:\/\/bybatt.com\/?post_type=product&#038;p=377"},"modified":"2023-02-18T15:08:03","modified_gmt":"2023-02-18T15:08:03","slug":"exliporc-21700-3-7v-rechargeable-li-ion-batteries-cells","status":"publish","type":"product","link":"https:\/\/bybatt.com\/fi\/tuote\/exliporc-21700-3-7v-rechargeable-li-ion-batteries-cells\/","title":{"rendered":"Exliporc 21700 3,7 V ladattavat litiumioniakkukennot"},"content":{"rendered":"","protected":false},"excerpt":{"rendered":"<p>Exliporc 21700 3,7 V ladattavat litiumioniakut ovat korkealaatuisia, ladattavia litiumioniakkuja, jotka on suunniteltu tarjoamaan luotettavaa virtaa monenlaisiin sovelluksiin. Nettopaino 70g ja mitat 21*70mm, n\u00e4m\u00e4 akut ovat kompakteja ja helppoja kuljettaa.<br \/>\nAkkujen suuri nimelliskapasiteetti on 5000 mAh, joten ne tarjoavat pitk\u00e4kestoista virtaa laitteillesi. Niiden nimellisj\u00e4nnite on my\u00f6s 3,7 V, joten ne sopivat erilaisiin elektronisiin laitteisiin, jotka vaativat vakaan ja luotettavan virtal\u00e4hteen.<br \/>\nYksi n\u00e4iden akkujen t\u00e4rkeimmist\u00e4 ominaisuuksista on niiden 3C-purkausnopeus, mik\u00e4 tarkoittaa, ett\u00e4 ne voivat tuottaa korkean virrankulutuksen nopeaa latausta ja tehokasta virransy\u00f6tt\u00f6\u00e4 varten. T\u00e4m\u00e4 tekee niist\u00e4 ihanteellisia k\u00e4ytett\u00e4viksi korkean suorituskyvyn laitteissa, jotka vaativat paljon virtaa, kuten taskulamput, kamerat ja muut elektroniset laitteet.<br \/>\nKorkean suorituskyvyn lis\u00e4ksi n\u00e4m\u00e4 akut ovat my\u00f6s ymp\u00e4rist\u00f6yst\u00e4v\u00e4llisi\u00e4, koska ne ovat ladattavia ja niit\u00e4 voidaan k\u00e4ytt\u00e4\u00e4 yh\u00e4 uudelleen ja uudelleen. Ne ovat helppok\u00e4ytt\u00f6isi\u00e4 ja ne voidaan ladata tavallisella Li-ion-akkulaturilla.<\/p>","protected":false},"featured_media":378,"template":"","meta":{"_kad_post_transparent":"default","_kad_post_title":"","_kad_post_layout":"default","_kad_post_sidebar_id":"","_kad_post_content_style":"default","_kad_post_vertical_padding":"default","_kad_post_feature":"","_kad_post_feature_position":"","_kad_post_header":false,"_kad_post_footer":false},"product_cat":[24],"product_tag":[207,211,209,210,208,206],"class_list":["post-377","product","type-product","status-publish","has-post-thumbnail","hentry","product_cat-battery-cell","product_tag-21700-batteries","product_tag-21700-battery-pack","product_tag-21700-li-ion-rechargeable-battery-pack","product_tag-21700-lithium-battery-cells","product_tag-li-ion-2170-cells","product_tag-rechargeable-li-ion-batteries-cells","entry","content-bg","loop-entry"],"_links":{"self":[{"href":"https:\/\/bybatt.com\/fi\/wp-json\/wp\/v2\/product\/377","targetHints":{"allow":["GET"]}}],"collection":[{"href":"https:\/\/bybatt.com\/fi\/wp-json\/wp\/v2\/product"}],"about":[{"href":"https:\/\/bybatt.com\/fi\/wp-json\/wp\/v2\/types\/product"}],"wp:featuredmedia":[{"embeddable":true,"href":"https:\/\/bybatt.com\/fi\/wp-json\/wp\/v2\/media\/378"}],"wp:attachment":[{"href":"https:\/\/bybatt.com\/fi\/wp-json\/wp\/v2\/media?parent=377"}],"wp:term":[{"taxonomy":"product_cat","embeddable":true,"href":"https:\/\/bybatt.com\/fi\/wp-json\/wp\/v2\/product_cat?post=377"},{"taxonomy":"product_tag","embeddable":true,"href":"https:\/\/bybatt.com\/fi\/wp-json\/wp\/v2\/product_tag?post=377"}],"curies":[{"name":"wp","href":"https:\/\/api.w.org\/{rel}","templated":true}]}}