{"id":384,"date":"2023-02-18T15:17:32","date_gmt":"2023-02-18T15:17:32","guid":{"rendered":"https:\/\/bybatt.com\/?post_type=product&#038;p=384"},"modified":"2023-02-18T15:23:38","modified_gmt":"2023-02-18T15:23:38","slug":"3-7v-rechargeable-authentic-tesla-lithium-ion-battery-cells","status":"publish","type":"product","link":"https:\/\/bybatt.com\/fi\/tuote\/3-7v-rechargeable-authentic-tesla-lithium-ion-battery-cells\/","title":{"rendered":"3,7 V ladattavat aidot Teslan litiumioniakkukennot"},"content":{"rendered":"","protected":false},"excerpt":{"rendered":"<p>3,7 V:n ladattavat autenttiset Teslan litiumioniakkukennot ovat korkealaatuisia akkuja, jotka on suunniteltu k\u00e4ytett\u00e4v\u00e4ksi erilaisissa sovelluksissa. Kennot ovat 100% uusia, mik\u00e4 varmistaa, ett\u00e4 niiss\u00e4 ei ole vikoja ja ett\u00e4 ne pystyv\u00e4t tarjoamaan luotettavaa suorituskyky\u00e4.<br \/>\nN\u00e4iden kennojen koko on 21\u00a0700, halkaisija 21 mm ja pituus 70 mm, joten ne soveltuvat k\u00e4ytett\u00e4v\u00e4ksi monenlaisissa laitteissa. Kennojen j\u00e4nnitealue on 3,7 V - 4,2 V, mik\u00e4 mahdollistaa yhteensopivuuden useiden eri j\u00e4nnitetasoja vaativien laitteiden kanssa.<br \/>\nN\u00e4iden akkujen kapasiteetti on 4400 mAh, toleranssi +\/- 5%. T\u00e4m\u00e4 suuri kapasiteetti varmistaa, ett\u00e4 n\u00e4m\u00e4 kennot pystyv\u00e4t tarjoamaan pitk\u00e4kestoista virtaa laitteillesi, mik\u00e4 tekee niist\u00e4 ihanteellisia sovelluksiin, jotka vaativat luotettavan virtal\u00e4hteen.<br \/>\nN\u00e4m\u00e4 Teslan litiumioniakkukennot ovat ladattavia, joten ne ovat kustannustehokas ja ymp\u00e4rist\u00f6yst\u00e4v\u00e4llinen valinta. Ne on my\u00f6s suunniteltu turvallisiksi ja luotettaviksi, ja niiss\u00e4 on sis\u00e4\u00e4nrakennetut suojaominaisuudet, jotka est\u00e4v\u00e4t ylilatauksen, ylipurkauksen ja oikosulut.<\/p>","protected":false},"featured_media":385,"template":"","meta":{"_kad_post_transparent":"default","_kad_post_title":"","_kad_post_layout":"default","_kad_post_sidebar_id":"","_kad_post_content_style":"default","_kad_post_vertical_padding":"default","_kad_post_feature":"","_kad_post_feature_position":"","_kad_post_header":false,"_kad_post_footer":false},"product_cat":[24],"product_tag":[218,212,217,214,219,215,213,216],"class_list":["post-384","product","type-product","status-publish","has-post-thumbnail","hentry","product_cat-battery-cell","product_tag-3-63v-lithium-li-ion-batteries-cell","product_tag-authentic-tesla-battery-cells","product_tag-brand-new-icr-18650-26j","product_tag-lithium-ion-battery-cells","product_tag-phosphate-battery-cells","product_tag-rechargeable-battery-cells","product_tag-tesla-battery-cells","product_tag-tesla-lithium-ion-battery-cells","entry","content-bg","loop-entry"],"_links":{"self":[{"href":"https:\/\/bybatt.com\/fi\/wp-json\/wp\/v2\/product\/384","targetHints":{"allow":["GET"]}}],"collection":[{"href":"https:\/\/bybatt.com\/fi\/wp-json\/wp\/v2\/product"}],"about":[{"href":"https:\/\/bybatt.com\/fi\/wp-json\/wp\/v2\/types\/product"}],"wp:featuredmedia":[{"embeddable":true,"href":"https:\/\/bybatt.com\/fi\/wp-json\/wp\/v2\/media\/385"}],"wp:attachment":[{"href":"https:\/\/bybatt.com\/fi\/wp-json\/wp\/v2\/media?parent=384"}],"wp:term":[{"taxonomy":"product_cat","embeddable":true,"href":"https:\/\/bybatt.com\/fi\/wp-json\/wp\/v2\/product_cat?post=384"},{"taxonomy":"product_tag","embeddable":true,"href":"https:\/\/bybatt.com\/fi\/wp-json\/wp\/v2\/product_tag?post=384"}],"curies":[{"name":"wp","href":"https:\/\/api.w.org\/{rel}","templated":true}]}}