{"id":387,"date":"2023-02-18T15:28:18","date_gmt":"2023-02-18T15:28:18","guid":{"rendered":"https:\/\/bybatt.com\/?post_type=product&#038;p=387"},"modified":"2023-03-05T16:18:23","modified_gmt":"2023-03-05T16:18:23","slug":"3-2v-230ah-lifepo4-rechargeable-prismatic-battery-cells","status":"publish","type":"product","link":"https:\/\/bybatt.com\/fi\/tuote\/3-2v-230ah-lifepo4-rechargeable-prismatic-battery-cells\/","title":{"rendered":"3,2V 230AH LiFePO4 ladattavat prismaattiset akkukennot"},"content":{"rendered":"","protected":false},"excerpt":{"rendered":"<div class=\"A3dMNc\" data-initial-text=\"\">3,2 V 230 AH LiFePO4 ladattavat prismaattiset akkukennot ovat korkealaatuinen energian varastointiratkaisu, joka tarjoaa monia etuja. Jokainen akuissa k\u00e4ytetty kenno on 100% uutta, mik\u00e4 varmistaa tasaisen suorituskyvyn ja luotettavuuden. N\u00e4m\u00e4 akut ovat my\u00f6s ymp\u00e4rist\u00f6yst\u00e4v\u00e4llisi\u00e4 ja niill\u00e4 on korkea energiatiheys, mik\u00e4 tarkoittaa, ett\u00e4 ne voivat tarjota pitk\u00e4kestoista virtaa kompaktissa ja kevyess\u00e4 pakkauksessa. Yksi n\u00e4iden akkujen t\u00e4rkeimmist\u00e4 eduista on niiden alhainen itsepurkautumisaste, mik\u00e4 varmistaa, ett\u00e4 ne s\u00e4ilytt\u00e4v\u00e4t latauksensa pidemp\u00e4\u00e4n. Niill\u00e4 on my\u00f6s alhainen sis\u00e4inen vastus, mik\u00e4 tarkoittaa, ett\u00e4 ne voivat toimittaa tehoa nopeasti ja tehokkaasti. Lis\u00e4ksi akuilla on pitk\u00e4 k\u00e4ytt\u00f6ik\u00e4 ja ne voidaan ladata jopa 1000 kertaa ilman muistiefekti\u00e4. N\u00e4iss\u00e4 akuissa on my\u00f6s sis\u00e4\u00e4nrakennetut turvaominaisuudet, kuten oikosulkusuojaus ja korkean l\u00e4mp\u00f6tilan suojaus, mik\u00e4 varmistaa, ett\u00e4 niit\u00e4 on turvallista k\u00e4ytt\u00e4\u00e4 erilaisissa ymp\u00e4rist\u00f6iss\u00e4. Niiss\u00e4 on nopeammat latausajat kuin muilla akkutekniikoilla, mik\u00e4 tekee niist\u00e4 ihanteellisen valinnan sovelluksiin, jotka vaativat nopeita latausaikoja. Akut ovat my\u00f6s 100% k\u00e4ytett\u00e4viss\u00e4, mik\u00e4 tarkoittaa, ett\u00e4 k\u00e4ytt\u00e4j\u00e4t voivat luottaa akun t\u00e4yteen kapasiteettiin energiantarpeessaan. Lis\u00e4ksi akuissa on sis\u00e4\u00e4nrakennettu turvallisuussuoja BMS, joka auttaa est\u00e4m\u00e4\u00e4n ongelmia, kuten ylilataamista tai ylipurkautumista.<\/div>","protected":false},"featured_media":388,"template":"","meta":{"_kad_post_transparent":"default","_kad_post_title":"","_kad_post_layout":"default","_kad_post_sidebar_id":"","_kad_post_content_style":"default","_kad_post_vertical_padding":"default","_kad_post_feature":"","_kad_post_feature_position":"","_kad_post_header":false,"_kad_post_footer":false},"product_cat":[24],"product_tag":[221,200,203,222,202,223,220,215,224],"class_list":["post-387","product","type-product","status-publish","has-post-thumbnail","hentry","product_cat-battery-cell","product_tag-deep-cycle-3-2v-230ah-lfp","product_tag-lifepo4-battery-cells","product_tag-lifepo4-cells","product_tag-lifepo4-inverter-lithium-iron","product_tag-lithium-battery-cells","product_tag-phosphate-battery-cells-200ah","product_tag-prismatic-battery-cells","product_tag-rechargeable-battery-cells","product_tag-rechargeable-power-wall-ebike-batteries","entry","content-bg","loop-entry"],"_links":{"self":[{"href":"https:\/\/bybatt.com\/fi\/wp-json\/wp\/v2\/product\/387","targetHints":{"allow":["GET"]}}],"collection":[{"href":"https:\/\/bybatt.com\/fi\/wp-json\/wp\/v2\/product"}],"about":[{"href":"https:\/\/bybatt.com\/fi\/wp-json\/wp\/v2\/types\/product"}],"wp:featuredmedia":[{"embeddable":true,"href":"https:\/\/bybatt.com\/fi\/wp-json\/wp\/v2\/media\/388"}],"wp:attachment":[{"href":"https:\/\/bybatt.com\/fi\/wp-json\/wp\/v2\/media?parent=387"}],"wp:term":[{"taxonomy":"product_cat","embeddable":true,"href":"https:\/\/bybatt.com\/fi\/wp-json\/wp\/v2\/product_cat?post=387"},{"taxonomy":"product_tag","embeddable":true,"href":"https:\/\/bybatt.com\/fi\/wp-json\/wp\/v2\/product_tag?post=387"}],"curies":[{"name":"wp","href":"https:\/\/api.w.org\/{rel}","templated":true}]}}