{"id":393,"date":"2023-02-18T15:39:42","date_gmt":"2023-02-18T15:39:42","guid":{"rendered":"https:\/\/bybatt.com\/?post_type=product&#038;p=393"},"modified":"2023-02-19T08:22:15","modified_gmt":"2023-02-19T08:22:15","slug":"36v-48v-52v-electric-bike-lithium-battery-with-charger","status":"publish","type":"product","link":"https:\/\/bybatt.com\/fi\/tuote\/36v-48v-52v-electric-bike-lithium-battery-with-charger\/","title":{"rendered":"36V 48V 52V s\u00e4hk\u00f6py\u00f6r\u00e4n litiumakku laturilla"},"content":{"rendered":"","protected":false},"excerpt":{"rendered":"<div class=\"A3dMNc\" data-initial-text=\"\">36V 48V 52V Electric Bike Lithium Battery ja laturi on korkealaatuinen akku, joka on suunniteltu s\u00e4hk\u00f6polkupy\u00f6rille. Akussa k\u00e4ytet\u00e4\u00e4n 100% uutta Li(NiCoMn)O2 18650 -kennoa ja se on saatavana nimellisj\u00e4nnitevaihtoehtoina 36V ja 48V nimelliskapasiteettivaihtoehdoilla 10-20ah. Ulkokuori on valmistettu alumiinista, mik\u00e4 tekee siit\u00e4 tukevan ja kest\u00e4v\u00e4n.<br \/>\nAkun mitat ovat 257150147mm ja paino noin 3.5KG\/4.5Kg. Sen mukana tulee tavallinen laturi, joka lataa akkua 0,2 C:n vakiovirralla ja 42 V:n vakioj\u00e4nnitteell\u00e4. Pikalatausvaihtoehto k\u00e4ytt\u00e4\u00e4 vakiovirtaa 0,5 CA.<br \/>\nAkun vakiopurkausnopeus on vakiovirta 0,2C ja loppuj\u00e4nnite 36,4V. Akun jatkuva purkausvirta on 20 A ja huippupurkausvirta 60 A, joten se pystyy toimittamaan suurta tehoa tarvittaessa.<br \/>\nDOD80%:n akun k\u00e4ytt\u00f6ik\u00e4 on 500 kertaa, mik\u00e4 tarkoittaa, ett\u00e4 se voidaan ladata ja purkaa jopa 500 kertaa s\u00e4ilytt\u00e4en 80% alkuper\u00e4isest\u00e4 kapasiteetistaan. Akussa on my\u00f6s BMS-toiminto, joka sis\u00e4lt\u00e4\u00e4 ylivirtasuojan, ylipurkaussuojan, ylilataussuojan, oikosulkusuojauksen ja tasapainon. T\u00e4m\u00e4 varmistaa, ett\u00e4 akku on suojattu vaurioilta ja pident\u00e4\u00e4 sen k\u00e4ytt\u00f6ik\u00e4\u00e4.<br \/>\nAkku voidaan s\u00e4ilytt\u00e4\u00e4 l\u00e4mp\u00f6tila-alueella -10-40 \u2103, suhteellinen kosteusalue 45-75% ja painealue 86-106 KPa. T\u00e4m\u00e4 tekee siit\u00e4 sopivan k\u00e4ytett\u00e4v\u00e4ksi erilaisissa ymp\u00e4rist\u00f6iss\u00e4. Kaiken kaikkiaan t\u00e4m\u00e4 akku on luotettava ja tehokas vaihtoehto s\u00e4hk\u00f6polkupy\u00f6rille.<\/div>","protected":false},"featured_media":394,"template":"","meta":{"_kad_post_transparent":"default","_kad_post_title":"","_kad_post_layout":"default","_kad_post_sidebar_id":"","_kad_post_content_style":"default","_kad_post_vertical_padding":"default","_kad_post_feature":"","_kad_post_feature_position":"","_kad_post_header":false,"_kad_post_footer":false},"product_cat":[19,22],"product_tag":[226,232,231,234,230,229,41,227,40,225,233,228],"class_list":["post-393","product","type-product","status-publish","has-post-thumbnail","hentry","product_cat-custom-ebike-battery","product_cat-rear-ebike-battery","product_tag-36v-10ah-lithium-battery","product_tag-36v-lithium-battery-for-electric-bikes","product_tag-48v-lithium-ion-battery-for-electric-bike","product_tag-e-bike-battery","product_tag-ebike-lithium-battery","product_tag-electric-bicycle-batteries","product_tag-electric-bicycle-battery","product_tag-electric-bike-14ah-24v-electric-bicycle-battery","product_tag-electric-bike-lithium-battery","product_tag-kangaroo-ebike-battery","product_tag-lithium-battery-for-motorcycle","product_tag-lithium-bicycle-battery","entry","content-bg","loop-entry"],"_links":{"self":[{"href":"https:\/\/bybatt.com\/fi\/wp-json\/wp\/v2\/product\/393","targetHints":{"allow":["GET"]}}],"collection":[{"href":"https:\/\/bybatt.com\/fi\/wp-json\/wp\/v2\/product"}],"about":[{"href":"https:\/\/bybatt.com\/fi\/wp-json\/wp\/v2\/types\/product"}],"wp:featuredmedia":[{"embeddable":true,"href":"https:\/\/bybatt.com\/fi\/wp-json\/wp\/v2\/media\/394"}],"wp:attachment":[{"href":"https:\/\/bybatt.com\/fi\/wp-json\/wp\/v2\/media?parent=393"}],"wp:term":[{"taxonomy":"product_cat","embeddable":true,"href":"https:\/\/bybatt.com\/fi\/wp-json\/wp\/v2\/product_cat?post=393"},{"taxonomy":"product_tag","embeddable":true,"href":"https:\/\/bybatt.com\/fi\/wp-json\/wp\/v2\/product_tag?post=393"}],"curies":[{"name":"wp","href":"https:\/\/api.w.org\/{rel}","templated":true}]}}