{"id":400,"date":"2023-02-18T15:48:32","date_gmt":"2023-02-18T15:48:32","guid":{"rendered":"https:\/\/bybatt.com\/?post_type=product&#038;p=400"},"modified":"2023-02-19T08:21:52","modified_gmt":"2023-02-19T08:21:52","slug":"electric-bicycle-rear-rack-battery-pack-with-taillight","status":"publish","type":"product","link":"https:\/\/bybatt.com\/fi\/tuote\/electric-bicycle-rear-rack-battery-pack-with-taillight\/","title":{"rendered":"S\u00e4hk\u00f6py\u00f6r\u00e4n takatelineen akkupaketti takavalolla"},"content":{"rendered":"","protected":false},"excerpt":{"rendered":"<p>S\u00e4hk\u00f6py\u00f6r\u00e4n takatelineen akkupaketti takavalolla on ladattava litiumioniakkupaketti, joka on suunniteltu asennettavaksi s\u00e4hk\u00f6py\u00f6r\u00e4n takatelineeseen. Akkupakkauksessa on sis\u00e4\u00e4nrakennettu takavalo, joka lis\u00e4\u00e4 turvallisuutta y\u00f6ajoon.<br \/>\nAkkupakkaus k\u00e4ytt\u00e4\u00e4 100% uutta Li(NiCoMn)O2 18650 -kennoa ja on saatavana kahdella j\u00e4nnitevaihtoehdolla: 36v ja 48v. Akun nimelliskapasiteetti vaihtelee 10-20ah. Ulkokuori on valmistettu alumiinista, joka tarjoaa kest\u00e4vyytt\u00e4 ja suojaa iskuja ja elementtej\u00e4 vastaan. Akun mitat ovat 257*150*147mm ja se painaa noin 3,5KG\/4,5Kg.<br \/>\nAkku voidaan ladata joko vakio- tai pikalatausmenetelm\u00e4ll\u00e4. Vakiolataus sis\u00e4lt\u00e4\u00e4 0,2 C:n vakiovirran ja 42 V:n vakioj\u00e4nnitteen 100 mA:n katkaisulla. Pikalataus sis\u00e4lt\u00e4\u00e4 0,5 CA:n vakiovirran ja 42 V:n vakioj\u00e4nnitteen 100 mA:n katkaisulla.<br \/>\nAkun jatkuva purkausvirta on 20 A ja huippupurkausvirta 60 A, mik\u00e4 tarkoittaa, ett\u00e4 se voi tarjota korkeaa tehoa py\u00f6r\u00e4n s\u00e4hk\u00f6moottorille. Akun k\u00e4ytt\u00f6ik\u00e4 on 500 kertaa DOD80%:ll\u00e4, mik\u00e4 tarkoittaa, ett\u00e4 se voidaan ladata ja purkaa jopa 500 kertaa ennen kuin se alkaa kulua merkitt\u00e4v\u00e4sti.<br \/>\nAkkupaketti on varustettu BMS-j\u00e4rjestelm\u00e4ll\u00e4 (akun hallintaj\u00e4rjestelm\u00e4), joka suojaa ylivirralta, ylipurkaukselta, ylilataukselta ja oikosululta. BMS auttaa my\u00f6s tasapainottamaan akun yksitt\u00e4isi\u00e4 kennoja varmistaakseen, ett\u00e4 ne kaikki latautuvat ja purkautuvat tasaisesti.<br \/>\nAkkua voidaan s\u00e4ilytt\u00e4\u00e4 l\u00e4mp\u00f6tila-alueella -10-40 \u2103 suhteellisessa kosteudessa 45-75% ja painealueella 86-106 KPa. Kaiken kaikkiaan s\u00e4hk\u00f6py\u00f6r\u00e4n takatelineen akkupaketti takavalolla on korkealaatuinen ja luotettava virtal\u00e4hde s\u00e4hk\u00f6py\u00f6rille, joka tarjoaa mukavuutta, turvallisuutta ja korkeaa suorituskyky\u00e4.<\/p>","protected":false},"featured_media":401,"template":"","meta":{"_kad_post_transparent":"default","_kad_post_title":"","_kad_post_layout":"default","_kad_post_sidebar_id":"","_kad_post_content_style":"default","_kad_post_vertical_padding":"default","_kad_post_feature":"","_kad_post_feature_position":"","_kad_post_header":false,"_kad_post_footer":false},"product_cat":[19,22],"product_tag":[240,241,237,238,239,235,236],"class_list":["post-400","product","type-product","status-publish","has-post-thumbnail","hentry","product_cat-custom-ebike-battery","product_cat-rear-ebike-battery","product_tag-akku-48v-36v-20ah-ebike-battery","product_tag-battery-jceb360-13","product_tag-ebike-rear-rack-battery","product_tag-electric-bike-battery-with-rear-rack","product_tag-rear-rack-25-ah-lithium-ion-battery-pack","product_tag-rear-rack-battery","product_tag-rear-rack-ebike-battery","entry","content-bg","loop-entry"],"_links":{"self":[{"href":"https:\/\/bybatt.com\/fi\/wp-json\/wp\/v2\/product\/400","targetHints":{"allow":["GET"]}}],"collection":[{"href":"https:\/\/bybatt.com\/fi\/wp-json\/wp\/v2\/product"}],"about":[{"href":"https:\/\/bybatt.com\/fi\/wp-json\/wp\/v2\/types\/product"}],"wp:featuredmedia":[{"embeddable":true,"href":"https:\/\/bybatt.com\/fi\/wp-json\/wp\/v2\/media\/401"}],"wp:attachment":[{"href":"https:\/\/bybatt.com\/fi\/wp-json\/wp\/v2\/media?parent=400"}],"wp:term":[{"taxonomy":"product_cat","embeddable":true,"href":"https:\/\/bybatt.com\/fi\/wp-json\/wp\/v2\/product_cat?post=400"},{"taxonomy":"product_tag","embeddable":true,"href":"https:\/\/bybatt.com\/fi\/wp-json\/wp\/v2\/product_tag?post=400"}],"curies":[{"name":"wp","href":"https:\/\/api.w.org\/{rel}","templated":true}]}}