{"id":407,"date":"2023-02-19T03:55:38","date_gmt":"2023-02-19T03:55:38","guid":{"rendered":"https:\/\/bybatt.com\/?post_type=product&#038;p=407"},"modified":"2023-02-19T08:21:27","modified_gmt":"2023-02-19T08:21:27","slug":"wholesale-24v-36v-48v-e-bike-rear-rack-lithium-ion-battery","status":"publish","type":"product","link":"https:\/\/bybatt.com\/fi\/tuote\/wholesale-24v-36v-48v-e-bike-rear-rack-lithium-ion-battery\/","title":{"rendered":"Tukkumyynti 24V 36V 48V s\u00e4hk\u00f6py\u00f6r\u00e4n takateline Litiumioniakku"},"content":{"rendered":"","protected":false},"excerpt":{"rendered":"<p>Tukkumyynti 24V 36V 48V E-Bike Rear Rack Lithium-ion Battery on korkealaatuinen s\u00e4hk\u00f6py\u00f6riin suunniteltu akku. T\u00e4m\u00e4 akku k\u00e4ytt\u00e4\u00e4 100% uusia kennoja, joiden kemia on Li(NiCoMn)O2 18650. Sen nimellisj\u00e4nnite on 36V tai 48V ja nimelliskapasiteetti 10-20ah. Ulkokuori on valmistettu alumiinista, mik\u00e4 tekee siit\u00e4 tukevan ja kest\u00e4v\u00e4n. Akun mitat ovat 257*150*147mm ja se painaa noin 3,5KG\/4,5Kg.<br \/>\nAkku voidaan ladata vakiolatauksella vakiovirralla 0,2C, vakioj\u00e4nnitteell\u00e4 42V 100mA katkaisu tai pikalatauksella vakiovirralla 0,5CA, vakioj\u00e4nnite 42V 100mA katkaisu. Se voidaan purkaa vakiopurkauksella, jonka vakiovirta on 0,2 C \/ loppuj\u00e4nnite 36,4 V. Akun jatkuva purkausvirta on 20A ja huippupurkausvirta 60A.<br \/>\nT\u00e4m\u00e4n akun k\u00e4ytt\u00f6ik\u00e4 on 500 kertaa DOD80%:n kanssa ja se sis\u00e4lt\u00e4\u00e4 BMS:n (Battery Management System), jossa on ylivirtasuoja, ylipurkaussuoja, ylilataussuoja, oikosulkusuojaus ja tasapainotoiminnot. Akkua voidaan s\u00e4ilytt\u00e4\u00e4 l\u00e4mp\u00f6tila-alueella -10-40 \u2103 suhteellisessa kosteudessa 45-75% ja paineessa 86-106 KPa. T\u00e4m\u00e4 akku on ihanteellinen s\u00e4hk\u00f6py\u00f6r\u00e4harrastajille, jotka haluavat luotettavan ja pitk\u00e4kestoisen virtal\u00e4hteen s\u00e4hk\u00f6py\u00f6rilleen.<\/p>","protected":false},"featured_media":408,"template":"","meta":{"_kad_post_transparent":"default","_kad_post_title":"","_kad_post_layout":"default","_kad_post_sidebar_id":"","_kad_post_content_style":"default","_kad_post_vertical_padding":"default","_kad_post_feature":"","_kad_post_feature_position":"","_kad_post_header":false,"_kad_post_footer":false},"product_cat":[19,22],"product_tag":[246,248,247,249,244,238,245,235,236,243,242],"class_list":["post-407","product","type-product","status-publish","has-post-thumbnail","hentry","product_cat-custom-ebike-battery","product_cat-rear-ebike-battery","product_tag-24v-battery-rack-mount","product_tag-24v-rear-rack-battery","product_tag-36v-rear-rack-battery","product_tag-48v-rear-rack-battery","product_tag-48volt-li-ion-e-bike-akku-ebike-rear-rack","product_tag-electric-bike-battery-with-rear-rack","product_tag-kangaroo-battery","product_tag-rear-rack-battery","product_tag-rear-rack-ebike-battery","product_tag-rear-rack-ebike-lithium-ion-battery","product_tag-rear-rack-lithium-ion-battery","entry","content-bg","loop-entry"],"_links":{"self":[{"href":"https:\/\/bybatt.com\/fi\/wp-json\/wp\/v2\/product\/407","targetHints":{"allow":["GET"]}}],"collection":[{"href":"https:\/\/bybatt.com\/fi\/wp-json\/wp\/v2\/product"}],"about":[{"href":"https:\/\/bybatt.com\/fi\/wp-json\/wp\/v2\/types\/product"}],"wp:featuredmedia":[{"embeddable":true,"href":"https:\/\/bybatt.com\/fi\/wp-json\/wp\/v2\/media\/408"}],"wp:attachment":[{"href":"https:\/\/bybatt.com\/fi\/wp-json\/wp\/v2\/media?parent=407"}],"wp:term":[{"taxonomy":"product_cat","embeddable":true,"href":"https:\/\/bybatt.com\/fi\/wp-json\/wp\/v2\/product_cat?post=407"},{"taxonomy":"product_tag","embeddable":true,"href":"https:\/\/bybatt.com\/fi\/wp-json\/wp\/v2\/product_tag?post=407"}],"curies":[{"name":"wp","href":"https:\/\/api.w.org\/{rel}","templated":true}]}}