{"id":415,"date":"2023-02-19T07:37:27","date_gmt":"2023-02-19T07:37:27","guid":{"rendered":"https:\/\/bybatt.com\/?post_type=product&#038;p=415"},"modified":"2023-02-19T08:21:03","modified_gmt":"2023-02-19T08:21:03","slug":"100-new-cell-li-ion-e-bike-battery-mounted-on-rear-rack","status":"publish","type":"product","link":"https:\/\/bybatt.com\/fi\/tuote\/100-new-cell-li-ion-e-bike-battery-mounted-on-rear-rack\/","title":{"rendered":"100% uusi Cell Li-ion s\u00e4hk\u00f6py\u00f6r\u00e4n akku asennettuna takatelineeseen"},"content":{"rendered":"","protected":false},"excerpt":{"rendered":"<p>Takatelineeseen asennettu 100% New Cell Li-ion -s\u00e4hk\u00f6py\u00f6r\u00e4akku on korkealaatuinen, luotettava akku, joka on suunniteltu s\u00e4hk\u00f6py\u00f6riin. Akku on valmistettu k\u00e4ytt\u00e4m\u00e4ll\u00e4 100% uusia kennoja, joiden kemia on Li(NiCoMn)O2 18650. Sit\u00e4 on saatavana kahdella eri nimellisj\u00e4nnitteell\u00e4, 36v ja 48v, ja sen nimelliskapasiteetti on 10-20ah.<br \/>\nAkun ulkokuori on valmistettu kest\u00e4v\u00e4st\u00e4 alumiinista ja sen mitat ovat 257*150*147mm. Akku voidaan ladata tavallisella latausmenetelm\u00e4ll\u00e4, jossa vakiovirta on 0,2 C ja j\u00e4nnite 42 V, 100 mA katkaisulla. Vaihtoehtoisesti voidaan k\u00e4ytt\u00e4\u00e4 pikalatausmenetelm\u00e4\u00e4, joka sis\u00e4lt\u00e4\u00e4 0,5 CA:n vakiovirran, 42 V:n vakioj\u00e4nnitteen ja 100 mA:n katkaisun.<br \/>\nK\u00e4yt\u00f6n aikana akkua voidaan purkaa vakiovirralla 0,2C, kunnes loppuj\u00e4nnite saavuttaa 36,4V. Akku painaa noin 3,5 kg\/4,5 kg ja sen jatkuva purkausvirta on 20 A ja huippupurkausvirta 60 A. DOD80%:n akun k\u00e4ytt\u00f6ik\u00e4 on 500 kertaa.<br \/>\nAkku on varustettu BMS-j\u00e4rjestelm\u00e4ll\u00e4 (Battery Management System), joka suojaa ylivirtaa, ylipurkausta, ylilatausta ja oikosulkuja vastaan. Siin\u00e4 on my\u00f6s tasapainotustoiminto, joka varmistaa, ett\u00e4 akun kaikki kennot latautuvat ja purkautuvat tasaisesti.<br \/>\nAkun s\u00e4ilytysl\u00e4mp\u00f6tila-alue on -10-40 \u2103, suhteellinen kosteusalue 45-75% ja painealue 86-106 KPa. T\u00e4m\u00e4 akku on loistava valinta kaikille, jotka haluavat p\u00e4ivitt\u00e4\u00e4 tai vaihtaa nykyisen s\u00e4hk\u00f6py\u00f6r\u00e4n akkunsa.<\/p>","protected":false},"featured_media":416,"template":"","meta":{"_kad_post_transparent":"default","_kad_post_title":"","_kad_post_layout":"default","_kad_post_sidebar_id":"","_kad_post_content_style":"default","_kad_post_vertical_padding":"default","_kad_post_feature":"","_kad_post_feature_position":"","_kad_post_header":false,"_kad_post_footer":false},"product_cat":[19,22],"product_tag":[248,247,252,253,249,245,250,254,251],"class_list":["post-415","product","type-product","status-publish","has-post-thumbnail","hentry","product_cat-custom-ebike-battery","product_cat-rear-ebike-battery","product_tag-24v-rear-rack-battery","product_tag-36v-rear-rack-battery","product_tag-48-volt-rear-rack-electric-bicycle-battery","product_tag-48v-10ah-ebike-battery-with-carrier","product_tag-48v-rear-rack-battery","product_tag-kangaroo-battery","product_tag-li-ion-e-bike-battery","product_tag-rack-ebike-rear-rack","product_tag-rechargeable-lithium-ion","entry","content-bg","loop-entry"],"_links":{"self":[{"href":"https:\/\/bybatt.com\/fi\/wp-json\/wp\/v2\/product\/415","targetHints":{"allow":["GET"]}}],"collection":[{"href":"https:\/\/bybatt.com\/fi\/wp-json\/wp\/v2\/product"}],"about":[{"href":"https:\/\/bybatt.com\/fi\/wp-json\/wp\/v2\/types\/product"}],"wp:featuredmedia":[{"embeddable":true,"href":"https:\/\/bybatt.com\/fi\/wp-json\/wp\/v2\/media\/416"}],"wp:attachment":[{"href":"https:\/\/bybatt.com\/fi\/wp-json\/wp\/v2\/media?parent=415"}],"wp:term":[{"taxonomy":"product_cat","embeddable":true,"href":"https:\/\/bybatt.com\/fi\/wp-json\/wp\/v2\/product_cat?post=415"},{"taxonomy":"product_tag","embeddable":true,"href":"https:\/\/bybatt.com\/fi\/wp-json\/wp\/v2\/product_tag?post=415"}],"curies":[{"name":"wp","href":"https:\/\/api.w.org\/{rel}","templated":true}]}}