{"id":422,"date":"2023-02-19T08:03:36","date_gmt":"2023-02-19T08:03:36","guid":{"rendered":"https:\/\/bybatt.com\/?post_type=product&#038;p=422"},"modified":"2023-02-19T08:20:43","modified_gmt":"2023-02-19T08:20:43","slug":"electric-bike-tricycle-lithium-battery-pack-rear-rack-type","status":"publish","type":"product","link":"https:\/\/bybatt.com\/fi\/tuote\/electric-bike-tricycle-lithium-battery-pack-rear-rack-type\/","title":{"rendered":"S\u00e4hk\u00f6py\u00f6r\u00e4n kolmipy\u00f6r\u00e4isen litiumpariston takatelinetyyppi"},"content":{"rendered":"","protected":false},"excerpt":{"rendered":"<p>asennettu polkupy\u00f6r\u00e4n tai kolmipy\u00f6r\u00e4n takatelineeseen. Akku k\u00e4ytt\u00e4\u00e4 100% uusia kennoja, ja sen kemia on Li(NiCoMn)O2 18650. Siin\u00e4 on kaksi nimellisj\u00e4nnitevaihtoehtoa: 36v ja 48v, joiden nimelliskapasiteetti on 10-20ah. Akun ulkokuori on alumiinia ja sen mitat ovat 257*150*147 mm.<br \/>\nAkku voidaan ladata vakiolatauksella 0.2C vakiovirralla ja 42V vakioj\u00e4nnitteell\u00e4 100mA katkaisulla tai pikalatauksella 0.5CA vakiovirralla, vakioj\u00e4nnitteell\u00e4 42V 100mA katkaisulla. Sen vakiopurkausnopeus on vakiovirta 0,2 C ja p\u00e4\u00e4tej\u00e4nnite 36,4 V. Akku painaa noin 3,5 kg\/4,5 kg ja sen jatkuva purkausvirta on 20 A ja huippupurkausvirta 60 A.<br \/>\nAkun k\u00e4ytt\u00f6ik\u00e4 on 500 kertaa DOD80%:n kanssa, ja se sis\u00e4lt\u00e4\u00e4 BMS-toiminnon (akunhallintaj\u00e4rjestelm\u00e4), joka tarjoaa ylivirtasuojan, ylipurkaussuojan, ylilataussuojan, oikosulkusuojauksen ja tasapainon. Akkua voidaan s\u00e4ilytt\u00e4\u00e4 l\u00e4mp\u00f6tila-alueella -10-40 \u2103, suhteellisessa kosteudessa 45-75% ja paineessa 86-106 KPa.<br \/>\nKaiken kaikkiaan t\u00e4m\u00e4 akkupaketti on suunniteltu s\u00e4hk\u00f6py\u00f6r\u00e4ilij\u00f6ille tai kolmipy\u00f6r\u00e4ilij\u00f6ille, jotka tarvitsevat luotettavan virtal\u00e4hteen, joka on helppo asentaa ja k\u00e4ytt\u00e4\u00e4. Se tarjoaa korkean suorituskyvyn ja turvallisuuden, joten se on erinomainen valinta s\u00e4hk\u00f6py\u00f6r\u00e4n tai kolmipy\u00f6r\u00e4n harrastajille.<\/p>","protected":false},"featured_media":424,"template":"","meta":{"_kad_post_transparent":"default","_kad_post_title":"","_kad_post_layout":"default","_kad_post_sidebar_id":"","_kad_post_content_style":"default","_kad_post_vertical_padding":"default","_kad_post_feature":"","_kad_post_feature_position":"","_kad_post_header":false,"_kad_post_footer":false},"product_cat":[19,22],"product_tag":[258,248,247,256,249,236,257,255],"class_list":["post-422","product","type-product","status-publish","has-post-thumbnail","hentry","product_cat-custom-ebike-battery","product_cat-rear-ebike-battery","product_tag-18650-lithium-ion-battery-pack","product_tag-24v-rear-rack-battery","product_tag-36v-rear-rack-battery","product_tag-48v-32ah-lithium-battery","product_tag-48v-rear-rack-battery","product_tag-rear-rack-ebike-battery","product_tag-recharge-storage-battery","product_tag-tricycle-lithium-battery-pack","entry","content-bg","loop-entry"],"_links":{"self":[{"href":"https:\/\/bybatt.com\/fi\/wp-json\/wp\/v2\/product\/422","targetHints":{"allow":["GET"]}}],"collection":[{"href":"https:\/\/bybatt.com\/fi\/wp-json\/wp\/v2\/product"}],"about":[{"href":"https:\/\/bybatt.com\/fi\/wp-json\/wp\/v2\/types\/product"}],"wp:featuredmedia":[{"embeddable":true,"href":"https:\/\/bybatt.com\/fi\/wp-json\/wp\/v2\/media\/424"}],"wp:attachment":[{"href":"https:\/\/bybatt.com\/fi\/wp-json\/wp\/v2\/media?parent=422"}],"wp:term":[{"taxonomy":"product_cat","embeddable":true,"href":"https:\/\/bybatt.com\/fi\/wp-json\/wp\/v2\/product_cat?post=422"},{"taxonomy":"product_tag","embeddable":true,"href":"https:\/\/bybatt.com\/fi\/wp-json\/wp\/v2\/product_tag?post=422"}],"curies":[{"name":"wp","href":"https:\/\/api.w.org\/{rel}","templated":true}]}}