{"id":430,"date":"2023-02-19T08:26:22","date_gmt":"2023-02-19T08:26:22","guid":{"rendered":"https:\/\/bybatt.com\/?post_type=product&#038;p=430"},"modified":"2023-02-19T09:32:04","modified_gmt":"2023-02-19T09:32:04","slug":"customized-high-capacity-brand-new-e-bike-rack-battery","status":"publish","type":"product","link":"https:\/\/bybatt.com\/fi\/tuote\/customized-high-capacity-brand-new-e-bike-rack-battery\/","title":{"rendered":"R\u00e4\u00e4t\u00e4l\u00f6ity suurikapasiteettinen upouusi E-py\u00f6r\u00e4telineen akku"},"content":{"rendered":"","protected":false},"excerpt":{"rendered":"<p>T\u00e4m\u00e4 tuote on upouusi suurikapasiteettinen e-py\u00f6r\u00e4telineen akku, joka voidaan r\u00e4\u00e4t\u00e4l\u00f6id\u00e4 erityistarpeiden mukaan. Akku k\u00e4ytt\u00e4\u00e4 100% uusia kennoja ja sen kemia on Li(NiCoMn)O2 18650. Sen nimellisj\u00e4nnite on joko 36v tai 48v ja nimelliskapasiteetti 10-20ah. Ulkokuori on valmistettu alumiinista ja sen mitat ovat 257*150*147mm.<br \/>\nAkku voidaan ladata kahdella tavalla: vakiolataus ja pikalataus. Vakiolataus k\u00e4ytt\u00e4\u00e4 vakiovirtaa 0,2 C, vakioj\u00e4nnitett\u00e4 42 V ja 100 mA katkaisuvirtaa. Pikalataus k\u00e4ytt\u00e4\u00e4 0,5 CA:n vakiovirtaa, 42 V:n vakioj\u00e4nnitett\u00e4 ja 100 mA:n katkaisua.<br \/>\nK\u00e4yt\u00f6ss\u00e4 akun jatkuva purkausvirta on 20A ja huippupurkausvirta 60A. Jakson k\u00e4ytt\u00f6ik\u00e4 on noin 500 kertaa DOD80%-luokituksen kanssa.<br \/>\nAkussa on sis\u00e4\u00e4nrakennettu BMS (akunhallintaj\u00e4rjestelm\u00e4), joka suojaa ylivirralta, ylipurkaukselta, ylilataukselta ja oikosululta. BMS varmistaa my\u00f6s tasapainon akkukennojen v\u00e4lill\u00e4.<br \/>\nAkun s\u00e4ilytysl\u00e4mp\u00f6tila-alue on -10-40 \u2103, suhteellinen kosteusalue 45-75% ja painealue 86-106 KPa. Akun paino on noin 3,5 kg tai 4,5 kg kapasiteetista riippuen.<\/p>","protected":false},"featured_media":431,"template":"","meta":{"_kad_post_transparent":"default","_kad_post_title":"","_kad_post_layout":"default","_kad_post_sidebar_id":"","_kad_post_content_style":"default","_kad_post_vertical_padding":"default","_kad_post_feature":"","_kad_post_feature_position":"","_kad_post_header":false,"_kad_post_footer":false},"product_cat":[19,22],"product_tag":[248,247,249,259,236],"class_list":["post-430","product","type-product","status-publish","has-post-thumbnail","hentry","product_cat-custom-ebike-battery","product_cat-rear-ebike-battery","product_tag-24v-rear-rack-battery","product_tag-36v-rear-rack-battery","product_tag-48v-rear-rack-battery","product_tag-e-bike-rack-battery","product_tag-rear-rack-ebike-battery","entry","content-bg","loop-entry"],"_links":{"self":[{"href":"https:\/\/bybatt.com\/fi\/wp-json\/wp\/v2\/product\/430","targetHints":{"allow":["GET"]}}],"collection":[{"href":"https:\/\/bybatt.com\/fi\/wp-json\/wp\/v2\/product"}],"about":[{"href":"https:\/\/bybatt.com\/fi\/wp-json\/wp\/v2\/types\/product"}],"wp:featuredmedia":[{"embeddable":true,"href":"https:\/\/bybatt.com\/fi\/wp-json\/wp\/v2\/media\/431"}],"wp:attachment":[{"href":"https:\/\/bybatt.com\/fi\/wp-json\/wp\/v2\/media?parent=430"}],"wp:term":[{"taxonomy":"product_cat","embeddable":true,"href":"https:\/\/bybatt.com\/fi\/wp-json\/wp\/v2\/product_cat?post=430"},{"taxonomy":"product_tag","embeddable":true,"href":"https:\/\/bybatt.com\/fi\/wp-json\/wp\/v2\/product_tag?post=430"}],"curies":[{"name":"wp","href":"https:\/\/api.w.org\/{rel}","templated":true}]}}