{"id":437,"date":"2023-02-19T09:32:20","date_gmt":"2023-02-19T09:32:20","guid":{"rendered":"https:\/\/bybatt.com\/?post_type=product&#038;p=437"},"modified":"2023-02-19T09:49:51","modified_gmt":"2023-02-19T09:49:51","slug":"rechargeable-lithium-electric-bike-seat-post-battery-pack","status":"publish","type":"product","link":"https:\/\/bybatt.com\/fi\/tuote\/rechargeable-lithium-electric-bike-seat-post-battery-pack\/","title":{"rendered":"Ladattava litium-s\u00e4hk\u00f6py\u00f6r\u00e4n istuimen pylv\u00e4sakkupaketti"},"content":{"rendered":"","protected":false},"excerpt":{"rendered":"<p>T\u00e4m\u00e4 tuote on ladattava litium-s\u00e4hk\u00f6k\u00e4ytt\u00f6inen polkupy\u00f6r\u00e4n istuintolppa-akkupaketti, joka on suunniteltu antamaan virtaa s\u00e4hk\u00f6py\u00f6rille. Akussa k\u00e4ytet\u00e4\u00e4n 100% uutta Li(NiCoMn)O2 18650 -kennoa, joiden nimellisj\u00e4nnite on 36v tai 48v ja nimelliskapasiteetti 10-20ah. Akun ulkokuori on alumiinia ja sen mitat ovat 257*1501*47mm.<br \/>\nAkku voidaan ladata tavallisella latausmenetelm\u00e4ll\u00e4, joka sis\u00e4lt\u00e4\u00e4 0,2 C:n vakiovirran ja 42 V:n vakioj\u00e4nnitteen 100 mA:n katkaisulla. Vaihtoehtoisesti se voidaan ladata pikalatausmenetelm\u00e4ll\u00e4, joka sis\u00e4lt\u00e4\u00e4 0,5 CA:n vakiovirran ja 42 V:n vakioj\u00e4nnitteen 100 mA:n katkaisulla. Akku voidaan purkaa vakiovirralla 0,2C ja p\u00e4\u00e4tej\u00e4nnitteell\u00e4 36,4V.<br \/>\nAkkupakkaus painaa noin 3,5 kg\/4,5 kg, sen jatkuva purkausvirta on 20 A ja huippupurkausvirta 60 A. Sen k\u00e4ytt\u00f6ik\u00e4 on 500 kertaa DOD80%:n kanssa, ja siin\u00e4 on BMS-toiminto, joka tarjoaa ylivirtasuojan, ylipurkaussuojan, ylilataussuojan, oikosulkusuojauksen ja tasapainon.<br \/>\nAkun s\u00e4ilytysl\u00e4mp\u00f6tila-alue on -10-40 \u2103 suhteellisella kosteudella 45-75% ja paineella 86-106 KPa. T\u00e4m\u00e4 ladattava litium-s\u00e4hk\u00f6k\u00e4ytt\u00f6inen polkupy\u00f6r\u00e4n istuintolppaakkupaketti on ihanteellinen ratkaisu niille, jotka haluavat luotettavan ja pitk\u00e4ik\u00e4isen virtal\u00e4hteen s\u00e4hk\u00f6py\u00f6rilleen.<\/p>","protected":false},"featured_media":438,"template":"","meta":{"_kad_post_transparent":"default","_kad_post_title":"","_kad_post_layout":"default","_kad_post_sidebar_id":"","_kad_post_content_style":"default","_kad_post_vertical_padding":"default","_kad_post_feature":"","_kad_post_feature_position":"","_kad_post_header":false,"_kad_post_footer":false},"product_cat":[19,21],"product_tag":[264,248,266,247,249,262,260,263,261,265],"class_list":["post-437","product","type-product","status-publish","has-post-thumbnail","hentry","product_cat-custom-ebike-battery","product_cat-down-tube-ebike-battery","product_tag-11ah-lithium-battery-for-a2b-kuo","product_tag-24v-rear-rack-battery","product_tag-36v-14ah-li-ion-e-bike-battery","product_tag-36v-rear-rack-battery","product_tag-48v-rear-rack-battery","product_tag-e-bike-seat-post-battery","product_tag-electric-bike-seat-post-battery","product_tag-magnum-36v-seat-post-mounting-frog-batt","product_tag-post-seat-battery","product_tag-taga-2-0-famous-cell","entry","content-bg","loop-entry"],"_links":{"self":[{"href":"https:\/\/bybatt.com\/fi\/wp-json\/wp\/v2\/product\/437","targetHints":{"allow":["GET"]}}],"collection":[{"href":"https:\/\/bybatt.com\/fi\/wp-json\/wp\/v2\/product"}],"about":[{"href":"https:\/\/bybatt.com\/fi\/wp-json\/wp\/v2\/types\/product"}],"wp:featuredmedia":[{"embeddable":true,"href":"https:\/\/bybatt.com\/fi\/wp-json\/wp\/v2\/media\/438"}],"wp:attachment":[{"href":"https:\/\/bybatt.com\/fi\/wp-json\/wp\/v2\/media?parent=437"}],"wp:term":[{"taxonomy":"product_cat","embeddable":true,"href":"https:\/\/bybatt.com\/fi\/wp-json\/wp\/v2\/product_cat?post=437"},{"taxonomy":"product_tag","embeddable":true,"href":"https:\/\/bybatt.com\/fi\/wp-json\/wp\/v2\/product_tag?post=437"}],"curies":[{"name":"wp","href":"https:\/\/api.w.org\/{rel}","templated":true}]}}