{"id":444,"date":"2023-02-19T09:54:39","date_gmt":"2023-02-19T09:54:39","guid":{"rendered":"https:\/\/bybatt.com\/?post_type=product&#038;p=444"},"modified":"2023-02-19T10:24:36","modified_gmt":"2023-02-19T10:24:36","slug":"36v-12ah-lithium-battery-seatpost-frog-ebike-battery-pack","status":"publish","type":"product","link":"https:\/\/bybatt.com\/fi\/tuote\/36v-12ah-lithium-battery-seatpost-frog-ebike-battery-pack\/","title":{"rendered":"36V 12Ah litiumparisto satulatolppa Frog Ebike -akkupaketti"},"content":{"rendered":"","protected":false},"excerpt":{"rendered":"<p>36V 12Ah Lithium Battery Seatpost Frog Ebike Battery Pack on korkealaatuinen ja kest\u00e4v\u00e4 akkupaketti, joka on suunniteltu k\u00e4ytett\u00e4v\u00e4ksi s\u00e4hk\u00f6py\u00f6riss\u00e4. Akku k\u00e4ytt\u00e4\u00e4 100% uusia kennoja ja sen kemiallinen Li(NiCoMn)O2 18650. Se on saatavana sek\u00e4 36v ett\u00e4 48v versioina, nimelliskapasiteetilla 10-20ah.<br \/>\nAkkupaketti on sijoitettu tukevaan alumiinikoteloon ja sen mitat ovat 257*150*147mm. Akun vakiolataus on vakiovirta 0,2C, vakioj\u00e4nnite 42V ja 100mA katkaisu. Pikalatausta varten akku kest\u00e4\u00e4 0,5 CA:n vakiovirran, 42 V:n vakioj\u00e4nnitteen ja 100 mA:n katkaisun.<br \/>\nAkun vakiopurkausvirta on vakiovirta 0,2C ja loppuj\u00e4nnite 36,4V. Akkupakkaus painaa noin 3,5 kg\/4,5 kg ja kest\u00e4\u00e4 jatkuvan 20 A:n purkausvirran ja 60 A:n huippupurkausvirran.<br \/>\nAkun k\u00e4ytt\u00f6ik\u00e4 on 500 kertaa DOD80%:n kanssa, ja se on varustettu BMS-toiminnolla, joka sis\u00e4lt\u00e4\u00e4 ylivirtasuojan, ylipurkaussuojan, ylilataussuojan, oikosulkusuojauksen ja tasapainon. Akun s\u00e4ilytysl\u00e4mp\u00f6tila-alue on -10-40 \u2103, suhteellinen kosteusalue 45-75% ja painealue 86-106 KPa.<\/p>","protected":false},"featured_media":459,"template":"","meta":{"_kad_post_transparent":"default","_kad_post_title":"","_kad_post_layout":"default","_kad_post_sidebar_id":"","_kad_post_content_style":"default","_kad_post_vertical_padding":"default","_kad_post_feature":"","_kad_post_feature_position":"","_kad_post_header":false,"_kad_post_footer":false},"product_cat":[19,21],"product_tag":[248,247,249,262,267],"class_list":["post-444","product","type-product","status-publish","has-post-thumbnail","hentry","product_cat-custom-ebike-battery","product_cat-down-tube-ebike-battery","product_tag-24v-rear-rack-battery","product_tag-36v-rear-rack-battery","product_tag-48v-rear-rack-battery","product_tag-e-bike-seat-post-battery","product_tag-frog-ebike-battery","entry","content-bg","loop-entry"],"_links":{"self":[{"href":"https:\/\/bybatt.com\/fi\/wp-json\/wp\/v2\/product\/444","targetHints":{"allow":["GET"]}}],"collection":[{"href":"https:\/\/bybatt.com\/fi\/wp-json\/wp\/v2\/product"}],"about":[{"href":"https:\/\/bybatt.com\/fi\/wp-json\/wp\/v2\/types\/product"}],"wp:featuredmedia":[{"embeddable":true,"href":"https:\/\/bybatt.com\/fi\/wp-json\/wp\/v2\/media\/459"}],"wp:attachment":[{"href":"https:\/\/bybatt.com\/fi\/wp-json\/wp\/v2\/media?parent=444"}],"wp:term":[{"taxonomy":"product_cat","embeddable":true,"href":"https:\/\/bybatt.com\/fi\/wp-json\/wp\/v2\/product_cat?post=444"},{"taxonomy":"product_tag","embeddable":true,"href":"https:\/\/bybatt.com\/fi\/wp-json\/wp\/v2\/product_tag?post=444"}],"curies":[{"name":"wp","href":"https:\/\/api.w.org\/{rel}","templated":true}]}}