{"id":445,"date":"2023-02-19T10:00:08","date_gmt":"2023-02-19T10:00:08","guid":{"rendered":"https:\/\/bybatt.com\/?post_type=product&#038;p=445"},"modified":"2023-02-19T10:14:35","modified_gmt":"2023-02-19T10:14:35","slug":"e-bike-20amp-reention-battery-rhino-48v-13ah-lithium-battery","status":"publish","type":"product","link":"https:\/\/bybatt.com\/fi\/tuote\/e-bike-20amp-reention-battery-rhino-48v-13ah-lithium-battery\/","title":{"rendered":"S\u00e4hk\u00f6py\u00f6r\u00e4n 20 ampeerin reention akku Rhino 48 V 13 Ah litiumakku"},"content":{"rendered":"","protected":false},"excerpt":{"rendered":"<p>E-Bike 20 Amp Reention Battery Rhino 48V 13Ah Lithium Battery on korkealaatuinen ladattava akku, joka on suunniteltu k\u00e4ytett\u00e4v\u00e4ksi s\u00e4hk\u00f6py\u00f6rien kanssa. Sen on valmistanut alkuper\u00e4inen Reention and Rhino -tuotemerkki ja se k\u00e4ytt\u00e4\u00e4 uusia 100%-kennoja, mik\u00e4 varmistaa sen luotettavuuden ja pitk\u00e4ik\u00e4isyyden.<br \/>\nAkku k\u00e4ytt\u00e4\u00e4 LiNiCoMno2-kemiaa, ja sit\u00e4 on saatavana useilla j\u00e4nnite- ja kapasiteettivaihtoehdoilla, mukaan lukien 36 V ja 48 V sek\u00e4 10,4 ah, 11,6 ah, 13 ah, 13,6 ah ja 14 ah. Ulkokuori on valmistettu EEL-materiaalista, mik\u00e4 tekee siit\u00e4 kest\u00e4v\u00e4n ja iskuja kest\u00e4v\u00e4n.<br \/>\nAkku voidaan ladata tavallisella latausmenetelm\u00e4ll\u00e4, vakiovirralla 0,2C ja vakioj\u00e4nnitteell\u00e4 54,6V, 100 mA:n katkaisulla. Se voidaan my\u00f6s ladata nopeasti 0,5 CA:n vakiovirralla ja 54,6 V:n vakioj\u00e4nnitteell\u00e4 100 mA:n katkaisulla.<br \/>\nAkun vakiopurkausvirta on 0,2C, p\u00e4\u00e4tej\u00e4nnitteen ollessa 30V. Sen k\u00e4ytt\u00f6ik\u00e4 on 500 kertaa DOD80%:n kanssa ja se voi tuottaa jatkuvan 10A purkausvirran tai 30A huippupurkausvirran, joka voidaan r\u00e4\u00e4t\u00e4l\u00f6id\u00e4 yksil\u00f6llisten tarpeiden mukaan.<br \/>\nAkussa on sis\u00e4\u00e4nrakennettu BMS (Battery Management System), joka suojaa ylivirtaa, ylipurkausta, ylilatausta ja oikosulkuja vastaan. Siin\u00e4 on my\u00f6s tasapainotustoimintoja, jotka varmistavat akun kennojen tasaisen latautumisen ja purkamisen.<br \/>\nAkun s\u00e4ilytysl\u00e4mp\u00f6tila-alue on -10-40 \u2103, suhteellinen kosteus 45-75% ja painealue 86-106 KPa. Laadukkaalla rakenteella ja luotettavuudellaan E-Bike 20 Amp Reention Battery Rhino 48V 13Ah Lithium Battery on erinomainen valinta niille, jotka etsiv\u00e4t pitk\u00e4kestoista, korkean suorituskyvyn s\u00e4hk\u00f6py\u00f6r\u00e4n akkua.<\/p>","protected":false},"featured_media":446,"template":"","meta":{"_kad_post_transparent":"default","_kad_post_title":"","_kad_post_layout":"default","_kad_post_sidebar_id":"","_kad_post_content_style":"default","_kad_post_vertical_padding":"default","_kad_post_feature":"","_kad_post_feature_position":"","_kad_post_header":false,"_kad_post_footer":false},"product_cat":[19,23],"product_tag":[269,270,229,268,271],"class_list":["post-445","product","type-product","status-publish","has-post-thumbnail","hentry","product_cat-custom-ebike-battery","product_cat-inner-ebike-battery","product_tag-20amp-reention-battery","product_tag-48v-13ah-lithium-battery","product_tag-electric-bicycle-batteries","product_tag-reention-battery","product_tag-rhino-battery","entry","content-bg","loop-entry"],"_links":{"self":[{"href":"https:\/\/bybatt.com\/fi\/wp-json\/wp\/v2\/product\/445","targetHints":{"allow":["GET"]}}],"collection":[{"href":"https:\/\/bybatt.com\/fi\/wp-json\/wp\/v2\/product"}],"about":[{"href":"https:\/\/bybatt.com\/fi\/wp-json\/wp\/v2\/types\/product"}],"wp:featuredmedia":[{"embeddable":true,"href":"https:\/\/bybatt.com\/fi\/wp-json\/wp\/v2\/media\/446"}],"wp:attachment":[{"href":"https:\/\/bybatt.com\/fi\/wp-json\/wp\/v2\/media?parent=445"}],"wp:term":[{"taxonomy":"product_cat","embeddable":true,"href":"https:\/\/bybatt.com\/fi\/wp-json\/wp\/v2\/product_cat?post=445"},{"taxonomy":"product_tag","embeddable":true,"href":"https:\/\/bybatt.com\/fi\/wp-json\/wp\/v2\/product_tag?post=445"}],"curies":[{"name":"wp","href":"https:\/\/api.w.org\/{rel}","templated":true}]}}