{"id":452,"date":"2023-02-19T10:15:33","date_gmt":"2023-02-19T10:15:33","guid":{"rendered":"https:\/\/bybatt.com\/?post_type=product&#038;p=452"},"modified":"2023-02-19T10:26:45","modified_gmt":"2023-02-19T10:26:45","slug":"cheap-authorized-reention-dorado-mini-batteries-for-e-bike","status":"publish","type":"product","link":"https:\/\/bybatt.com\/fi\/tuote\/cheap-authorized-reention-dorado-mini-batteries-for-e-bike\/","title":{"rendered":"Edulliset valtuutetut Reention Dorado Mini -akut s\u00e4hk\u00f6py\u00f6r\u00e4\u00e4n"},"content":{"rendered":"","protected":false},"excerpt":{"rendered":"<p>T\u00e4m\u00e4 tuote on ladattava akku s\u00e4hk\u00f6py\u00f6r\u00e4lle, erityisesti Reention Dorado Minille. Akussa k\u00e4ytetyt kennot ovat t\u00e4ysin uusia ja kemiallinen LiNiCoMno2. Akussa on eri nimellisj\u00e4nnitteet (36 V tai 48 V) ja kapasiteetit (vaihtelevat 10,4 ah - 14 ah). Akun ulkokuori on valmistettu EEL-materiaalista.<br \/>\nAkku voidaan ladata vakiovirralla 0,2C ja vakioj\u00e4nnitteell\u00e4 54,6V 100mA:n katkaisulla. Se voidaan my\u00f6s ladata pikalatauksella 0,5 CA:n vakiovirralla ja samalla vakioj\u00e4nnitteell\u00e4 ja katkaisulla. Vakiopurkausvirta on 0,2C, p\u00e4\u00e4tej\u00e4nnitteen ollessa 30V.<br \/>\nAkun k\u00e4ytt\u00f6ik\u00e4 on 500 kertaa DOD80%:ll\u00e4 ja paino noin 3,5 kg tai 4,5 kg. Se voi tarjota jatkuvan 10A purkausvirran ja huippupurkausvirran 30A. Akun BMS-toiminto sis\u00e4lt\u00e4\u00e4 suojauksen ylivirtaa, ylipurkausta, ylilatausta ja oikosulkua vastaan sek\u00e4 tasapainotuksen.<br \/>\nAkkua voidaan s\u00e4ilytt\u00e4\u00e4 l\u00e4mp\u00f6tila-alueella -10-40 \u2103, suhteellisessa kosteudessa 45-75% ja paineessa 86-106 KPa. T\u00e4m\u00e4 tuote tarjoaa edullisen ja valtuutetun vaihtoehdon s\u00e4hk\u00f6py\u00f6r\u00e4n omistajille, jotka tarvitsevat vaihto- tai lis\u00e4akun Reention Dorado Mini -autoinsa.<\/p>","protected":false},"featured_media":453,"template":"","meta":{"_kad_post_transparent":"default","_kad_post_title":"","_kad_post_layout":"default","_kad_post_sidebar_id":"","_kad_post_content_style":"default","_kad_post_vertical_padding":"default","_kad_post_feature":"","_kad_post_feature_position":"","_kad_post_header":false,"_kad_post_footer":false},"product_cat":[19,23],"product_tag":[275,274,41,268,273,272],"class_list":["post-452","product","type-product","status-publish","has-post-thumbnail","hentry","product_cat-custom-ebike-battery","product_cat-inner-ebike-battery","product_tag-36v-cheapest-ebike-battery","product_tag-dorado-mini-batteries","product_tag-electric-bicycle-battery","product_tag-reention-battery","product_tag-reention-dorado-battery","product_tag-reention-dorado-mini-batteries","entry","content-bg","loop-entry"],"_links":{"self":[{"href":"https:\/\/bybatt.com\/fi\/wp-json\/wp\/v2\/product\/452","targetHints":{"allow":["GET"]}}],"collection":[{"href":"https:\/\/bybatt.com\/fi\/wp-json\/wp\/v2\/product"}],"about":[{"href":"https:\/\/bybatt.com\/fi\/wp-json\/wp\/v2\/types\/product"}],"wp:featuredmedia":[{"embeddable":true,"href":"https:\/\/bybatt.com\/fi\/wp-json\/wp\/v2\/media\/453"}],"wp:attachment":[{"href":"https:\/\/bybatt.com\/fi\/wp-json\/wp\/v2\/media?parent=452"}],"wp:term":[{"taxonomy":"product_cat","embeddable":true,"href":"https:\/\/bybatt.com\/fi\/wp-json\/wp\/v2\/product_cat?post=452"},{"taxonomy":"product_tag","embeddable":true,"href":"https:\/\/bybatt.com\/fi\/wp-json\/wp\/v2\/product_tag?post=452"}],"curies":[{"name":"wp","href":"https:\/\/api.w.org\/{rel}","templated":true}]}}