{"id":466,"date":"2023-02-19T13:40:46","date_gmt":"2023-02-19T13:40:46","guid":{"rendered":"https:\/\/bybatt.com\/?post_type=product&#038;p=466"},"modified":"2023-02-19T13:48:58","modified_gmt":"2023-02-19T13:48:58","slug":"36v-48v-reention-eel-inner-frame-battery-pack-for-e-bike","status":"publish","type":"product","link":"https:\/\/bybatt.com\/fi\/tuote\/36v-48v-reention-eel-inner-frame-battery-pack-for-e-bike\/","title":{"rendered":"36V 48V Reention EEL sis\u00e4rungon akkupaketti s\u00e4hk\u00f6py\u00f6r\u00e4lle"},"content":{"rendered":"","protected":false},"excerpt":{"rendered":"<p>36V 48V Reention EEL Inner Frame Battery Pack on korkealaatuinen ladattava akku, joka on suunniteltu k\u00e4ytett\u00e4v\u00e4ksi s\u00e4hk\u00f6py\u00f6riss\u00e4. Se on rakennettu k\u00e4ytt\u00e4m\u00e4ll\u00e4 uusia 100%-kennoja, joiden kemiallinen LiNiCoMno2 tarjoaa luotettavan suorituskyvyn ja kest\u00e4vyyden.<br \/>\nAkkua on saatavana eri kapasiteetteina, mukaan lukien 10,4ah, 11,6ah, 13ah, 13,6ah ja 14ah, ja sen nimellisj\u00e4nnite on 36V tai 48V. Se on sijoitettu tukevaan EEL-koteloon ja painaa noin 3,5 kg tai 4,5 kg kapasiteetista riippuen.<br \/>\nAkku voidaan ladata vakiolatauksella tai pikalatauksella vakiovirralla 0,2C tai 0,5CA. Vakiopurkausvirta on 0,2C ja loppuj\u00e4nnite 30V. Akun k\u00e4ytt\u00f6ik\u00e4 on 500 kertaa DOD80%:n kanssa ja se voi tuottaa jatkuvan 10 A:n purkausvirran tai 30 A:n huippupurkausvirran r\u00e4\u00e4t\u00e4l\u00f6innin mukaan.<br \/>\nAkussa on sis\u00e4\u00e4nrakennettu BMS (Battery Management System), joka suojaa ylivirralta, ylipurkaukselta, ylilataukselta ja oikosululta. Siin\u00e4 on my\u00f6s tasapainotoiminto, joka varmistaa, ett\u00e4 kaikki kennot latautuvat ja puretaan tasaisesti.<br \/>\nAkkua voidaan s\u00e4ilytt\u00e4\u00e4 l\u00e4mp\u00f6tila-alueella -10-40 \u2103 suhteellisessa kosteudessa 45-75% ja paineessa 86-106 KPa. Kaiken kaikkiaan 36V 48V Reention EEL Inner Frame Battery Pack on tehokas ja luotettava akku, joka on ihanteellinen s\u00e4hk\u00f6py\u00f6r\u00e4n harrastajille, jotka haluavat kest\u00e4v\u00e4n ja pitk\u00e4kestoisen virtal\u00e4hteen ajolleen.<\/p>","protected":false},"featured_media":467,"template":"","meta":{"_kad_post_transparent":"default","_kad_post_title":"","_kad_post_layout":"default","_kad_post_sidebar_id":"","_kad_post_content_style":"default","_kad_post_vertical_padding":"default","_kad_post_feature":"","_kad_post_feature_position":"","_kad_post_header":false,"_kad_post_footer":false},"product_cat":[19,23],"product_tag":[275,52,274,278,41,268,273,272,277,276],"class_list":["post-466","product","type-product","status-publish","has-post-thumbnail","hentry","product_cat-custom-ebike-battery","product_cat-inner-ebike-battery","product_tag-36v-cheapest-ebike-battery","product_tag-battery","product_tag-dorado-mini-batteries","product_tag-electric-bicycle-36volt","product_tag-electric-bicycle-battery","product_tag-reention-battery","product_tag-reention-dorado-battery","product_tag-reention-dorado-mini-batteries","product_tag-reention-eel-inner-battery-pack","product_tag-reention-eel-inner-frame-battery","entry","content-bg","loop-entry"],"_links":{"self":[{"href":"https:\/\/bybatt.com\/fi\/wp-json\/wp\/v2\/product\/466","targetHints":{"allow":["GET"]}}],"collection":[{"href":"https:\/\/bybatt.com\/fi\/wp-json\/wp\/v2\/product"}],"about":[{"href":"https:\/\/bybatt.com\/fi\/wp-json\/wp\/v2\/types\/product"}],"wp:featuredmedia":[{"embeddable":true,"href":"https:\/\/bybatt.com\/fi\/wp-json\/wp\/v2\/media\/467"}],"wp:attachment":[{"href":"https:\/\/bybatt.com\/fi\/wp-json\/wp\/v2\/media?parent=466"}],"wp:term":[{"taxonomy":"product_cat","embeddable":true,"href":"https:\/\/bybatt.com\/fi\/wp-json\/wp\/v2\/product_cat?post=466"},{"taxonomy":"product_tag","embeddable":true,"href":"https:\/\/bybatt.com\/fi\/wp-json\/wp\/v2\/product_tag?post=466"}],"curies":[{"name":"wp","href":"https:\/\/api.w.org\/{rel}","templated":true}]}}