{"id":473,"date":"2023-02-19T13:50:46","date_gmt":"2023-02-19T13:50:46","guid":{"rendered":"https:\/\/bybatt.com\/?post_type=product&#038;p=473"},"modified":"2023-02-19T13:55:44","modified_gmt":"2023-02-19T13:55:44","slug":"li-ion-36v-14ah-reention-thunder-downtube-battery-for-e-bike","status":"publish","type":"product","link":"https:\/\/bybatt.com\/fi\/tuote\/li-ion-36v-14ah-reention-thunder-downtube-battery-for-e-bike\/","title":{"rendered":"Li-ion 36V 14Ah Reention Thunder Downtube akku s\u00e4hk\u00f6py\u00f6r\u00e4lle"},"content":{"rendered":"","protected":false},"excerpt":{"rendered":"<p>Li-ion 36V 14Ah Reention Thunder Downtube Battery on korkealaatuinen s\u00e4hk\u00f6py\u00f6riin suunniteltu akku. Akku koostuu 100% uudesta kennosta ja sen nimellisj\u00e4nnite on 36V, 48V, 52V tai 72V ja nimelliskapasiteetti 20Ah. Akkukennovaihtoehtoja ovat 2500mAh, 3000mAh, 3200mAh tai 3500mAh 8P14S-kokoonpanolla.<br \/>\nAkunhallintaj\u00e4rjestelm\u00e4n (BMS) teho on 30 A ja se voidaan r\u00e4\u00e4t\u00e4l\u00f6id\u00e4 k\u00e4ytt\u00e4j\u00e4n vaatimusten mukaan. Vakiolatausvirta on 3A, maksimilatausvirta 5A, jotka molemmat voidaan r\u00e4\u00e4t\u00e4l\u00f6id\u00e4. Akun purkautumisj\u00e4nnite on 39 V ja latausj\u00e4nnite 58,8 V.<br \/>\nAkun k\u00e4ytt\u00f6ik\u00e4 on 80% teho 600-1000 jakson j\u00e4lkeen. T\u00e4m\u00e4 tarkoittaa, ett\u00e4 akku pystyy toimittamaan 80% alkuper\u00e4isest\u00e4 kapasiteetistaan, kun se on ladattu t\u00e4yteen ja purettu 600\u20131000 syklin ajan. Kaiken kaikkiaan Li-ion 36V 14Ah Reention Thunder Downtube Battery on luotettava ja tehokas akku, joka sopii k\u00e4ytett\u00e4v\u00e4ksi s\u00e4hk\u00f6py\u00f6riss\u00e4.<\/p>","protected":false},"featured_media":474,"template":"","meta":{"_kad_post_transparent":"default","_kad_post_title":"","_kad_post_layout":"default","_kad_post_sidebar_id":"","_kad_post_content_style":"default","_kad_post_vertical_padding":"default","_kad_post_feature":"","_kad_post_feature_position":"","_kad_post_header":false,"_kad_post_footer":false},"product_cat":[19,23],"product_tag":[41,268,273,272,277,276,279],"class_list":["post-473","product","type-product","status-publish","has-post-thumbnail","hentry","product_cat-custom-ebike-battery","product_cat-inner-ebike-battery","product_tag-electric-bicycle-battery","product_tag-reention-battery","product_tag-reention-dorado-battery","product_tag-reention-dorado-mini-batteries","product_tag-reention-eel-inner-battery-pack","product_tag-reention-eel-inner-frame-battery","product_tag-reention-thunder-downtube-battery","entry","content-bg","loop-entry"],"_links":{"self":[{"href":"https:\/\/bybatt.com\/fi\/wp-json\/wp\/v2\/product\/473","targetHints":{"allow":["GET"]}}],"collection":[{"href":"https:\/\/bybatt.com\/fi\/wp-json\/wp\/v2\/product"}],"about":[{"href":"https:\/\/bybatt.com\/fi\/wp-json\/wp\/v2\/types\/product"}],"wp:featuredmedia":[{"embeddable":true,"href":"https:\/\/bybatt.com\/fi\/wp-json\/wp\/v2\/media\/474"}],"wp:attachment":[{"href":"https:\/\/bybatt.com\/fi\/wp-json\/wp\/v2\/media?parent=473"}],"wp:term":[{"taxonomy":"product_cat","embeddable":true,"href":"https:\/\/bybatt.com\/fi\/wp-json\/wp\/v2\/product_cat?post=473"},{"taxonomy":"product_tag","embeddable":true,"href":"https:\/\/bybatt.com\/fi\/wp-json\/wp\/v2\/product_tag?post=473"}],"curies":[{"name":"wp","href":"https:\/\/api.w.org\/{rel}","templated":true}]}}