{"id":480,"date":"2023-02-19T13:56:47","date_gmt":"2023-02-19T13:56:47","guid":{"rendered":"https:\/\/bybatt.com\/?post_type=product&#038;p=480"},"modified":"2023-02-19T14:05:06","modified_gmt":"2023-02-19T14:05:06","slug":"48v-52v-rechargeable-lithium-ion-triangular-e-bike-battery","status":"publish","type":"product","link":"https:\/\/bybatt.com\/fi\/tuote\/48v-52v-rechargeable-lithium-ion-triangular-e-bike-battery\/","title":{"rendered":"48V 52V Ladattava Lithium Ion Triangular E Bike -akku"},"content":{"rendered":"","protected":false},"excerpt":{"rendered":"<p>48V 52V Ladattava Lithium Ion Triangular E Bike Battery on tehokas ja kest\u00e4v\u00e4 akku, joka on suunniteltu s\u00e4hk\u00f6py\u00f6rien virtal\u00e4hteeksi. T\u00e4t\u00e4 akkua on saatavana eri nimellisj\u00e4nnitteill\u00e4, mukaan lukien 36 V, 48 V, 52 V ja 72 V, ja sen nimelliskapasiteetti on 20 Ah. K\u00e4ytetyt akkukennot ovat joko 2500mAh, 3000mAh, kuuluisia 3200mAh tai 3500mAh valitusta kokoonpanosta riippuen.<br \/>\nAkun kokoonpano on 8P14S, ja akun hallintaj\u00e4rjestelm\u00e4n (BMS) luokitus on 30 A tai se voidaan r\u00e4\u00e4t\u00e4l\u00f6id\u00e4 vastaamaan erityisi\u00e4 vaatimuksia. Vakiolatausvirta on 3A, mutta se voidaan my\u00f6s r\u00e4\u00e4t\u00e4l\u00f6id\u00e4 vastaamaan tiettyj\u00e4 latausvaatimuksia. Suurin latausvirta on 5A, mik\u00e4 varmistaa akun nopean latauksen.<br \/>\nPurkauksen katkaisuj\u00e4nnite on 39 V ja latausj\u00e4nnite 58,8 V. Akun k\u00e4ytt\u00f6ik\u00e4 on jopa 600-1000 sykli\u00e4, ja se voi tuottaa jopa 80% tehostaan, mik\u00e4 tekee siit\u00e4 luotettavan ja pitk\u00e4kestoisen virtal\u00e4hteen s\u00e4hk\u00f6py\u00f6rille. T\u00e4m\u00e4 ladattava litiumioniakku on suunniteltu turvalliseksi, luotettavaksi ja tehokkaaksi, ja se tarjoaa k\u00e4ytt\u00e4jille korkealaatuisen virtal\u00e4hteen s\u00e4hk\u00f6py\u00f6rilleen.<\/p>","protected":false},"featured_media":481,"template":"","meta":{"_kad_post_transparent":"default","_kad_post_title":"","_kad_post_layout":"default","_kad_post_sidebar_id":"","_kad_post_content_style":"default","_kad_post_vertical_padding":"default","_kad_post_feature":"","_kad_post_feature_position":"","_kad_post_header":false,"_kad_post_footer":false},"product_cat":[19,21],"product_tag":[289,287,293,281,291,288,285,290,292,286,282,283,280,284],"class_list":["post-480","product","type-product","status-publish","has-post-thumbnail","hentry","product_cat-custom-ebike-battery","product_cat-down-tube-ebike-battery","product_tag-52v-30ah-triangle-battery","product_tag-52v-triangle-battery","product_tag-72v-triangle-battery","product_tag-ebike-triangle-battery","product_tag-ebike-triangle-battery-hard-case","product_tag-em3ev-triangle-battery","product_tag-large-triangle-batteries","product_tag-triangle-battery-case","product_tag-triangle-ebike-battery-36v","product_tag-triangle-ebike-battery-48v","product_tag-triangle-electric-bike-battery","product_tag-triangle-lithium-battery","product_tag-triangular-e-bike-battery","product_tag-triangular-ebike-battery","entry","content-bg","loop-entry"],"_links":{"self":[{"href":"https:\/\/bybatt.com\/fi\/wp-json\/wp\/v2\/product\/480","targetHints":{"allow":["GET"]}}],"collection":[{"href":"https:\/\/bybatt.com\/fi\/wp-json\/wp\/v2\/product"}],"about":[{"href":"https:\/\/bybatt.com\/fi\/wp-json\/wp\/v2\/types\/product"}],"wp:featuredmedia":[{"embeddable":true,"href":"https:\/\/bybatt.com\/fi\/wp-json\/wp\/v2\/media\/481"}],"wp:attachment":[{"href":"https:\/\/bybatt.com\/fi\/wp-json\/wp\/v2\/media?parent=480"}],"wp:term":[{"taxonomy":"product_cat","embeddable":true,"href":"https:\/\/bybatt.com\/fi\/wp-json\/wp\/v2\/product_cat?post=480"},{"taxonomy":"product_tag","embeddable":true,"href":"https:\/\/bybatt.com\/fi\/wp-json\/wp\/v2\/product_tag?post=480"}],"curies":[{"name":"wp","href":"https:\/\/api.w.org\/{rel}","templated":true}]}}