{"id":488,"date":"2023-02-19T14:10:59","date_gmt":"2023-02-19T14:10:59","guid":{"rendered":"https:\/\/bybatt.com\/?post_type=product&#038;p=488"},"modified":"2023-02-19T14:20:29","modified_gmt":"2023-02-19T14:20:29","slug":"36v-water-bottle-battery-pack-mini-bottle-ebike-battery","status":"publish","type":"product","link":"https:\/\/bybatt.com\/fi\/tuote\/36v-water-bottle-battery-pack-mini-bottle-ebike-battery\/","title":{"rendered":"36 V vesipullon akkupaketti minipullon Ebike-akku"},"content":{"rendered":"","protected":false},"excerpt":{"rendered":"<p>36 V vesipullon akkupaketti Mini Bottle Ebike Battery on minikokoinen akkupaketti, joka on suunniteltu s\u00e4hk\u00f6py\u00f6riin (e-py\u00f6riin). Sen nimellisj\u00e4nnite on joko 24 V tai 36 V, ja sit\u00e4 on saatavana nelj\u00e4ll\u00e4 eri nimelliskapasiteetilla: 5,2 Ah, 5,8 Ah, 6,8 Ah ja 10 Ah. Akun kemia on Li(NiCoMn)O2 18650, joka tarjoaa hyv\u00e4n tasapainon energiatiheyden ja turvallisuuden v\u00e4lill\u00e4.<br \/>\nAkku on sijoitettu seepiapullokoteloon, jonka mitat ovat 63*75*325mm (21 kennoa 18650) tai 86*86*347mm (20 21700 kennoa). Se painaa noin 3,5 kg.<br \/>\nAkku voidaan ladata joko vakio- tai pikalatausmenetelmill\u00e4. Vakiolataus tapahtuu vakiovirralla 0,2 C, vakioj\u00e4nnitteell\u00e4 54,6 V ja 100 mA katkaisulla. Pikalataus tapahtuu vakiovirralla 0,5 CA, vakioj\u00e4nnitteell\u00e4 54,6 V ja 100 mA katkaisulla.<br \/>\nAkku voidaan purkaa jatkuvalla 20 A virralla tai r\u00e4\u00e4t\u00e4l\u00f6id\u00e4 erityisvaatimuksia vastaavaksi. Sen huippupurkausvirta on 60 A tai r\u00e4\u00e4t\u00e4l\u00f6ity. Akun k\u00e4ytt\u00f6ik\u00e4 on 500 sykli\u00e4 DOD80%:ll\u00e4 ja se on varustettu BMS-toiminnolla, joka tarjoaa ylivirtasuojan, ylipurkaussuojan, ylilataussuojan, oikosulkusuojauksen ja tasapainon.<br \/>\nAkun s\u00e4ilytysl\u00e4mp\u00f6tila-alue on -10-40 \u2103, suhteellinen kosteus 45-75% ja paine 86-106 KPa.<\/p>","protected":false},"featured_media":489,"template":"","meta":{"_kad_post_transparent":"default","_kad_post_title":"","_kad_post_layout":"default","_kad_post_sidebar_id":"","_kad_post_content_style":"default","_kad_post_vertical_padding":"default","_kad_post_feature":"","_kad_post_feature_position":"","_kad_post_header":false,"_kad_post_footer":false},"product_cat":[19,21],"product_tag":[298,294,296,297,299,295],"class_list":["post-488","product","type-product","status-publish","has-post-thumbnail","hentry","product_cat-custom-ebike-battery","product_cat-down-tube-ebike-battery","product_tag-bottle-battery","product_tag-mini-bottle-ebike-battery","product_tag-mini-bottle-lithium-battery","product_tag-mini-ebike-battery-pack","product_tag-protable-water-bottle-battery","product_tag-water-bottle-battery-pack","entry","content-bg","loop-entry"],"_links":{"self":[{"href":"https:\/\/bybatt.com\/fi\/wp-json\/wp\/v2\/product\/488","targetHints":{"allow":["GET"]}}],"collection":[{"href":"https:\/\/bybatt.com\/fi\/wp-json\/wp\/v2\/product"}],"about":[{"href":"https:\/\/bybatt.com\/fi\/wp-json\/wp\/v2\/types\/product"}],"wp:featuredmedia":[{"embeddable":true,"href":"https:\/\/bybatt.com\/fi\/wp-json\/wp\/v2\/media\/489"}],"wp:attachment":[{"href":"https:\/\/bybatt.com\/fi\/wp-json\/wp\/v2\/media?parent=488"}],"wp:term":[{"taxonomy":"product_cat","embeddable":true,"href":"https:\/\/bybatt.com\/fi\/wp-json\/wp\/v2\/product_cat?post=488"},{"taxonomy":"product_tag","embeddable":true,"href":"https:\/\/bybatt.com\/fi\/wp-json\/wp\/v2\/product_tag?post=488"}],"curies":[{"name":"wp","href":"https:\/\/api.w.org\/{rel}","templated":true}]}}