{"id":493,"date":"2023-02-19T14:23:38","date_gmt":"2023-02-19T14:23:38","guid":{"rendered":"https:\/\/bybatt.com\/?post_type=product&#038;p=493"},"modified":"2023-02-19T14:31:49","modified_gmt":"2023-02-19T14:31:49","slug":"36v-7ah-252wh-downtube-mini-water-bottle-ebike-battery","status":"publish","type":"product","link":"https:\/\/bybatt.com\/fi\/tuote\/36v-7ah-252wh-downtube-mini-water-bottle-ebike-battery\/","title":{"rendered":"36V 7Ah 252Wh Downtube minivesipullo eBike-akku"},"content":{"rendered":"","protected":false},"excerpt":{"rendered":"<p>36V 7Ah 252Wh Downtube Mini Water Bottle eBike Battery on korkealaatuinen, kest\u00e4v\u00e4 akku, joka on suunniteltu erityisesti s\u00e4hk\u00f6py\u00f6riin. Siin\u00e4 on 100% uusia Li(NiCoMn)O2 18650 -kennoja, jotka tarjoavat erinomaisen suorituskyvyn ja luotettavuuden.<br \/>\nT\u00e4m\u00e4 akku, jonka nimellisj\u00e4nnite on joko 24 V tai 36 V ja nimelliskapasiteetti 5,2 ah, 5,8 ah, 6,8 ah tai 10 ah, tarjoaa hyv\u00e4n kantaman ja tehon eri s\u00e4hk\u00f6py\u00f6r\u00e4malleille. Sit\u00e4 on saatavana kahdessa koossa eri kennotyypeill\u00e4: 63 * 75 * 325 mm 21 kennolla 18650 tai 86 * 86 * 347 mm 20 21 700 kennolla.<br \/>\nUlkokuori on valmistettu seepiapullokotelosta, joka on tukeva ja kulutusta kest\u00e4v\u00e4. Akun vakiolataus on vakiovirta 0,2 C, vakioj\u00e4nnite 54,6 V ja 100 mA katkaisu, ja se voidaan ladata pikalatauksella vakiovirralla 0,5 CA, vakioj\u00e4nnitteell\u00e4 54,6 V ja 100 mA katkaisulla.<br \/>\nAkun vakiopurkaus on vakiovirta 0,2C ja loppuj\u00e4nnite 36,4V, ja se pystyy k\u00e4sittelem\u00e4\u00e4n jatkuvaa 20A purkausvirtaa tai r\u00e4\u00e4t\u00e4l\u00f6ity\u00e4 arvoa. Huippupurkausvirta on 60A tai mukautettu arvo. Akun k\u00e4ytt\u00f6ik\u00e4 on noin 500 kertaa DOD80%:ll\u00e4 ja siin\u00e4 on BMS-toiminnot, mukaan lukien ylivirtasuoja, ylipurkaussuoja, ylilataussuoja, oikosulkusuojaus ja tasapaino.<br \/>\nAkkua voidaan s\u00e4ilytt\u00e4\u00e4 l\u00e4mp\u00f6tila-alueella -10-40 \u2103, suhteellinen kosteus 45-75% ja paine 86-106 KPa. Kaiken kaikkiaan 36V 7Ah 252Wh Downtube Mini Water Bottle eBike Battery on luotettava ja tehokas vaihtoehto s\u00e4hk\u00f6py\u00f6r\u00e4ilyn harrastajille.<\/p>","protected":false},"featured_media":494,"template":"","meta":{"_kad_post_transparent":"default","_kad_post_title":"","_kad_post_layout":"default","_kad_post_sidebar_id":"","_kad_post_content_style":"default","_kad_post_vertical_padding":"default","_kad_post_feature":"","_kad_post_feature_position":"","_kad_post_header":false,"_kad_post_footer":false},"product_cat":[19,21],"product_tag":[302,304,303,294,300,299,301],"class_list":["post-493","product","type-product","status-publish","has-post-thumbnail","hentry","product_cat-custom-ebike-battery","product_cat-down-tube-ebike-battery","product_tag-bottle-battery-ebike","product_tag-downtube-ebike-battery","product_tag-micro-bottle-ebike-battery","product_tag-mini-bottle-ebike-battery","product_tag-mini-water-bottle-ebike-battery","product_tag-protable-water-bottle-battery","product_tag-water-bottle-ebike-battery","entry","content-bg","loop-entry"],"_links":{"self":[{"href":"https:\/\/bybatt.com\/fi\/wp-json\/wp\/v2\/product\/493","targetHints":{"allow":["GET"]}}],"collection":[{"href":"https:\/\/bybatt.com\/fi\/wp-json\/wp\/v2\/product"}],"about":[{"href":"https:\/\/bybatt.com\/fi\/wp-json\/wp\/v2\/types\/product"}],"wp:featuredmedia":[{"embeddable":true,"href":"https:\/\/bybatt.com\/fi\/wp-json\/wp\/v2\/media\/494"}],"wp:attachment":[{"href":"https:\/\/bybatt.com\/fi\/wp-json\/wp\/v2\/media?parent=493"}],"wp:term":[{"taxonomy":"product_cat","embeddable":true,"href":"https:\/\/bybatt.com\/fi\/wp-json\/wp\/v2\/product_cat?post=493"},{"taxonomy":"product_tag","embeddable":true,"href":"https:\/\/bybatt.com\/fi\/wp-json\/wp\/v2\/product_tag?post=493"}],"curies":[{"name":"wp","href":"https:\/\/api.w.org\/{rel}","templated":true}]}}