{"id":500,"date":"2023-02-19T14:42:35","date_gmt":"2023-02-19T14:42:35","guid":{"rendered":"https:\/\/bybatt.com\/?post_type=product&#038;p=500"},"modified":"2023-02-19T15:00:42","modified_gmt":"2023-02-19T15:00:42","slug":"rechargeable-lithium-ion-seatpost-electric-bicycle-battery","status":"publish","type":"product","link":"https:\/\/bybatt.com\/fi\/tuote\/rechargeable-lithium-ion-seatpost-electric-bicycle-battery\/","title":{"rendered":"Ladattava litiumioni-satulatolppa s\u00e4hk\u00f6py\u00f6r\u00e4n akku"},"content":{"rendered":"","protected":false},"excerpt":{"rendered":"<p>Ladattava Lithium Ion Seatpost Electric Polkupy\u00f6r\u00e4n akku on korkealaatuinen, luotettava ja pitk\u00e4ik\u00e4inen virtal\u00e4hde s\u00e4hk\u00f6py\u00f6rille. Siin\u00e4 on uudet 100% kennot ja muovinen ulkokuori. Akusta on saatavana kaksi eri nimellisj\u00e4nnitevaihtoehtoa, 36V tai 48V, nimelliskapasiteetti 10-21Ah valitusta vaihtoehdosta riippuen.<br \/>\nAkku on suunniteltu ladattavaksi tavallisella latausmenetelm\u00e4ll\u00e4, jossa vakiovirta on 0,2 C ja j\u00e4nnite 54,6 V 100 mA:n katkaisulla. Se voidaan my\u00f6s ladata nopeasti k\u00e4ytt\u00e4m\u00e4ll\u00e4 pikalatausmenetelm\u00e4\u00e4, jossa vakiovirta on 0,5 CA ja j\u00e4nnite 54,6 V 100 mA:n katkaisulla.<br \/>\nAkun vakiopurkausnopeus on 0,2 C ja p\u00e4\u00e4tej\u00e4nnite 36,4 V. Sen paino on noin 3,5 kg\/4,5 kg valitusta kapasiteetista riippuen. Akku voi tarjota jatkuvan 20A purkausvirran tai se voidaan r\u00e4\u00e4t\u00e4l\u00f6id\u00e4 vastaamaan erityistarpeita. Se voi my\u00f6s tarjota huippupurkausvirran 60 A tai se voidaan r\u00e4\u00e4t\u00e4l\u00f6id\u00e4 vastaamaan erityisi\u00e4 tarpeita.<br \/>\nAkun k\u00e4ytt\u00f6ik\u00e4 on 500 kertaa DOD80%:n kanssa, ja se on varustettu BMS-toiminnolla, joka tarjoaa ylivirtasuojan, ylipurkaussuojan, ylilataussuojan, oikosulkusuojauksen ja tasapainon. Sit\u00e4 voidaan s\u00e4ilytt\u00e4\u00e4 l\u00e4mp\u00f6tila-alueella -10-40 \u2103, suhteellinen kosteus 45-75% ja paine 86-106 KPa. Kaiken kaikkiaan ladattava Lithium Ion Seatpost Electric Bicycle Battery on korkealaatuinen ja kest\u00e4v\u00e4 virtal\u00e4hde s\u00e4hk\u00f6py\u00f6rille.<\/p>","protected":false},"featured_media":501,"template":"","meta":{"_kad_post_transparent":"default","_kad_post_title":"","_kad_post_layout":"default","_kad_post_sidebar_id":"","_kad_post_content_style":"default","_kad_post_vertical_padding":"default","_kad_post_feature":"","_kad_post_feature_position":"","_kad_post_header":false,"_kad_post_footer":false},"product_cat":[19,21],"product_tag":[307,306,262,43,308,309,305],"class_list":["post-500","product","type-product","status-publish","has-post-thumbnail","hentry","product_cat-custom-ebike-battery","product_cat-down-tube-ebike-battery","product_tag-36v-13ah-ebike-battery","product_tag-e-bike-phylion-battery","product_tag-e-bike-seat-post-battery","product_tag-ebike-battery","product_tag-rechargeable-electric-battery","product_tag-seat-post-battery","product_tag-seatpost-electric-bicycle-battery","entry","content-bg","loop-entry"],"_links":{"self":[{"href":"https:\/\/bybatt.com\/fi\/wp-json\/wp\/v2\/product\/500","targetHints":{"allow":["GET"]}}],"collection":[{"href":"https:\/\/bybatt.com\/fi\/wp-json\/wp\/v2\/product"}],"about":[{"href":"https:\/\/bybatt.com\/fi\/wp-json\/wp\/v2\/types\/product"}],"wp:featuredmedia":[{"embeddable":true,"href":"https:\/\/bybatt.com\/fi\/wp-json\/wp\/v2\/media\/501"}],"wp:attachment":[{"href":"https:\/\/bybatt.com\/fi\/wp-json\/wp\/v2\/media?parent=500"}],"wp:term":[{"taxonomy":"product_cat","embeddable":true,"href":"https:\/\/bybatt.com\/fi\/wp-json\/wp\/v2\/product_cat?post=500"},{"taxonomy":"product_tag","embeddable":true,"href":"https:\/\/bybatt.com\/fi\/wp-json\/wp\/v2\/product_tag?post=500"}],"curies":[{"name":"wp","href":"https:\/\/api.w.org\/{rel}","templated":true}]}}