{"id":507,"date":"2023-02-19T15:01:23","date_gmt":"2023-02-19T15:01:23","guid":{"rendered":"https:\/\/bybatt.com\/?post_type=product&#038;p=507"},"modified":"2023-02-19T15:10:49","modified_gmt":"2023-02-19T15:10:49","slug":"24v-10ah-lithium-little-frog-style-battery-for-e-bike","status":"publish","type":"product","link":"https:\/\/bybatt.com\/fi\/tuote\/24v-10ah-lithium-little-frog-style-battery-for-e-bike\/","title":{"rendered":"24V 10Ah Lithium Little Frog Style -akku s\u00e4hk\u00f6py\u00f6r\u00e4\u00e4n"},"content":{"rendered":"","protected":false},"excerpt":{"rendered":"<p>24V 10Ah Lithium Little Frog Style Battery on korkealaatuinen akku, joka on suunniteltu k\u00e4ytett\u00e4v\u00e4ksi s\u00e4hk\u00f6py\u00f6riss\u00e4. Akku k\u00e4ytt\u00e4\u00e4 100% uusia kennoja ja siin\u00e4 on LiNiCoMno2-kemia. Sit\u00e4 on saatavana eri j\u00e4nnite- ja kapasiteettivaihtoehtoina, mukaan lukien 36 V ja 48 V, ja sen nimelliskapasiteetti vaihtelee v\u00e4lill\u00e4 10,4ah - 14ah. Ulkokuori on valmistettu EEL-kotelomateriaalista, mik\u00e4 tekee siit\u00e4 kest\u00e4v\u00e4n ja vaurioitumattoman.<br \/>\nAkku voidaan ladata tavallisella latausmenetelm\u00e4ll\u00e4 vakiovirralla 0,2C ja vakioj\u00e4nnitteell\u00e4 54,6V, 100mA katkaisulla. Se voidaan my\u00f6s ladata pikalatauksella 0,5 CA:n vakiovirralla, 54,6 V:n vakioj\u00e4nnitteell\u00e4 ja 100 mA:n katkaisulla. Vakiopurkausmenetelm\u00e4 k\u00e4ytt\u00e4\u00e4 vakiovirtaa 0,2C ja p\u00e4\u00e4tej\u00e4nnitett\u00e4 30V.<br \/>\nAkun k\u00e4ytt\u00f6ik\u00e4 on 500 kertaa DOD80%:ll\u00e4, mik\u00e4 tarkoittaa, ett\u00e4 se voidaan ladata ja purkaa jopa 500 kertaa 80%-purkaussyvyydell\u00e4. Jatkuva purkausvirta on 10A tai se voidaan r\u00e4\u00e4t\u00e4l\u00f6id\u00e4, ja huippupurkausvirta on 30A tai se voidaan r\u00e4\u00e4t\u00e4l\u00f6id\u00e4 vastaamaan erityisvaatimuksia. Akussa on my\u00f6s BMS-toiminnot, kuten ylivirtasuoja, ylipurkaussuoja, ylilataussuoja, oikosulkusuojaus ja tasapaino.<br \/>\nAkun s\u00e4ilytysl\u00e4mp\u00f6tila-alue on -10-40 \u2103, suhteellinen kosteus 45-75% ja paine 86-106 KPa. Akun paino on noin 3,5 kg\/4,5 kg mallista riippuen. T\u00e4m\u00e4 akku on luotettava ja tehokas valinta kaikille, jotka haluavat k\u00e4ytt\u00e4\u00e4 s\u00e4hk\u00f6py\u00f6r\u00e4\u00e4ns\u00e4 korkealaatuisella litiumioniakulla.<\/p>","protected":false},"featured_media":508,"template":"","meta":{"_kad_post_transparent":"default","_kad_post_title":"","_kad_post_layout":"default","_kad_post_sidebar_id":"","_kad_post_content_style":"default","_kad_post_vertical_padding":"default","_kad_post_feature":"","_kad_post_feature_position":"","_kad_post_header":false,"_kad_post_footer":false},"product_cat":[19,21],"product_tag":[262,43,313,311,267,310,312],"class_list":["post-507","product","type-product","status-publish","has-post-thumbnail","hentry","product_cat-custom-ebike-battery","product_cat-down-tube-ebike-battery","product_tag-e-bike-seat-post-battery","product_tag-ebike-battery","product_tag-ebike-frog-battery","product_tag-frog-battery","product_tag-frog-ebike-battery","product_tag-frog-style-battery","product_tag-little-frog-battery-pack","entry","content-bg","loop-entry"],"_links":{"self":[{"href":"https:\/\/bybatt.com\/fi\/wp-json\/wp\/v2\/product\/507","targetHints":{"allow":["GET"]}}],"collection":[{"href":"https:\/\/bybatt.com\/fi\/wp-json\/wp\/v2\/product"}],"about":[{"href":"https:\/\/bybatt.com\/fi\/wp-json\/wp\/v2\/types\/product"}],"wp:featuredmedia":[{"embeddable":true,"href":"https:\/\/bybatt.com\/fi\/wp-json\/wp\/v2\/media\/508"}],"wp:attachment":[{"href":"https:\/\/bybatt.com\/fi\/wp-json\/wp\/v2\/media?parent=507"}],"wp:term":[{"taxonomy":"product_cat","embeddable":true,"href":"https:\/\/bybatt.com\/fi\/wp-json\/wp\/v2\/product_cat?post=507"},{"taxonomy":"product_tag","embeddable":true,"href":"https:\/\/bybatt.com\/fi\/wp-json\/wp\/v2\/product_tag?post=507"}],"curies":[{"name":"wp","href":"https:\/\/api.w.org\/{rel}","templated":true}]}}