{"id":514,"date":"2023-02-19T15:13:45","date_gmt":"2023-02-19T15:13:45","guid":{"rendered":"https:\/\/bybatt.com\/?post_type=product&#038;p=514"},"modified":"2023-02-19T15:22:48","modified_gmt":"2023-02-19T15:22:48","slug":"48v-downtube-reention-eel-inner-frame-electric-bike-battery","status":"publish","type":"product","link":"https:\/\/bybatt.com\/fi\/tuote\/48v-downtube-reention-eel-inner-frame-electric-bike-battery\/","title":{"rendered":"48 V Downtube Reention EEL Inner Frame S\u00e4hk\u00f6py\u00f6r\u00e4n akku"},"content":{"rendered":"","protected":false},"excerpt":{"rendered":"<p>48 V Downtube Reention EEL Inner Frame Electric Bike Battery on korkealaatuinen, ladattava akku, joka on suunniteltu s\u00e4hk\u00f6py\u00f6riin. Se on valmistettu k\u00e4ytt\u00e4m\u00e4ll\u00e4 100% uusia soluja ja sen kemia on LiNiCoMno2. Akku toimitetaan kest\u00e4v\u00e4ss\u00e4 EEL-kotelossa ja sit\u00e4 on saatavana useissa nimelliskapasiteeteissa, mukaan lukien 10,4ah, 11,6ah, 13ah, 13,6ah ja 14ah.<br \/>\nAkun lataamiseen k\u00e4ytet\u00e4\u00e4n tavallista latausta, joka sis\u00e4lt\u00e4\u00e4 0,2 C:n vakiovirran ja 54,6 V:n vakioj\u00e4nnitteen 100 mA:n katkaisulla. Akku voidaan my\u00f6s ladata pikalatauksella 0,5 CA:n vakiovirralla ja 54,6 V:n vakioj\u00e4nnitteell\u00e4 100 mA:n katkaisulla.<br \/>\nAkun jatkuva purkausvirta on 10A tai se voidaan r\u00e4\u00e4t\u00e4l\u00f6id\u00e4 erityistarpeiden mukaan. Siin\u00e4 on my\u00f6s huippupurkausvirta 30A tai se voidaan r\u00e4\u00e4t\u00e4l\u00f6id\u00e4 erityistarpeiden mukaan. Akku on suunniteltu py\u00f6rim\u00e4\u00e4n jopa 500 kertaa DOD80%:n kanssa, ja siin\u00e4 on BMS-toiminto, joka sis\u00e4lt\u00e4\u00e4 ylivirtasuojan, ylipurkautumissuojan, ylilataussuojan, oikosulkusuojauksen ja tasapainon.<br \/>\nAkku on suunniteltu toimimaan l\u00e4mp\u00f6tila-alueella -10-40 \u2103, suhteellinen kosteus 45-75% ja paine 86-106 KPa. Se painaa noin 3,5 kg \/ 4,5 kg ja on erinomainen vaihtoehto s\u00e4hk\u00f6py\u00f6r\u00e4n harrastajille, jotka etsiv\u00e4t luotettavaa ja tehokasta akkua ajolleen.<\/p>","protected":false},"featured_media":515,"template":"","meta":{"_kad_post_transparent":"default","_kad_post_title":"","_kad_post_layout":"default","_kad_post_sidebar_id":"","_kad_post_content_style":"default","_kad_post_vertical_padding":"default","_kad_post_feature":"","_kad_post_feature_position":"","_kad_post_header":false,"_kad_post_footer":false},"product_cat":[19,23],"product_tag":[317,52,318,315,316,314],"class_list":["post-514","product","type-product","status-publish","has-post-thumbnail","hentry","product_cat-custom-ebike-battery","product_cat-inner-ebike-battery","product_tag-48v-10-4ah-14ah-ebike-batteries","product_tag-battery","product_tag-electric-bike-battery","product_tag-electric-bike-frame-battery-inside","product_tag-frame-electric-bike-battery","product_tag-inner-frame-electric-bike-battery","entry","content-bg","loop-entry"],"_links":{"self":[{"href":"https:\/\/bybatt.com\/fi\/wp-json\/wp\/v2\/product\/514","targetHints":{"allow":["GET"]}}],"collection":[{"href":"https:\/\/bybatt.com\/fi\/wp-json\/wp\/v2\/product"}],"about":[{"href":"https:\/\/bybatt.com\/fi\/wp-json\/wp\/v2\/types\/product"}],"wp:featuredmedia":[{"embeddable":true,"href":"https:\/\/bybatt.com\/fi\/wp-json\/wp\/v2\/media\/515"}],"wp:attachment":[{"href":"https:\/\/bybatt.com\/fi\/wp-json\/wp\/v2\/media?parent=514"}],"wp:term":[{"taxonomy":"product_cat","embeddable":true,"href":"https:\/\/bybatt.com\/fi\/wp-json\/wp\/v2\/product_cat?post=514"},{"taxonomy":"product_tag","embeddable":true,"href":"https:\/\/bybatt.com\/fi\/wp-json\/wp\/v2\/product_tag?post=514"}],"curies":[{"name":"wp","href":"https:\/\/api.w.org\/{rel}","templated":true}]}}