{"id":536,"date":"2023-02-20T01:47:15","date_gmt":"2023-02-20T01:47:15","guid":{"rendered":"https:\/\/bybatt.com\/?post_type=product&#038;p=536"},"modified":"2023-02-20T01:55:19","modified_gmt":"2023-02-20T01:55:19","slug":"48v-14ah-reention-eel-pro-electric-bicycle-lithium-batteries","status":"publish","type":"product","link":"https:\/\/bybatt.com\/fi\/tuote\/48v-14ah-reention-eel-pro-electric-bicycle-lithium-batteries\/","title":{"rendered":"48V 14Ah Reention EEL Pro s\u00e4hk\u00f6py\u00f6r\u00e4n litiumparistot"},"content":{"rendered":"","protected":false},"excerpt":{"rendered":"<p>48V 14Ah Reention EEL Pro Electric Bicycle Lithium Battery -akut ovat korkealaatuinen akkupaketti, joka on suunniteltu erityisesti s\u00e4hk\u00f6py\u00f6riin. Akut on valmistettu uusista 100% kennoista, joissa on LiNiCoMno2-kemia, mik\u00e4 tarjoaa erinomaisen suorituskyvyn ja pitk\u00e4n k\u00e4ytt\u00f6i\u00e4n. Akkuja on saatavana eri j\u00e4nnitteill\u00e4 ja kapasiteetilla, mukaan lukien 36 V ja 48 V, joiden kapasiteetti vaihtelee 10,4 Ah - 14 Ah.<br \/>\nAkkujen ulkokuori on valmistettu kest\u00e4v\u00e4st\u00e4 EEL-materiaalista, joka tarjoaa erinomaisen suojan iskuja ja muita vaurioita vastaan. Akut on suunniteltu ladattavaksi tavallisella 0,2 C vakiovirralla ja 54,6 V:n vakioj\u00e4nnitteell\u00e4 100 mA:n katkaisulla. Pikalataus on my\u00f6s mahdollista k\u00e4ytt\u00e4m\u00e4ll\u00e4 vakiovirtaa 0,5 CA ja samaa vakioj\u00e4nnitett\u00e4 ja katkaisua.<br \/>\nAkkuja voidaan purkaa vakiovirralla 0,2C, kunnes loppuj\u00e4nnite saavuttaa 30V. Akkujen k\u00e4ytt\u00f6ik\u00e4 on 500 kertaa purkaussyvyyden (DOD) ollessa 80%. Akkujen jatkuva purkausvirta on 10A ja huippupurkausvirta 30A. Akunhallintaj\u00e4rjestelm\u00e4 (BMS) suojaa ylivirtaa, ylipurkausta, ylilatausta ja oikosulkua vastaan ja varmistaa my\u00f6s, ett\u00e4 kennot ovat tasapainossa.<br \/>\nAkkuja voidaan s\u00e4ilytt\u00e4\u00e4 -10 \u2103 - 40 \u2103 l\u00e4mp\u00f6tiloissa, suhteellisessa kosteudessa 45-75% ja paineessa 86-106 KPa. N\u00e4m\u00e4 akut ovat loistava valinta kaikille, jotka haluavat p\u00e4ivitt\u00e4\u00e4 tai vaihtaa s\u00e4hk\u00f6py\u00f6r\u00e4ns\u00e4 akun, tarjoten luotettavaa ja tehokasta tehoa ajoon.<\/p>","protected":false},"featured_media":537,"template":"","meta":{"_kad_post_transparent":"default","_kad_post_title":"","_kad_post_layout":"default","_kad_post_sidebar_id":"","_kad_post_content_style":"default","_kad_post_vertical_padding":"default","_kad_post_feature":"","_kad_post_feature_position":"","_kad_post_header":false,"_kad_post_footer":false},"product_cat":[19,23],"product_tag":[322,325,324,323,319,320,321],"class_list":["post-536","product","type-product","status-publish","has-post-thumbnail","hentry","product_cat-custom-ebike-battery","product_cat-inner-ebike-battery","product_tag-48v-14ah-li-ion-electric-bike-battery","product_tag-48v-14ah-reention-eel-battery","product_tag-8-volt-lithium-bike-battery","product_tag-bike-battery-12-8ah","product_tag-electric-bicycle-lithium-batteries","product_tag-reention-eel-pro","product_tag-reention-eel-pro-electric-bicycle-batteries","entry","content-bg","loop-entry"],"_links":{"self":[{"href":"https:\/\/bybatt.com\/fi\/wp-json\/wp\/v2\/product\/536","targetHints":{"allow":["GET"]}}],"collection":[{"href":"https:\/\/bybatt.com\/fi\/wp-json\/wp\/v2\/product"}],"about":[{"href":"https:\/\/bybatt.com\/fi\/wp-json\/wp\/v2\/types\/product"}],"wp:featuredmedia":[{"embeddable":true,"href":"https:\/\/bybatt.com\/fi\/wp-json\/wp\/v2\/media\/537"}],"wp:attachment":[{"href":"https:\/\/bybatt.com\/fi\/wp-json\/wp\/v2\/media?parent=536"}],"wp:term":[{"taxonomy":"product_cat","embeddable":true,"href":"https:\/\/bybatt.com\/fi\/wp-json\/wp\/v2\/product_cat?post=536"},{"taxonomy":"product_tag","embeddable":true,"href":"https:\/\/bybatt.com\/fi\/wp-json\/wp\/v2\/product_tag?post=536"}],"curies":[{"name":"wp","href":"https:\/\/api.w.org\/{rel}","templated":true}]}}