{"id":543,"date":"2023-02-20T01:56:32","date_gmt":"2023-02-20T01:56:32","guid":{"rendered":"https:\/\/bybatt.com\/?post_type=product&#038;p=543"},"modified":"2023-02-20T02:03:31","modified_gmt":"2023-02-20T02:03:31","slug":"36v-24-5ah-reention-kirin-electric-bicycle-battery-pack","status":"publish","type":"product","link":"https:\/\/bybatt.com\/fi\/tuote\/36v-24-5ah-reention-kirin-electric-bicycle-battery-pack\/","title":{"rendered":"36 V 24,5 Ah Reention Kirin s\u00e4hk\u00f6py\u00f6r\u00e4n akkupaketti"},"content":{"rendered":"","protected":false},"excerpt":{"rendered":"<p>Reention Kirin Electric Bicycle Battery Pack on korkealaatuinen akkupaketti, joka on suunniteltu s\u00e4hk\u00f6py\u00f6riin. Sen j\u00e4nnite on 36V ja kapasiteetti 24,5Ah, mik\u00e4 tarjoaa yhteens\u00e4 696-910Wh tehoa kokoonpanosta riippuen. Akku koostuu joko 13S5P- tai 14S5P-kennoista, joiden kapasiteetti on 3000-3500 mAh. Akunhallintaj\u00e4rjestelm\u00e4 (BMS) on mitoitettu 30A:ksi ja akku kest\u00e4\u00e4 2-5A latausvirtaa.<br \/>\nAkkupaketti on suunniteltu toimimaan s\u00e4hk\u00f6moottoreiden kanssa, joiden tehoalue on 48V 250-1000W tai 48V&amp;52V 250-1000W. Sen latausl\u00e4mp\u00f6tila-alue on 0-45 \u00b0C ja purkautumisl\u00e4mp\u00f6tila -20-65 \u00b0C. Akun k\u00e4ytt\u00f6ik\u00e4 on v\u00e4hint\u00e4\u00e4n 800 sykli\u00e4 ja kapasiteetin s\u00e4ilyvyysaste \u226580%.<br \/>\nAkkupakkaus painaa 4,5-5 kg ja sen mitat ovat 526 mm x 79 mm x 104 mm. Kaikki akussa k\u00e4ytetyt kennot ovat upouusia, mik\u00e4 takaa korkealaatuisen suorituskyvyn ja pitk\u00e4n k\u00e4ytt\u00f6i\u00e4n.<\/p>","protected":false},"featured_media":544,"template":"","meta":{"_kad_post_transparent":"default","_kad_post_title":"","_kad_post_layout":"default","_kad_post_sidebar_id":"","_kad_post_content_style":"default","_kad_post_vertical_padding":"default","_kad_post_feature":"","_kad_post_feature_position":"","_kad_post_header":false,"_kad_post_footer":false},"product_cat":[19,23],"product_tag":[330,51,328,326,331,327,329],"class_list":["post-543","product","type-product","status-publish","has-post-thumbnail","hentry","product_cat-custom-ebike-battery","product_cat-inner-ebike-battery","product_tag-21ah-36v","product_tag-battery-electric-bike","product_tag-bosch-ebike-battery-replacement","product_tag-electric-bicycle-battery-pack","product_tag-reention-kirin-battery","product_tag-reention-kirin-ebike-battery","product_tag-reention-kirin-electric-bicycle-battery-pack","entry","content-bg","loop-entry"],"_links":{"self":[{"href":"https:\/\/bybatt.com\/fi\/wp-json\/wp\/v2\/product\/543","targetHints":{"allow":["GET"]}}],"collection":[{"href":"https:\/\/bybatt.com\/fi\/wp-json\/wp\/v2\/product"}],"about":[{"href":"https:\/\/bybatt.com\/fi\/wp-json\/wp\/v2\/types\/product"}],"wp:featuredmedia":[{"embeddable":true,"href":"https:\/\/bybatt.com\/fi\/wp-json\/wp\/v2\/media\/544"}],"wp:attachment":[{"href":"https:\/\/bybatt.com\/fi\/wp-json\/wp\/v2\/media?parent=543"}],"wp:term":[{"taxonomy":"product_cat","embeddable":true,"href":"https:\/\/bybatt.com\/fi\/wp-json\/wp\/v2\/product_cat?post=543"},{"taxonomy":"product_tag","embeddable":true,"href":"https:\/\/bybatt.com\/fi\/wp-json\/wp\/v2\/product_tag?post=543"}],"curies":[{"name":"wp","href":"https:\/\/api.w.org\/{rel}","templated":true}]}}