{"id":550,"date":"2023-02-20T02:15:50","date_gmt":"2023-02-20T02:15:50","guid":{"rendered":"https:\/\/bybatt.com\/?post_type=product&#038;p=550"},"modified":"2023-02-20T02:24:42","modified_gmt":"2023-02-20T02:24:42","slug":"tiger-shark-48v-lithium-ion-downtube-mounted-e-bike-battery","status":"publish","type":"product","link":"https:\/\/bybatt.com\/fi\/tuote\/tiger-shark-48v-lithium-ion-downtube-mounted-e-bike-battery\/","title":{"rendered":"Tiger Shark 48V Lithium-ion Downtube -asennettava s\u00e4hk\u00f6py\u00f6r\u00e4n akku"},"content":{"rendered":"","protected":false},"excerpt":{"rendered":"<p>Tiger Shark 48V Lithium ion Downtube Mounted E-Bike Battery on korkealaatuinen akku, joka on suunniteltu s\u00e4hk\u00f6py\u00f6riin. Akku k\u00e4ytt\u00e4\u00e4 100% uusia kennoja ja on saatavana kolmella eri j\u00e4nnitevaihtoehdolla: 36V, 48V ja 52V. Akun nimelliskapasiteetti vaihtelee v\u00e4lill\u00e4 13ah - 20,4ah, mik\u00e4 tarjoaa runsaasti tehoa pitkiin ajoihin.<br \/>\nTiger Shark 48V Lithium ion Downtube -asennetussa s\u00e4hk\u00f6py\u00f6r\u00e4akussa k\u00e4ytetyt akkukennot ovat 18650 3.7V 2500mah. Vakiolatausvirta on 2A, mutta se voidaan r\u00e4\u00e4t\u00e4l\u00f6id\u00e4, ja maksimipurkausvirta on 20A, my\u00f6s muokattavissa. Akun k\u00e4ytt\u00f6ik\u00e4 on yli 1000 kertaa, mik\u00e4 tekee siit\u00e4 pitk\u00e4ik\u00e4isen ja kustannustehokkaan vaihtoehdon.<br \/>\nTiger Shark 48V Lithium-ion Downtube -asennettava s\u00e4hk\u00f6py\u00f6r\u00e4akku on saatavana kuutta eri kokoa, joista jokaisessa on ainutlaatuinen kennokokoonpano. Akku on asennettu alaputkeen, joten se on helppo asentaa useimpiin s\u00e4hk\u00f6py\u00f6riin. Akun paino on noin 5 kg, joten se on suhteellisen kevyt vaihtoehto.<br \/>\nAkussa on erilaisia suojamekanismeja, mukaan lukien ylilataussuoja, ylipurkaussuoja, ylivirtasuoja, oikosulkusuoja ja paljon muuta. Latausl\u00e4mp\u00f6tila-alue on 045 \u00b0C ja purkautumisl\u00e4mp\u00f6tila -2060 \u00b0C. Varastointil\u00e4mp\u00f6tila-alue on 20-35\u00b0C, mik\u00e4 varmistaa, ett\u00e4 akkua voidaan s\u00e4ilytt\u00e4\u00e4 turvallisesti ja tehokkaasti.<br \/>\nKaiken kaikkiaan Tiger Shark 48V Lithium ion Downtube -s\u00e4hk\u00f6py\u00f6r\u00e4akku on korkealaatuinen, pitk\u00e4ik\u00e4inen ja luotettava vaihtoehto kaikille, jotka haluavat k\u00e4ytt\u00e4\u00e4 s\u00e4hk\u00f6py\u00f6r\u00e4\u00e4ns\u00e4.<\/p>","protected":false},"featured_media":551,"template":"","meta":{"_kad_post_transparent":"default","_kad_post_title":"","_kad_post_layout":"default","_kad_post_sidebar_id":"","_kad_post_content_style":"default","_kad_post_vertical_padding":"default","_kad_post_feature":"","_kad_post_feature_position":"","_kad_post_header":false,"_kad_post_footer":false},"product_cat":[19,21],"product_tag":[335,336,304,332,43,333,334,337],"class_list":["post-550","product","type-product","status-publish","has-post-thumbnail","hentry","product_cat-custom-ebike-battery","product_cat-down-tube-ebike-battery","product_tag-bosch-ebike-battery","product_tag-downtube-battery","product_tag-downtube-ebike-battery","product_tag-downtube-mounted-e-bike-battery","product_tag-ebike-battery","product_tag-ebike-battery-parts","product_tag-tiger-shark-48v10ah","product_tag-tiger-shark-ebike-battery","entry","content-bg","loop-entry"],"_links":{"self":[{"href":"https:\/\/bybatt.com\/fi\/wp-json\/wp\/v2\/product\/550","targetHints":{"allow":["GET"]}}],"collection":[{"href":"https:\/\/bybatt.com\/fi\/wp-json\/wp\/v2\/product"}],"about":[{"href":"https:\/\/bybatt.com\/fi\/wp-json\/wp\/v2\/types\/product"}],"wp:featuredmedia":[{"embeddable":true,"href":"https:\/\/bybatt.com\/fi\/wp-json\/wp\/v2\/media\/551"}],"wp:attachment":[{"href":"https:\/\/bybatt.com\/fi\/wp-json\/wp\/v2\/media?parent=550"}],"wp:term":[{"taxonomy":"product_cat","embeddable":true,"href":"https:\/\/bybatt.com\/fi\/wp-json\/wp\/v2\/product_cat?post=550"},{"taxonomy":"product_tag","embeddable":true,"href":"https:\/\/bybatt.com\/fi\/wp-json\/wp\/v2\/product_tag?post=550"}],"curies":[{"name":"wp","href":"https:\/\/api.w.org\/{rel}","templated":true}]}}