{"id":557,"date":"2023-02-20T02:27:51","date_gmt":"2023-02-20T02:27:51","guid":{"rendered":"https:\/\/bybatt.com\/?post_type=product&#038;p=557"},"modified":"2023-02-20T02:36:38","modified_gmt":"2023-02-20T02:36:38","slug":"52v-50amp-8-4ah-rechargeable-21700-lithium-e-bike-battery","status":"publish","type":"product","link":"https:\/\/bybatt.com\/fi\/tuote\/52v-50amp-8-4ah-rechargeable-21700-lithium-e-bike-battery\/","title":{"rendered":"52V 50AMP 8.4AH ladattava 21700 litium s\u00e4hk\u00f6py\u00f6r\u00e4n akku"},"content":{"rendered":"","protected":false},"excerpt":{"rendered":"<p>52V 50AMP 8.4AH Ladattava 21700 Lithium E-Bike Battery on korkean suorituskyvyn litiumioniakku, joka on suunniteltu k\u00e4ytett\u00e4v\u00e4ksi s\u00e4hk\u00f6py\u00f6riss\u00e4. Se on valmistettu uusista 100%-kennoista ja sit\u00e4 on saatavana useissa eri kokoonpanoissa, joiden nimellisj\u00e4nnitteet ovat 36 V, 48 V ja 52 V ja nimelliskapasiteetit vaihtelevat v\u00e4lill\u00e4 13ah - 20,4ah. Akku on rakennettu k\u00e4ytt\u00e4m\u00e4ll\u00e4 18650 3.7V 2500mah -kennoja, ja sen vakiolatausvirta on 2A, vaikka se voidaan r\u00e4\u00e4t\u00e4l\u00f6id\u00e4 erityisvaatimusten mukaan.<br \/>\nAkku pystyy tuottamaan maksimipurkausvirran 51A ja sen k\u00e4ytt\u00f6ik\u00e4 on yli 1000 kertaa. Se voidaan ladata vakiovirta- ja vakioj\u00e4nnitelatausmenetelm\u00e4ll\u00e4, ja sit\u00e4 on saatavana kolmessa eri koossa: Polly DP-9 367mm x 141mm x 90mm, Polly DP-5\/5C 368mm x 96mm x 90mm ja Polly DP-6\/ 6C 368mm x 112mm x 90mm. Akku painaa noin 5 kg ja sit\u00e4 voidaan ladata 045 \u00b0C:n l\u00e4mp\u00f6tiloissa, kun taas purkautumisl\u00e4mp\u00f6tila on -2060 \u00b0C. Akussa on my\u00f6s suojaus ylilatausta, ylipurkautumista, ylivirtaa, oikosulkuja ja muita vaaroja vastaan.<\/p>","protected":false},"featured_media":558,"template":"","meta":{"_kad_post_transparent":"default","_kad_post_title":"","_kad_post_layout":"default","_kad_post_sidebar_id":"","_kad_post_content_style":"default","_kad_post_vertical_padding":"default","_kad_post_feature":"","_kad_post_feature_position":"","_kad_post_header":false,"_kad_post_footer":false},"product_cat":[19,21],"product_tag":[341,338,342,343,340,339],"class_list":["post-557","product","type-product","status-publish","has-post-thumbnail","hentry","product_cat-custom-ebike-battery","product_cat-down-tube-ebike-battery","product_tag-21700-cell-rechargeable-ebike-battery","product_tag-21700-lithium-e-bike-battery","product_tag-52v-ebike-battery","product_tag-e-bike-battery-replacement","product_tag-electric-bike-battery-36v","product_tag-lithium-ion-e-bike-battery","entry","content-bg","loop-entry"],"_links":{"self":[{"href":"https:\/\/bybatt.com\/fi\/wp-json\/wp\/v2\/product\/557","targetHints":{"allow":["GET"]}}],"collection":[{"href":"https:\/\/bybatt.com\/fi\/wp-json\/wp\/v2\/product"}],"about":[{"href":"https:\/\/bybatt.com\/fi\/wp-json\/wp\/v2\/types\/product"}],"wp:featuredmedia":[{"embeddable":true,"href":"https:\/\/bybatt.com\/fi\/wp-json\/wp\/v2\/media\/558"}],"wp:attachment":[{"href":"https:\/\/bybatt.com\/fi\/wp-json\/wp\/v2\/media?parent=557"}],"wp:term":[{"taxonomy":"product_cat","embeddable":true,"href":"https:\/\/bybatt.com\/fi\/wp-json\/wp\/v2\/product_cat?post=557"},{"taxonomy":"product_tag","embeddable":true,"href":"https:\/\/bybatt.com\/fi\/wp-json\/wp\/v2\/product_tag?post=557"}],"curies":[{"name":"wp","href":"https:\/\/api.w.org\/{rel}","templated":true}]}}