{"id":564,"date":"2023-02-20T03:00:52","date_gmt":"2023-02-20T03:00:52","guid":{"rendered":"https:\/\/bybatt.com\/?post_type=product&#038;p=564"},"modified":"2023-02-20T03:06:21","modified_gmt":"2023-02-20T03:06:21","slug":"48v-14ah-lithium-ion-e-bike-batteries-in-aluminum-case","status":"publish","type":"product","link":"https:\/\/bybatt.com\/fi\/tuote\/48v-14ah-lithium-ion-e-bike-batteries-in-aluminum-case\/","title":{"rendered":"48V 14Ah Lithium-Ion s\u00e4hk\u00f6py\u00f6r\u00e4n akut alumiinikotelossa"},"content":{"rendered":"","protected":false},"excerpt":{"rendered":"<p>T\u00e4m\u00e4 tuote on 48 V litiumioniakku s\u00e4hk\u00f6py\u00f6r\u00e4n alumiinikotelossa. K\u00e4ytetyt akkukennot ovat 100% uusia ja niiden kemiallinen Li(NiCoMn)O2 18650. Sen nimellisj\u00e4nnite on 36V tai 48V ja nimelliskapasiteetti 15Ah, 17.5ah, 12.8h tai 14ah. K\u00e4ytetty akkukenno on kuuluisa 18650-kenno, jonka kapasiteetti on joko 3200 mAh tai 3400 mAh. Akun kokoonpano on 13S5P ja akunhallintaj\u00e4rjestelm\u00e4 (BMS) on 16A tai se voidaan r\u00e4\u00e4t\u00e4l\u00f6id\u00e4. Akun koko on 40 mm x 100 mm x 430 mm ja se sis\u00e4lt\u00e4\u00e4 52 18650 kennoa, paino 4,5 kg. Purkauksen katkaisuj\u00e4nnite on 30V ja latausj\u00e4nnite 42,6V. Akku voi yll\u00e4pit\u00e4\u00e4 80% tehostaan 800 syklin j\u00e4lkeen, kun ty\u00f6l\u00e4mp\u00f6tila-alue on 20 ~ 60 Celsius.<\/p>","protected":false},"featured_media":565,"template":"","meta":{"_kad_post_transparent":"default","_kad_post_title":"","_kad_post_layout":"default","_kad_post_sidebar_id":"","_kad_post_content_style":"default","_kad_post_vertical_padding":"default","_kad_post_feature":"","_kad_post_feature_position":"","_kad_post_header":false,"_kad_post_footer":false},"product_cat":[19,21],"product_tag":[345,346,344,318],"class_list":["post-564","product","type-product","status-publish","has-post-thumbnail","hentry","product_cat-custom-ebike-battery","product_cat-down-tube-ebike-battery","product_tag-48v-14ah-lithium-pack","product_tag-bike-battery","product_tag-e-bike-batteries-in-aluminum-case","product_tag-electric-bike-battery","entry","content-bg","loop-entry"],"_links":{"self":[{"href":"https:\/\/bybatt.com\/fi\/wp-json\/wp\/v2\/product\/564","targetHints":{"allow":["GET"]}}],"collection":[{"href":"https:\/\/bybatt.com\/fi\/wp-json\/wp\/v2\/product"}],"about":[{"href":"https:\/\/bybatt.com\/fi\/wp-json\/wp\/v2\/types\/product"}],"wp:featuredmedia":[{"embeddable":true,"href":"https:\/\/bybatt.com\/fi\/wp-json\/wp\/v2\/media\/565"}],"wp:attachment":[{"href":"https:\/\/bybatt.com\/fi\/wp-json\/wp\/v2\/media?parent=564"}],"wp:term":[{"taxonomy":"product_cat","embeddable":true,"href":"https:\/\/bybatt.com\/fi\/wp-json\/wp\/v2\/product_cat?post=564"},{"taxonomy":"product_tag","embeddable":true,"href":"https:\/\/bybatt.com\/fi\/wp-json\/wp\/v2\/product_tag?post=564"}],"curies":[{"name":"wp","href":"https:\/\/api.w.org\/{rel}","templated":true}]}}