{"id":571,"date":"2023-02-20T03:07:17","date_gmt":"2023-02-20T03:07:17","guid":{"rendered":"https:\/\/bybatt.com\/?post_type=product&#038;p=571"},"modified":"2023-02-20T03:56:54","modified_gmt":"2023-02-20T03:56:54","slug":"original-48v-17-5ah-reention-dorado-e-bike-battery","status":"publish","type":"product","link":"https:\/\/bybatt.com\/fi\/tuote\/original-48v-17-5ah-reention-dorado-e-bike-battery\/","title":{"rendered":"Alkuper\u00e4inen 48V 17.5Ah Reention Dorado E Bike Akku"},"content":{"rendered":"","protected":false},"excerpt":{"rendered":"<p>Alkuper\u00e4inen 48V 17,5Ah Reention Dorado E Bike Battery on suunniteltu k\u00e4ytett\u00e4v\u00e4ksi s\u00e4hk\u00f6py\u00f6riss\u00e4, ja sen nimellisj\u00e4nnite on 36V tai 48V ja nimelliskapasiteetti 10,4Ah, 11,6Ah, 13,6Ah, 13Ah, 14,5Ah tai 17,5. Akku k\u00e4ytt\u00e4\u00e4 LiNiCoMnO2-kemiaa ja 18650 3.7V 2500mAh kennoja.<br \/>\nAkun ulkokuori on sis\u00e4inen akkukotelo, ja akussa k\u00e4ytettyjen kennojen m\u00e4\u00e4r\u00e4 vaihtelee mallin mukaan. Dorado Mini k\u00e4ytt\u00e4\u00e4 30 tai 40 kennoa, Dorado Pro k\u00e4ytt\u00e4\u00e4 40 tai 50 kennoa, Dorado Plus k\u00e4ytt\u00e4\u00e4 52 tai 65 kennoa ja Dorado Max k\u00e4ytt\u00e4\u00e4 64 tai 80 kennoa. Akun paino on 5,5 kg.<br \/>\nAkku voidaan ladata vakiolatauksella 0,2 C:n vakiovirralla ja 54,6 V:n vakioj\u00e4nnitteell\u00e4 100 mA:n katkaisulla tai pikalatauksella vakiovirralla 0,5 CA ja 54,6 V:n vakioj\u00e4nnitteell\u00e4. 100mA katkaisu. Akku voidaan purkaa vakiovirralla 0,2C ja p\u00e4\u00e4tej\u00e4nnitteell\u00e4 39V.<br \/>\nAkun k\u00e4ytt\u00f6ik\u00e4 on 500 kertaa DOD80%:n kanssa ja jatkuva purkausvirta 17A tai r\u00e4\u00e4t\u00e4l\u00f6ityn\u00e4. Huippupurkausvirta on 51A tai r\u00e4\u00e4t\u00e4l\u00f6ity. Akunhallintaj\u00e4rjestelm\u00e4 (BMS) tarjoaa ylivirtasuojan, ylipurkaussuojan, ylilataussuojan, oikosulkusuojauksen ja tasapainon. Akkua voidaan s\u00e4ilytt\u00e4\u00e4 l\u00e4mp\u00f6tilassa -10-40 \u2103, suhteellisessa kosteudessa 45-75% ja paineessa 86-106 KPa.<\/p>","protected":false},"featured_media":572,"template":"","meta":{"_kad_post_transparent":"default","_kad_post_title":"","_kad_post_layout":"default","_kad_post_sidebar_id":"","_kad_post_content_style":"default","_kad_post_vertical_padding":"default","_kad_post_feature":"","_kad_post_feature_position":"","_kad_post_header":false,"_kad_post_footer":false},"product_cat":[19,21],"product_tag":[350,348,349,347],"class_list":["post-571","product","type-product","status-publish","has-post-thumbnail","hentry","product_cat-custom-ebike-battery","product_cat-down-tube-ebike-battery","product_tag-13ah-25ah","product_tag-48v-17-5ah-battery","product_tag-48v-battery","product_tag-reention-dorado-e-bike-battery","entry","content-bg","loop-entry"],"_links":{"self":[{"href":"https:\/\/bybatt.com\/fi\/wp-json\/wp\/v2\/product\/571","targetHints":{"allow":["GET"]}}],"collection":[{"href":"https:\/\/bybatt.com\/fi\/wp-json\/wp\/v2\/product"}],"about":[{"href":"https:\/\/bybatt.com\/fi\/wp-json\/wp\/v2\/types\/product"}],"wp:featuredmedia":[{"embeddable":true,"href":"https:\/\/bybatt.com\/fi\/wp-json\/wp\/v2\/media\/572"}],"wp:attachment":[{"href":"https:\/\/bybatt.com\/fi\/wp-json\/wp\/v2\/media?parent=571"}],"wp:term":[{"taxonomy":"product_cat","embeddable":true,"href":"https:\/\/bybatt.com\/fi\/wp-json\/wp\/v2\/product_cat?post=571"},{"taxonomy":"product_tag","embeddable":true,"href":"https:\/\/bybatt.com\/fi\/wp-json\/wp\/v2\/product_tag?post=571"}],"curies":[{"name":"wp","href":"https:\/\/api.w.org\/{rel}","templated":true}]}}