{"id":586,"date":"2023-02-20T04:07:10","date_gmt":"2023-02-20T04:07:10","guid":{"rendered":"https:\/\/bybatt.com\/?post_type=product&#038;p=586"},"modified":"2023-02-20T04:11:38","modified_gmt":"2023-02-20T04:11:38","slug":"52v-48v-hailong-ebike-battery-electric-bike-lithium-battery","status":"publish","type":"product","link":"https:\/\/bybatt.com\/fi\/tuote\/52v-48v-hailong-ebike-battery-electric-bike-lithium-battery\/","title":{"rendered":"52V 48V Hailong Ebike Battery S\u00e4hk\u00f6py\u00f6r\u00e4n litiumakku"},"content":{"rendered":"","protected":false},"excerpt":{"rendered":"<p>52V\/48V Hailong Ebike Battery on s\u00e4hk\u00f6py\u00f6r\u00e4n litiumakku, joka on suunniteltu antamaan virtaa s\u00e4hk\u00f6py\u00f6r\u00e4lle. Akku koostuu uusista 100%-kennoista, jotka on hankittu A-luokan Japanin tai Korean kennovalmistajilta, mik\u00e4 varmistaa, ett\u00e4 akun rakenne on korkealaatuinen.<br \/>\nAkkua on saatavana eri luokituksilla, joiden j\u00e4nnite on 36V\/48V\/52V ja kapasiteettiluokitus 17,4Ah\/12Ah\/13Ah\/14,5Ah\/17,5Ah\/13Ah. vaatimukset.<br \/>\nAkun mitat ovat 365 mm x 90 mm x 110 mm, joten se sopii useimpiin s\u00e4hk\u00f6py\u00f6riin. Akku on varustettu BMS-j\u00e4rjestelm\u00e4ll\u00e4 (Battery Management System), jonka teho on 25A\/30A, mik\u00e4 varmistaa akun turvallisuuden ja pitk\u00e4ik\u00e4isyyden.<br \/>\nAkun mukana tulee laturi, jota on saatavana kolmessa eri luokituksessa: 42V 2A\/54.6V 2A\/58.8V 2A, ja akun latauksen katkaisuj\u00e4nnite on 42V\/54.6V\/58.8V ja purkauskatkaisu. j\u00e4nnite 28V\/36,4V\/39,2V.<br \/>\nAkun k\u00e4ytt\u00f6ik\u00e4 on 80% tehoa 800 jakson j\u00e4lkeen, mik\u00e4 tarkoittaa, ett\u00e4 se voidaan ladata ja purkaa jopa 800 kertaa ennen kuin se menett\u00e4\u00e4 20% alkuper\u00e4isest\u00e4 kapasiteetistaan. Akkutyyppi on Li(NiCoMn)O2 18650, joka on yleinen litiumioniakkukemia, jota k\u00e4ytet\u00e4\u00e4n s\u00e4hk\u00f6py\u00f6r\u00e4n akuissa.<br \/>\nKaiken kaikkiaan 52V\/48V Hailong Ebike Battery on korkealaatuinen litiumakku, joka on rakennettu kest\u00e4m\u00e4\u00e4n ja tarjoamaan luotettavan virtal\u00e4hteen s\u00e4hk\u00f6py\u00f6r\u00e4llesi.<\/p>","protected":false},"featured_media":587,"template":"","meta":{"_kad_post_transparent":"default","_kad_post_title":"","_kad_post_layout":"default","_kad_post_sidebar_id":"","_kad_post_content_style":"default","_kad_post_vertical_padding":"default","_kad_post_feature":"","_kad_post_feature_position":"","_kad_post_header":false,"_kad_post_footer":false},"product_cat":[19,21],"product_tag":[354,353,326,351,357,355,356,352],"class_list":["post-586","product","type-product","status-publish","has-post-thumbnail","hentry","product_cat-custom-ebike-battery","product_cat-down-tube-ebike-battery","product_tag-battery-pack","product_tag-electric-bicycle-52v-20ah-battery","product_tag-electric-bicycle-battery-pack","product_tag-hailong-battery-52v-17-5ah","product_tag-hailong-ebike-battery","product_tag-hailong-s039-3-battery","product_tag-hailong-s039-3-electric-bicycle-battery","product_tag-lithium-ion-battery-pack","entry","content-bg","loop-entry"],"_links":{"self":[{"href":"https:\/\/bybatt.com\/fi\/wp-json\/wp\/v2\/product\/586","targetHints":{"allow":["GET"]}}],"collection":[{"href":"https:\/\/bybatt.com\/fi\/wp-json\/wp\/v2\/product"}],"about":[{"href":"https:\/\/bybatt.com\/fi\/wp-json\/wp\/v2\/types\/product"}],"wp:featuredmedia":[{"embeddable":true,"href":"https:\/\/bybatt.com\/fi\/wp-json\/wp\/v2\/media\/587"}],"wp:attachment":[{"href":"https:\/\/bybatt.com\/fi\/wp-json\/wp\/v2\/media?parent=586"}],"wp:term":[{"taxonomy":"product_cat","embeddable":true,"href":"https:\/\/bybatt.com\/fi\/wp-json\/wp\/v2\/product_cat?post=586"},{"taxonomy":"product_tag","embeddable":true,"href":"https:\/\/bybatt.com\/fi\/wp-json\/wp\/v2\/product_tag?post=586"}],"curies":[{"name":"wp","href":"https:\/\/api.w.org\/{rel}","templated":true}]}}