{"id":593,"date":"2023-02-20T04:17:45","date_gmt":"2023-02-20T04:17:45","guid":{"rendered":"https:\/\/bybatt.com\/?post_type=product&#038;p=593"},"modified":"2023-03-05T16:17:11","modified_gmt":"2023-03-05T16:17:11","slug":"authorized-hailong-downtube-lithium-battery-pack-for-e-bike","status":"publish","type":"product","link":"https:\/\/bybatt.com\/fi\/tuote\/authorized-hailong-downtube-lithium-battery-pack-for-e-bike\/","title":{"rendered":"Valtuutettu Hailong Downtube Lithium Battery Pack s\u00e4hk\u00f6py\u00f6r\u00e4\u00e4n"},"content":{"rendered":"","protected":false},"excerpt":{"rendered":"<p>Valtuutettu Hailong Downtube Lithium Battery Pack s\u00e4hk\u00f6py\u00f6r\u00e4lle on korkealaatuinen s\u00e4hk\u00f6py\u00f6riin suunniteltu akku. Se k\u00e4ytt\u00e4\u00e4 100% uusia kennoja, ja sit\u00e4 on saatavana eri j\u00e4nnitteill\u00e4 ja kapasiteetilla eri s\u00e4hk\u00f6py\u00f6r\u00e4malleihin ja sovelluksiin sopivaksi.<br \/>\nK\u00e4ytett\u00e4viss\u00e4 olevat j\u00e4nnitevaihtoehdot ovat 72 V, 60 V, 36 V, 48 V ja 52 V, ja kapasiteettivaihtoehdot ovat 28,8 Ah, 24 Ah, 13 Ah, 15 Ah, 20 Ah ja 18 Ah. Akku koostuu G2500 Cell\/Samsung 35E, G2500 Cell, G2500 Cell, G2500 Cell.<br \/>\nT\u00e4t\u00e4 akkupakettia voidaan k\u00e4ytt\u00e4\u00e4 s\u00e4hk\u00f6py\u00f6r\u00e4n moottoreissa, joiden tehoalue on 200-1000W, 200-1500W, 200-1800W ja 200-2200W. Saatavilla olevat BMS (Battery Management System) -vaihtoehdot ovat 30A, 40A ja 50A, mik\u00e4 tarjoaa tehokkaan ja luotettavan akunhallinnan.<br \/>\nKaiken kaikkiaan t\u00e4m\u00e4 Hailong Downtube Lithium Battery Pack on luotettava ja tehokas virtal\u00e4hde s\u00e4hk\u00f6py\u00f6rille, mik\u00e4 tekee siit\u00e4 erinomaisen valinnan s\u00e4hk\u00f6py\u00f6rien harrastajille, jotka vaativat parasta s\u00e4hk\u00f6py\u00f6rist\u00e4\u00e4n.<\/p>","protected":false},"featured_media":594,"template":"","meta":{"_kad_post_transparent":"default","_kad_post_title":"","_kad_post_layout":"default","_kad_post_sidebar_id":"","_kad_post_content_style":"default","_kad_post_vertical_padding":"default","_kad_post_feature":"","_kad_post_feature_position":"","_kad_post_header":false,"_kad_post_footer":false},"product_cat":[19,21],"product_tag":[354,353,326,351,358,357,355,356,352],"class_list":["post-593","product","type-product","status-publish","has-post-thumbnail","hentry","product_cat-custom-ebike-battery","product_cat-down-tube-ebike-battery","product_tag-battery-pack","product_tag-electric-bicycle-52v-20ah-battery","product_tag-electric-bicycle-battery-pack","product_tag-hailong-battery-52v-17-5ah","product_tag-hailong-downtube-lithium-battery","product_tag-hailong-ebike-battery","product_tag-hailong-s039-3-battery","product_tag-hailong-s039-3-electric-bicycle-battery","product_tag-lithium-ion-battery-pack","entry","content-bg","loop-entry"],"_links":{"self":[{"href":"https:\/\/bybatt.com\/fi\/wp-json\/wp\/v2\/product\/593","targetHints":{"allow":["GET"]}}],"collection":[{"href":"https:\/\/bybatt.com\/fi\/wp-json\/wp\/v2\/product"}],"about":[{"href":"https:\/\/bybatt.com\/fi\/wp-json\/wp\/v2\/types\/product"}],"wp:featuredmedia":[{"embeddable":true,"href":"https:\/\/bybatt.com\/fi\/wp-json\/wp\/v2\/media\/594"}],"wp:attachment":[{"href":"https:\/\/bybatt.com\/fi\/wp-json\/wp\/v2\/media?parent=593"}],"wp:term":[{"taxonomy":"product_cat","embeddable":true,"href":"https:\/\/bybatt.com\/fi\/wp-json\/wp\/v2\/product_cat?post=593"},{"taxonomy":"product_tag","embeddable":true,"href":"https:\/\/bybatt.com\/fi\/wp-json\/wp\/v2\/product_tag?post=593"}],"curies":[{"name":"wp","href":"https:\/\/api.w.org\/{rel}","templated":true}]}}