{"id":601,"date":"2023-02-20T04:24:12","date_gmt":"2023-02-20T04:24:12","guid":{"rendered":"https:\/\/bybatt.com\/?post_type=product&#038;p=601"},"modified":"2023-02-20T04:36:07","modified_gmt":"2023-02-20T04:36:07","slug":"24v-10ah-rechargeable-18650-battery-cells-battery-pack","status":"publish","type":"product","link":"https:\/\/bybatt.com\/fi\/tuote\/24v-10ah-rechargeable-18650-battery-cells-battery-pack\/","title":{"rendered":"24V 10Ah ladattava 18650 akkukennojen akkupaketti"},"content":{"rendered":"","protected":false},"excerpt":{"rendered":"<p>Kuvattu tuote on 24V 10Ah ladattava akkupaketti, joka koostuu 18650 akkukennosta. Akkupaketti koostuu 28 kennosta, jotka on j\u00e4rjestetty 7 rinnakkaiseen 4-sarjaan, ja jokaisen kennon nimelliskapasiteetti on 2500 mAh ja nimellisj\u00e4nnite 3,7 V.<br \/>\nAkun l\u00e4hdevastus on alle 40 m\u03a9, purkautumisj\u00e4nnite 41+\/-1 V ja latauksen katkaisuj\u00e4nnite 29,4 V. Sen nimellispurkausvirta on 10A, hetkellinen maksimipurkausvirta 30A ja suurin jatkuva purkausvirta 20A. Suurin jatkuva latausvirta on 5A ja lataustila on CC\/CV, vakiolatausvirralla 2A ja latausajalla 5 tuntia normaalilla latausvirralla. Pikalataus on saatavana my\u00f6s 5 A:n pikalatausvirralla ja 2 tunnin latausajalla pikalatausvirralla.<br \/>\nAkkuyksikk\u00f6 voi toimia laajalla l\u00e4mp\u00f6tila-alueella -20 \u2013 60\u00b0C sek\u00e4 latauksessa ett\u00e4 purkauksessa. Akun koko on 225 x 130 x 85 mm, nettopaino 2 kg ja bruttopaino 2,5 kg. Valmistaja vahvistaa, ett\u00e4 kaikki akussa k\u00e4ytetyt kennot ovat 100% uusia.<\/p>","protected":false},"featured_media":602,"template":"","meta":{"_kad_post_transparent":"default","_kad_post_title":"","_kad_post_layout":"default","_kad_post_sidebar_id":"","_kad_post_content_style":"default","_kad_post_vertical_padding":"default","_kad_post_feature":"","_kad_post_feature_position":"","_kad_post_header":false,"_kad_post_footer":false},"product_cat":[19,21],"product_tag":[360,359,361,362,352,363],"class_list":["post-601","product","type-product","status-publish","has-post-thumbnail","hentry","product_cat-custom-ebike-battery","product_cat-down-tube-ebike-battery","product_tag-18650-battery-cells","product_tag-18650-battery-cells-battery-pack","product_tag-24v-10ah-silver-battery","product_tag-battery-rechargeable","product_tag-lithium-ion-battery-pack","product_tag-lithium-ion-e-bike-batteries-in-aluminum-cases","entry","content-bg","loop-entry"],"_links":{"self":[{"href":"https:\/\/bybatt.com\/fi\/wp-json\/wp\/v2\/product\/601","targetHints":{"allow":["GET"]}}],"collection":[{"href":"https:\/\/bybatt.com\/fi\/wp-json\/wp\/v2\/product"}],"about":[{"href":"https:\/\/bybatt.com\/fi\/wp-json\/wp\/v2\/types\/product"}],"wp:featuredmedia":[{"embeddable":true,"href":"https:\/\/bybatt.com\/fi\/wp-json\/wp\/v2\/media\/602"}],"wp:attachment":[{"href":"https:\/\/bybatt.com\/fi\/wp-json\/wp\/v2\/media?parent=601"}],"wp:term":[{"taxonomy":"product_cat","embeddable":true,"href":"https:\/\/bybatt.com\/fi\/wp-json\/wp\/v2\/product_cat?post=601"},{"taxonomy":"product_tag","embeddable":true,"href":"https:\/\/bybatt.com\/fi\/wp-json\/wp\/v2\/product_tag?post=601"}],"curies":[{"name":"wp","href":"https:\/\/api.w.org\/{rel}","templated":true}]}}