{"id":608,"date":"2023-02-20T04:38:46","date_gmt":"2023-02-20T04:38:46","guid":{"rendered":"https:\/\/bybatt.com\/?post_type=product&#038;p=608"},"modified":"2023-03-05T16:17:06","modified_gmt":"2023-03-05T16:17:06","slug":"24v-8ah-silverfish-ebike-battery-electric-bike-battery","status":"publish","type":"product","link":"https:\/\/bybatt.com\/fi\/tuote\/24v-8ah-silverfish-ebike-battery-electric-bike-battery\/","title":{"rendered":"24V 8Ah Silverfish Ebike Battery S\u00e4hk\u00f6py\u00f6r\u00e4n akku"},"content":{"rendered":"","protected":false},"excerpt":{"rendered":"<p>24V 8Ah Silverfish Ebike Battery on s\u00e4hk\u00f6py\u00f6r\u00e4n akku, joka on valmistettu 100% uusista Li-ion akkukennoista. Sen nimellisj\u00e4nnite on 24 V tai 36 V ja nimelliskapasiteetti 8 Ah, 10 Ah, 15 Ah tai 20 Ah valitusta konfiguraatiosta riippuen. Saatavilla olevat kokoonpanot ovat 7S4P, 7S6P tai 7S8P, ja k\u00e4ytetyt akkukennot ovat 18650 A-luokan kennoja.<br \/>\nAkun mukana tulee 15A BMS, joka soveltuu k\u00e4ytett\u00e4v\u00e4ksi 250W moottorin kanssa ja laturi, jonka teho on 29,4V 2A. Purkamisen katkaisuj\u00e4nnite on asetettu 19,6 V:iin ja akun koko on 425*77*85 mm ja paino 2,5 kg, 3 kg tai 3,8 kg valitusta konfiguraatiosta riippuen.<br \/>\nAkun k\u00e4ytt\u00f6ik\u00e4 on v\u00e4hint\u00e4\u00e4n 800 kertaa ja se voi toimia -10 - 45 celsiusasteen l\u00e4mp\u00f6tiloissa. Se sopii k\u00e4ytett\u00e4v\u00e4ksi s\u00e4hk\u00f6py\u00f6r\u00e4n akuna, k\u00e4ytett\u00e4v\u00e4ksi riksoissa, kolmipy\u00f6riss\u00e4 ja moottoripy\u00f6riss\u00e4. Akussa on ylilataussuoja, ylipurkaussuoja, ylivirtasuoja, oikosulkusuojaus ja vastussuoja.<br \/>\nLatausj\u00e4nnite on tasapainotettu yksikennolatausta varten, ja suurin jatkuva latausvirta ja suurin jatkuva purkausvirta riippuvat valitusta konfiguraatiosta. Kaiken kaikkiaan t\u00e4m\u00e4 akku on korkealaatuinen vaihtoehto niille, jotka haluavat k\u00e4ytt\u00e4\u00e4 s\u00e4hk\u00f6py\u00f6ri\u00e4 ja muita ajoneuvoja.<\/p>","protected":false},"featured_media":609,"template":"","meta":{"_kad_post_transparent":"default","_kad_post_title":"","_kad_post_layout":"default","_kad_post_sidebar_id":"","_kad_post_content_style":"default","_kad_post_vertical_padding":"default","_kad_post_feature":"","_kad_post_feature_position":"","_kad_post_header":false,"_kad_post_footer":false},"product_cat":[19,21],"product_tag":[365,52,41,366,364],"class_list":["post-608","product","type-product","status-publish","has-post-thumbnail","hentry","product_cat-custom-ebike-battery","product_cat-down-tube-ebike-battery","product_tag-24v-8ah-lithium-ion-batteries","product_tag-battery","product_tag-electric-bicycle-battery","product_tag-lithium-battery","product_tag-silverfish-ebike-battery","entry","content-bg","loop-entry"],"_links":{"self":[{"href":"https:\/\/bybatt.com\/fi\/wp-json\/wp\/v2\/product\/608","targetHints":{"allow":["GET"]}}],"collection":[{"href":"https:\/\/bybatt.com\/fi\/wp-json\/wp\/v2\/product"}],"about":[{"href":"https:\/\/bybatt.com\/fi\/wp-json\/wp\/v2\/types\/product"}],"wp:featuredmedia":[{"embeddable":true,"href":"https:\/\/bybatt.com\/fi\/wp-json\/wp\/v2\/media\/609"}],"wp:attachment":[{"href":"https:\/\/bybatt.com\/fi\/wp-json\/wp\/v2\/media?parent=608"}],"wp:term":[{"taxonomy":"product_cat","embeddable":true,"href":"https:\/\/bybatt.com\/fi\/wp-json\/wp\/v2\/product_cat?post=608"},{"taxonomy":"product_tag","embeddable":true,"href":"https:\/\/bybatt.com\/fi\/wp-json\/wp\/v2\/product_tag?post=608"}],"curies":[{"name":"wp","href":"https:\/\/api.w.org\/{rel}","templated":true}]}}