{"id":205,"date":"2023-02-15T13:30:02","date_gmt":"2023-02-15T13:30:02","guid":{"rendered":"https:\/\/bybatt.com\/?post_type=product&#038;p=205"},"modified":"2023-02-15T15:11:20","modified_gmt":"2023-02-15T15:11:20","slug":"rechargeable-36-volt-lithium-battery-for-electric-bike","status":"publish","type":"product","link":"https:\/\/bybatt.com\/fr\/produit\/rechargeable-36-volt-lithium-battery-for-electric-bike\/","title":{"rendered":"Batterie au lithium rechargeable de 36 volts pour v\u00e9lo \u00e9lectrique"},"content":{"rendered":"","protected":false},"excerpt":{"rendered":"<p>Pr\u00e9sentation de notre batterie lithium-ion rechargeable 36V, parfaite pour une gamme d&#039;applications. Avec une tension nominale de 36V et une tension de charge de 42,5V, cette batterie fournit une alimentation fiable et durable. Disponible en deux capacit\u00e9s nominales, 10,5 Ah et 17,5 Ah, cette batterie est adapt\u00e9e \u00e0 une large gamme de besoins.<br \/>\nLa batterie a un courant de charge standard de 4A et un courant de d\u00e9charge continu de 20A, avec un courant de d\u00e9charge de pointe de 25A. La tension de coupure de d\u00e9charge est de 27,5 V, assurant une d\u00e9charge s\u00fbre et fiable.<br \/>\nNotre batterie utilise une solution intelligente UART BMS, garantissant que toutes les cellules utilis\u00e9es sont 100% neuves. Il dispose \u00e9galement d&#039;une tension d&#039;\u00e9quilibre de tension de charge pour les cellules individuelles, ainsi que d&#039;une protection contre les surcharges, les d\u00e9charges excessives, les surintensit\u00e9s et les courts-circuits. La batterie est con\u00e7ue pour avoir une dur\u00e9e de vie de plus de 500 fois et est disponible en noir.<br \/>\nCette batterie est l\u00e9g\u00e8re, pesant environ 3 kg, ce qui la rend facile \u00e0 transporter et \u00e0 utiliser dans une gamme d&#039;applications. La m\u00e9thode de charge se fait via une alimentation\/chargeur CC, et la batterie a une plage de temp\u00e9rature de charge de 10\u00b0C \u00e0 45\u00b0C et une plage de temp\u00e9rature de d\u00e9charge de -20\u00b0C \u00e0 60\u00b0C.<br \/>\nChoisissez notre batterie lithium-ion rechargeable 36V pour une solution d&#039;alimentation fiable et performante qui r\u00e9pond \u00e0 tous vos besoins.<\/p>","protected":false},"featured_media":208,"template":"","meta":{"_kad_post_transparent":"default","_kad_post_title":"","_kad_post_layout":"default","_kad_post_sidebar_id":"","_kad_post_content_style":"default","_kad_post_vertical_padding":"default","_kad_post_feature":"","_kad_post_feature_position":"","_kad_post_header":false,"_kad_post_footer":false},"product_cat":[20,19],"product_tag":[38,43,44,41,40,42,39],"class_list":["post-205","product","type-product","status-publish","has-post-thumbnail","hentry","product_cat-smart-ebike-battery","product_cat-custom-ebike-battery","product_tag-36-volt-lithium-battery","product_tag-ebike-battery","product_tag-ebike-conversion-kit","product_tag-electric-bicycle-battery","product_tag-electric-bike-lithium-battery","product_tag-lithium-ion-battery","product_tag-rechargeable-lithium-battery","entry","content-bg","loop-entry"],"_links":{"self":[{"href":"https:\/\/bybatt.com\/fr\/wp-json\/wp\/v2\/product\/205","targetHints":{"allow":["GET"]}}],"collection":[{"href":"https:\/\/bybatt.com\/fr\/wp-json\/wp\/v2\/product"}],"about":[{"href":"https:\/\/bybatt.com\/fr\/wp-json\/wp\/v2\/types\/product"}],"wp:featuredmedia":[{"embeddable":true,"href":"https:\/\/bybatt.com\/fr\/wp-json\/wp\/v2\/media\/208"}],"wp:attachment":[{"href":"https:\/\/bybatt.com\/fr\/wp-json\/wp\/v2\/media?parent=205"}],"wp:term":[{"taxonomy":"product_cat","embeddable":true,"href":"https:\/\/bybatt.com\/fr\/wp-json\/wp\/v2\/product_cat?post=205"},{"taxonomy":"product_tag","embeddable":true,"href":"https:\/\/bybatt.com\/fr\/wp-json\/wp\/v2\/product_tag?post=205"}],"curies":[{"name":"wp","href":"https:\/\/api.w.org\/{rel}","templated":true}]}}