{"id":223,"date":"2023-02-16T03:51:27","date_gmt":"2023-02-16T03:51:27","guid":{"rendered":"https:\/\/bybatt.com\/?post_type=product&#038;p=223"},"modified":"2023-02-16T04:04:58","modified_gmt":"2023-02-16T04:04:58","slug":"original-xiaomi-no-9-36v-electric-scooter-lithium-battery","status":"publish","type":"product","link":"https:\/\/bybatt.com\/fr\/produit\/original-xiaomi-no-9-36v-electric-scooter-lithium-battery\/","title":{"rendered":"Batterie au lithium d&#039;origine pour scooter \u00e9lectrique Xiaomi No.9 36V"},"content":{"rendered":"","protected":false},"excerpt":{"rendered":"<p>Pr\u00e9sentation de la batterie au lithium pour scooter \u00e9lectrique Xiaomi n \u00b0 9, le compagnon id\u00e9al pour votre scooter \u00e9lectrique en fibre de carbone. Cette batterie est disponible en 24V, 36V et 48V avec une capacit\u00e9 de 4-12Ah. La taille du produit est personnalisable selon vos besoins.<br \/>\nLa batterie au lithium pour scooter \u00e9lectrique Xiaomi n \u00b0 9 est compos\u00e9e de toutes nouvelles batteries au lithium de puissance 18650 de qualit\u00e9 automobile de qualit\u00e9 A, connues pour leur fiabilit\u00e9 et leurs hautes performances. Il est assembl\u00e9 avec des cartes de protection IC import\u00e9es, garantissant qu&#039;il est s\u00fbr et s\u00e9curis\u00e9. Avant de quitter l&#039;usine, ce produit subit des tests de vieillissement pour s&#039;assurer qu&#039;il r\u00e9pond aux normes de qualit\u00e9 les plus \u00e9lev\u00e9es.<br \/>\nCette batterie est livr\u00e9e avec une garantie de 1 an pour les batteries domestiques et une garantie de 2 ans pour les batteries import\u00e9es. En plus de la batterie, ce produit comprend \u00e9galement tous les accessoires n\u00e9cessaires, tels que des documents, pour vous assurer que vous avez tout ce dont vous avez besoin pour commencer.<br \/>\nQue vous vous rendiez au travail ou que vous exploriez la ville, la batterie au lithium pour trottinette \u00e9lectrique Xiaomi n\u00b09 vous fournira la puissance et la fiabilit\u00e9 dont vous avez besoin pour vous rendre l\u00e0 o\u00f9 vous allez. Commandez maintenant et d\u00e9couvrez la commodit\u00e9 de ce produit original fabriqu\u00e9 en Chine\u00a0!<\/p>","protected":false},"featured_media":224,"template":"","meta":{"_kad_post_transparent":"default","_kad_post_title":"","_kad_post_layout":"default","_kad_post_sidebar_id":"","_kad_post_content_style":"default","_kad_post_vertical_padding":"default","_kad_post_feature":"","_kad_post_feature_position":"","_kad_post_header":false,"_kad_post_footer":false},"product_cat":[33],"product_tag":[48,52,51,47,46,50,49],"class_list":["post-223","product","type-product","status-publish","has-post-thumbnail","hentry","product_cat-custom-battery-pack","product_tag-36v-scooter-lithium-battery","product_tag-battery","product_tag-battery-electric-bike","product_tag-electric-scooter-lithium-battery","product_tag-original-xiaomi-lithium-battery","product_tag-xiaomi-ebike-battery","product_tag-xiaomi-no-9-lithium-battery","entry","content-bg","loop-entry"],"_links":{"self":[{"href":"https:\/\/bybatt.com\/fr\/wp-json\/wp\/v2\/product\/223","targetHints":{"allow":["GET"]}}],"collection":[{"href":"https:\/\/bybatt.com\/fr\/wp-json\/wp\/v2\/product"}],"about":[{"href":"https:\/\/bybatt.com\/fr\/wp-json\/wp\/v2\/types\/product"}],"wp:featuredmedia":[{"embeddable":true,"href":"https:\/\/bybatt.com\/fr\/wp-json\/wp\/v2\/media\/224"}],"wp:attachment":[{"href":"https:\/\/bybatt.com\/fr\/wp-json\/wp\/v2\/media?parent=223"}],"wp:term":[{"taxonomy":"product_cat","embeddable":true,"href":"https:\/\/bybatt.com\/fr\/wp-json\/wp\/v2\/product_cat?post=223"},{"taxonomy":"product_tag","embeddable":true,"href":"https:\/\/bybatt.com\/fr\/wp-json\/wp\/v2\/product_tag?post=223"}],"curies":[{"name":"wp","href":"https:\/\/api.w.org\/{rel}","templated":true}]}}