{"id":230,"date":"2023-02-16T04:08:07","date_gmt":"2023-02-16T04:08:07","guid":{"rendered":"https:\/\/bybatt.com\/?post_type=product&#038;p=230"},"modified":"2023-02-16T04:25:03","modified_gmt":"2023-02-16T04:25:03","slug":"8-5-inch-universal-original-battery-pack-for-xiaomi-scooter","status":"publish","type":"product","link":"https:\/\/bybatt.com\/fr\/produit\/8-5-inch-universal-original-battery-pack-for-xiaomi-scooter\/","title":{"rendered":"Batterie d&#039;origine universelle de 8,5 pouces pour scooter Xiaomi"},"content":{"rendered":"","protected":false},"excerpt":{"rendered":"<p>Pr\u00e9sentation de notre batterie d&#039;origine universelle de 8,5 pouces pour scooter Xiaomi M365! Avec une tension nominale de 36 V et une capacit\u00e9 de 7,5 \u00e0 10,4 A, cette batterie est dot\u00e9e d&#039;une marque de batterie domestique LG de haute qualit\u00e9 et est con\u00e7ue pour des vitesses naturelles de 30 \u00e0 40 n\u0153uds 10s3P. Avec un courant de sortie de 15 \u00e0 20 A et une puissance de 250 \u00e0 350 watts, vous pouvez vous attendre \u00e0 une autonomie de 25 \u00e0 50 kilom\u00e8tres avec une seule charge.<br \/>\nCette batterie est livr\u00e9e avec une puissance nominale du chargeur de 71 watts et une tension d&#039;entr\u00e9e nominale du chargeur de 100-240 V~, 50\/60 Hz. La tension limite de charge de la batterie est de 42 V et le temps de charge est d&#039;environ 4 heures.<br \/>\n\u00c9quip\u00e9 d&#039;un BMS intelligent, ce bloc-batterie offre une protection contre les anomalies de temp\u00e9rature\/court-circuit\/sous-tension\/sommeil automatique\/surintensit\u00e9\/double surcharge\/double surcharge, assurant votre s\u00e9curit\u00e9 lors de l&#039;utilisation de votre scooter.<br \/>\nMesurant 28,7 * 4 * 7 cm de long et pesant 1,8 kg, cette batterie est emball\u00e9e dans un seul carton d&#039;une taille de 65 * 10 * 10 cm et d&#039;un poids de 2 kg. Il est compatible uniquement avec la voiture d&#039;origine Xiaomi (avec communication) et couramment utilis\u00e9 dans les mod\u00e8les d&#039;origine Mi Pro, Pro2, 1S, M365 sur le march\u00e9. Am\u00e9liorez votre scooter Xiaomi M365 avec notre batterie de haute qualit\u00e9 d\u00e8s aujourd&#039;hui\u00a0!<\/p>","protected":false},"featured_media":231,"template":"","meta":{"_kad_post_transparent":"default","_kad_post_title":"","_kad_post_layout":"default","_kad_post_sidebar_id":"","_kad_post_content_style":"default","_kad_post_vertical_padding":"default","_kad_post_feature":"","_kad_post_feature_position":"","_kad_post_header":false,"_kad_post_footer":false},"product_cat":[33],"product_tag":[55,54,53,56,59,57,58],"class_list":["post-230","product","type-product","status-publish","has-post-thumbnail","hentry","product_cat-custom-battery-pack","product_tag-8-5-inch-universal-battery-pack","product_tag-original-xiaomi-scooter-battery-pack","product_tag-universal-original-battery-pack","product_tag-xiaomi-m365-scooter-battery-pack","product_tag-xiaomi-mi-1s-scooter-battery-pack","product_tag-xiaomi-mi-pro-scooter-battery-pack","product_tag-xiaomi-mi-pro2-scooter-battery-pack","entry","content-bg","loop-entry"],"_links":{"self":[{"href":"https:\/\/bybatt.com\/fr\/wp-json\/wp\/v2\/product\/230","targetHints":{"allow":["GET"]}}],"collection":[{"href":"https:\/\/bybatt.com\/fr\/wp-json\/wp\/v2\/product"}],"about":[{"href":"https:\/\/bybatt.com\/fr\/wp-json\/wp\/v2\/types\/product"}],"wp:featuredmedia":[{"embeddable":true,"href":"https:\/\/bybatt.com\/fr\/wp-json\/wp\/v2\/media\/231"}],"wp:attachment":[{"href":"https:\/\/bybatt.com\/fr\/wp-json\/wp\/v2\/media?parent=230"}],"wp:term":[{"taxonomy":"product_cat","embeddable":true,"href":"https:\/\/bybatt.com\/fr\/wp-json\/wp\/v2\/product_cat?post=230"},{"taxonomy":"product_tag","embeddable":true,"href":"https:\/\/bybatt.com\/fr\/wp-json\/wp\/v2\/product_tag?post=230"}],"curies":[{"name":"wp","href":"https:\/\/api.w.org\/{rel}","templated":true}]}}